{"id":22703,"date":"2025-05-13T11:52:43","date_gmt":"2025-05-13T11:52:43","guid":{"rendered":"https:\/\/www.bioanalyt.com\/product\/icheck-iron-appareil\/"},"modified":"2025-05-13T11:52:43","modified_gmt":"2025-05-13T11:52:43","slug":"icheck-iron-appareil","status":"publish","type":"product","link":"https:\/\/www.bioanalyt.com\/fr\/product\/icheck-iron-appareil\/","title":{"rendered":"iCheck Iron &#8211; Appareil"},"content":{"rendered":"","protected":false},"excerpt":{"rendered":"<p>iCheck Iron mesure le fer dans les aliments<\/p>\n","protected":false},"author":1,"featured_media":19314,"comment_status":"open","ping_status":"closed","template":"","meta":{"_acf_changed":false,"inline_featured_image":false,"footnotes":""},"product_brand":[],"product_cat":[603],"product_tag":[],"class_list":{"0":"post-22703","1":"product","2":"type-product","3":"status-publish","4":"has-post-thumbnail","6":"product_cat-icheck-devices","8":"first","9":"instock","10":"shipping-taxable","11":"product-type-simple"},"acf":[],"yoast_head":"<!-- This site is optimized with the Yoast SEO plugin v25.5 - https:\/\/yoast.com\/wordpress\/plugins\/seo\/ -->\n<title>iCheck Iron - Appareil - Bioanalyt<\/title>\n<meta name=\"description\" content=\"iCheck Iron by BioAnalyt - kit de test photom\u00e9trique rapide et portable pour la mesure quantitative du fer total et ajout\u00e9 (y compris NaFeEDTA) dans la farine, les pr\u00e9m\u00e9langes et les v\u00e9hicules alimentaires. Il fournit des r\u00e9sultats rapides, de qualit\u00e9 laboratoire, en quelques minutes, ce qui permet un contr\u00f4le de qualit\u00e9 sur site et une surveillance de la conformit\u00e9.\" \/>\n<meta name=\"robots\" content=\"noindex, nofollow\" \/>\n<meta property=\"og:locale\" content=\"fr_FR\" \/>\n<meta property=\"og:type\" content=\"article\" \/>\n<meta property=\"og:title\" content=\"iCheck Iron - Appareil - Bioanalyt\" \/>\n<meta property=\"og:description\" content=\"iCheck Iron by BioAnalyt - kit de test photom\u00e9trique rapide et portable pour la mesure quantitative du fer total et ajout\u00e9 (y compris NaFeEDTA) dans la farine, les pr\u00e9m\u00e9langes et les v\u00e9hicules alimentaires. Il fournit des r\u00e9sultats rapides, de qualit\u00e9 laboratoire, en quelques minutes, ce qui permet un contr\u00f4le de qualit\u00e9 sur site et une surveillance de la conformit\u00e9.\" \/>\n<meta property=\"og:url\" content=\"https:\/\/www.bioanalyt.com\/fr\/product\/icheck-iron-appareil\/\" \/>\n<meta property=\"og:site_name\" content=\"Bioanalyt\" \/>\n<meta property=\"og:image\" content=\"https:\/\/www.bioanalyt.com\/wp-content\/uploads\/2024\/11\/Iron-Case-Back-Cut-out.png\" \/>\n\t<meta property=\"og:image:width\" content=\"340\" \/>\n\t<meta property=\"og:image:height\" content=\"258\" \/>\n\t<meta property=\"og:image:type\" content=\"image\/png\" \/>\n<meta name=\"twitter:card\" content=\"summary_large_image\" \/>\n<script type=\"application\/ld+json\" class=\"yoast-schema-graph\">{\"@context\":\"https:\/\/schema.org\",\"@graph\":[{\"@type\":\"WebPage\",\"@id\":\"https:\/\/www.bioanalyt.com\/fr\/product\/icheck-iron-appareil\/\",\"url\":\"https:\/\/www.bioanalyt.com\/fr\/product\/icheck-iron-appareil\/\",\"name\":\"iCheck Iron - Appareil - Bioanalyt\",\"isPartOf\":{\"@id\":\"https:\/\/www.bioanalyt.com\/#website\"},\"primaryImageOfPage\":{\"@id\":\"https:\/\/www.bioanalyt.com\/fr\/product\/icheck-iron-appareil\/#primaryimage\"},\"image\":{\"@id\":\"https:\/\/www.bioanalyt.com\/fr\/product\/icheck-iron-appareil\/#primaryimage\"},\"thumbnailUrl\":\"https:\/\/www.bioanalyt.com\/wp-content\/uploads\/2024\/11\/Iron-Case-Back-Cut-out.png\",\"datePublished\":\"2025-05-13T11:52:43+00:00\",\"description\":\"iCheck Iron by BioAnalyt - kit de test photom\u00e9trique rapide et portable pour la mesure quantitative du fer total et ajout\u00e9 (y compris NaFeEDTA) dans la farine, les pr\u00e9m\u00e9langes et les v\u00e9hicules alimentaires. Il fournit des r\u00e9sultats rapides, de qualit\u00e9 laboratoire, en quelques minutes, ce qui permet un contr\u00f4le de qualit\u00e9 sur site et une surveillance de la conformit\u00e9.\",\"breadcrumb\":{\"@id\":\"https:\/\/www.bioanalyt.com\/fr\/product\/icheck-iron-appareil\/#breadcrumb\"},\"inLanguage\":\"fr-FR\",\"potentialAction\":[{\"@type\":\"ReadAction\",\"target\":[\"https:\/\/www.bioanalyt.com\/fr\/product\/icheck-iron-appareil\/\"]}]},{\"@type\":\"ImageObject\",\"inLanguage\":\"fr-FR\",\"@id\":\"https:\/\/www.bioanalyt.com\/fr\/product\/icheck-iron-appareil\/#primaryimage\",\"url\":\"https:\/\/www.bioanalyt.com\/wp-content\/uploads\/2024\/11\/Iron-Case-Back-Cut-out.png\",\"contentUrl\":\"https:\/\/www.bioanalyt.com\/wp-content\/uploads\/2024\/11\/Iron-Case-Back-Cut-out.png\",\"width\":340,\"height\":258,\"caption\":\"iCheck Iron\"},{\"@type\":\"BreadcrumbList\",\"@id\":\"https:\/\/www.bioanalyt.com\/fr\/product\/icheck-iron-appareil\/#breadcrumb\",\"itemListElement\":[{\"@type\":\"ListItem\",\"position\":1,\"name\":\"Home\",\"item\":\"https:\/\/www.bioanalyt.com\/fr\/\"},{\"@type\":\"ListItem\",\"position\":2,\"name\":\"iCheck Iron &#8211; Appareil\"}]},{\"@type\":\"WebSite\",\"@id\":\"https:\/\/www.bioanalyt.com\/#website\",\"url\":\"https:\/\/www.bioanalyt.com\/\",\"name\":\"Bioanalyt\",\"description\":\"Measure for life\",\"publisher\":{\"@id\":\"https:\/\/www.bioanalyt.com\/#organization\"},\"potentialAction\":[{\"@type\":\"SearchAction\",\"target\":{\"@type\":\"EntryPoint\",\"urlTemplate\":\"https:\/\/www.bioanalyt.com\/?s={search_term_string}\"},\"query-input\":{\"@type\":\"PropertyValueSpecification\",\"valueRequired\":true,\"valueName\":\"search_term_string\"}}],\"inLanguage\":\"fr-FR\"},{\"@type\":\"Organization\",\"@id\":\"https:\/\/www.bioanalyt.com\/#organization\",\"name\":\"Bioanalyt\",\"url\":\"https:\/\/www.bioanalyt.com\/\",\"logo\":{\"@type\":\"ImageObject\",\"inLanguage\":\"fr-FR\",\"@id\":\"https:\/\/www.bioanalyt.com\/#\/schema\/logo\/image\/\",\"url\":\"https:\/\/www.bioanalyt.com\/wp-content\/uploads\/2024\/09\/Logo-Horizontal.svg\",\"contentUrl\":\"https:\/\/www.bioanalyt.com\/wp-content\/uploads\/2024\/09\/Logo-Horizontal.svg\",\"width\":112,\"height\":64,\"caption\":\"Bioanalyt\"},\"image\":{\"@id\":\"https:\/\/www.bioanalyt.com\/#\/schema\/logo\/image\/\"},\"sameAs\":[\"https:\/\/www.linkedin.com\/company\/bioanalyt\/\",\"https:\/\/www.youtube.com\/user\/BioAnalyt\"]}]}<\/script>\n<!-- \/ Yoast SEO plugin. -->","yoast_head_json":{"title":"iCheck Iron - Appareil - Bioanalyt","description":"iCheck Iron by BioAnalyt - kit de test photom\u00e9trique rapide et portable pour la mesure quantitative du fer total et ajout\u00e9 (y compris NaFeEDTA) dans la farine, les pr\u00e9m\u00e9langes et les v\u00e9hicules alimentaires. Il fournit des r\u00e9sultats rapides, de qualit\u00e9 laboratoire, en quelques minutes, ce qui permet un contr\u00f4le de qualit\u00e9 sur site et une surveillance de la conformit\u00e9.","robots":{"index":"noindex","follow":"nofollow"},"og_locale":"fr_FR","og_type":"article","og_title":"iCheck Iron - Appareil - Bioanalyt","og_description":"iCheck Iron by BioAnalyt - kit de test photom\u00e9trique rapide et portable pour la mesure quantitative du fer total et ajout\u00e9 (y compris NaFeEDTA) dans la farine, les pr\u00e9m\u00e9langes et les v\u00e9hicules alimentaires. Il fournit des r\u00e9sultats rapides, de qualit\u00e9 laboratoire, en quelques minutes, ce qui permet un contr\u00f4le de qualit\u00e9 sur site et une surveillance de la conformit\u00e9.","og_url":"https:\/\/www.bioanalyt.com\/fr\/product\/icheck-iron-appareil\/","og_site_name":"Bioanalyt","og_image":[{"width":340,"height":258,"url":"https:\/\/www.bioanalyt.com\/wp-content\/uploads\/2024\/11\/Iron-Case-Back-Cut-out.png","type":"image\/png"}],"twitter_card":"summary_large_image","schema":{"@context":"https:\/\/schema.org","@graph":[{"@type":"WebPage","@id":"https:\/\/www.bioanalyt.com\/fr\/product\/icheck-iron-appareil\/","url":"https:\/\/www.bioanalyt.com\/fr\/product\/icheck-iron-appareil\/","name":"iCheck Iron - Appareil - Bioanalyt","isPartOf":{"@id":"https:\/\/www.bioanalyt.com\/#website"},"primaryImageOfPage":{"@id":"https:\/\/www.bioanalyt.com\/fr\/product\/icheck-iron-appareil\/#primaryimage"},"image":{"@id":"https:\/\/www.bioanalyt.com\/fr\/product\/icheck-iron-appareil\/#primaryimage"},"thumbnailUrl":"https:\/\/www.bioanalyt.com\/wp-content\/uploads\/2024\/11\/Iron-Case-Back-Cut-out.png","datePublished":"2025-05-13T11:52:43+00:00","description":"iCheck Iron by BioAnalyt - kit de test photom\u00e9trique rapide et portable pour la mesure quantitative du fer total et ajout\u00e9 (y compris NaFeEDTA) dans la farine, les pr\u00e9m\u00e9langes et les v\u00e9hicules alimentaires. Il fournit des r\u00e9sultats rapides, de qualit\u00e9 laboratoire, en quelques minutes, ce qui permet un contr\u00f4le de qualit\u00e9 sur site et une surveillance de la conformit\u00e9.","breadcrumb":{"@id":"https:\/\/www.bioanalyt.com\/fr\/product\/icheck-iron-appareil\/#breadcrumb"},"inLanguage":"fr-FR","potentialAction":[{"@type":"ReadAction","target":["https:\/\/www.bioanalyt.com\/fr\/product\/icheck-iron-appareil\/"]}]},{"@type":"ImageObject","inLanguage":"fr-FR","@id":"https:\/\/www.bioanalyt.com\/fr\/product\/icheck-iron-appareil\/#primaryimage","url":"https:\/\/www.bioanalyt.com\/wp-content\/uploads\/2024\/11\/Iron-Case-Back-Cut-out.png","contentUrl":"https:\/\/www.bioanalyt.com\/wp-content\/uploads\/2024\/11\/Iron-Case-Back-Cut-out.png","width":340,"height":258,"caption":"iCheck Iron"},{"@type":"BreadcrumbList","@id":"https:\/\/www.bioanalyt.com\/fr\/product\/icheck-iron-appareil\/#breadcrumb","itemListElement":[{"@type":"ListItem","position":1,"name":"Home","item":"https:\/\/www.bioanalyt.com\/fr\/"},{"@type":"ListItem","position":2,"name":"iCheck Iron &#8211; Appareil"}]},{"@type":"WebSite","@id":"https:\/\/www.bioanalyt.com\/#website","url":"https:\/\/www.bioanalyt.com\/","name":"Bioanalyt","description":"Measure for life","publisher":{"@id":"https:\/\/www.bioanalyt.com\/#organization"},"potentialAction":[{"@type":"SearchAction","target":{"@type":"EntryPoint","urlTemplate":"https:\/\/www.bioanalyt.com\/?s={search_term_string}"},"query-input":{"@type":"PropertyValueSpecification","valueRequired":true,"valueName":"search_term_string"}}],"inLanguage":"fr-FR"},{"@type":"Organization","@id":"https:\/\/www.bioanalyt.com\/#organization","name":"Bioanalyt","url":"https:\/\/www.bioanalyt.com\/","logo":{"@type":"ImageObject","inLanguage":"fr-FR","@id":"https:\/\/www.bioanalyt.com\/#\/schema\/logo\/image\/","url":"https:\/\/www.bioanalyt.com\/wp-content\/uploads\/2024\/09\/Logo-Horizontal.svg","contentUrl":"https:\/\/www.bioanalyt.com\/wp-content\/uploads\/2024\/09\/Logo-Horizontal.svg","width":112,"height":64,"caption":"Bioanalyt"},"image":{"@id":"https:\/\/www.bioanalyt.com\/#\/schema\/logo\/image\/"},"sameAs":["https:\/\/www.linkedin.com\/company\/bioanalyt\/","https:\/\/www.youtube.com\/user\/BioAnalyt"]}]}},"_links":{"self":[{"href":"https:\/\/www.bioanalyt.com\/fr\/wp-json\/wp\/v2\/product\/22703","targetHints":{"allow":["GET"]}}],"collection":[{"href":"https:\/\/www.bioanalyt.com\/fr\/wp-json\/wp\/v2\/product"}],"about":[{"href":"https:\/\/www.bioanalyt.com\/fr\/wp-json\/wp\/v2\/types\/product"}],"author":[{"embeddable":true,"href":"https:\/\/www.bioanalyt.com\/fr\/wp-json\/wp\/v2\/users\/1"}],"replies":[{"embeddable":true,"href":"https:\/\/www.bioanalyt.com\/fr\/wp-json\/wp\/v2\/comments?post=22703"}],"version-history":[{"count":0,"href":"https:\/\/www.bioanalyt.com\/fr\/wp-json\/wp\/v2\/product\/22703\/revisions"}],"wp:featuredmedia":[{"embeddable":true,"href":"https:\/\/www.bioanalyt.com\/fr\/wp-json\/wp\/v2\/media\/19314"}],"wp:attachment":[{"href":"https:\/\/www.bioanalyt.com\/fr\/wp-json\/wp\/v2\/media?parent=22703"}],"wp:term":[{"taxonomy":"product_brand","embeddable":true,"href":"https:\/\/www.bioanalyt.com\/fr\/wp-json\/wp\/v2\/product_brand?post=22703"},{"taxonomy":"product_cat","embeddable":true,"href":"https:\/\/www.bioanalyt.com\/fr\/wp-json\/wp\/v2\/product_cat?post=22703"},{"taxonomy":"product_tag","embeddable":true,"href":"https:\/\/www.bioanalyt.com\/fr\/wp-json\/wp\/v2\/product_tag?post=22703"}],"curies":[{"name":"wp","href":"https:\/\/api.w.org\/{rel}","templated":true}]}}