{"id":22702,"date":"2025-05-13T12:00:18","date_gmt":"2025-05-13T12:00:18","guid":{"rendered":"https:\/\/www.bioanalyt.com\/product\/icheck-carotene-appareil\/"},"modified":"2025-05-13T12:00:18","modified_gmt":"2025-05-13T12:00:18","slug":"icheck-carotene-appareil","status":"publish","type":"product","link":"https:\/\/www.bioanalyt.com\/fr\/product\/icheck-carotene-appareil\/","title":{"rendered":"iCheck Carotene &#8211; Appareil"},"content":{"rendered":"","protected":false},"excerpt":{"rendered":"<p>iCheck Carotene mesure les carot\u00e9no\u00efdes totaux dans les aliments et les \u00e9chantillons biologiques.<\/p>\n","protected":false},"author":1,"featured_media":19265,"comment_status":"open","ping_status":"closed","template":"","meta":{"_acf_changed":false,"inline_featured_image":false,"footnotes":""},"product_brand":[],"product_cat":[603],"product_tag":[],"class_list":{"0":"post-22702","1":"product","2":"type-product","3":"status-publish","4":"has-post-thumbnail","6":"product_cat-icheck-devices","8":"first","9":"instock","10":"shipping-taxable","11":"product-type-simple"},"acf":[],"yoast_head":"<!-- This site is optimized with the Yoast SEO plugin v25.5 - https:\/\/yoast.com\/wordpress\/plugins\/seo\/ -->\n<title>iCheck Carotene - Appareil - Bioanalyt<\/title>\n<meta name=\"description\" content=\"iCheck Carotene de BioAnalyt - un photom\u00e8tre compact et portable pour la mesure rapide \u00e0 la ferme du \u03b2-carot\u00e8ne (pro-vitamine A) dans les \u00e9chantillons biologiques, les aliments pour animaux, le lait et les mati\u00e8res v\u00e9g\u00e9tales. Pr\u00e9cision de qualit\u00e9 laboratoire en quelques minutes ; id\u00e9al pour la fertilit\u00e9 des troupeaux, la surveillance de la nutrition et le contr\u00f4le de la qualit\u00e9.\" \/>\n<meta name=\"robots\" content=\"noindex, nofollow\" \/>\n<meta property=\"og:locale\" content=\"fr_FR\" \/>\n<meta property=\"og:type\" content=\"article\" \/>\n<meta property=\"og:title\" content=\"iCheck Carotene - Appareil - Bioanalyt\" \/>\n<meta property=\"og:description\" content=\"iCheck Carotene de BioAnalyt - un photom\u00e8tre compact et portable pour la mesure rapide \u00e0 la ferme du \u03b2-carot\u00e8ne (pro-vitamine A) dans les \u00e9chantillons biologiques, les aliments pour animaux, le lait et les mati\u00e8res v\u00e9g\u00e9tales. Pr\u00e9cision de qualit\u00e9 laboratoire en quelques minutes ; id\u00e9al pour la fertilit\u00e9 des troupeaux, la surveillance de la nutrition et le contr\u00f4le de la qualit\u00e9.\" \/>\n<meta property=\"og:url\" content=\"https:\/\/www.bioanalyt.com\/fr\/product\/icheck-carotene-appareil\/\" \/>\n<meta property=\"og:site_name\" content=\"Bioanalyt\" \/>\n<meta property=\"og:image\" content=\"https:\/\/www.bioanalyt.com\/wp-content\/uploads\/2024\/11\/icheck-carotene-image.png\" \/>\n\t<meta property=\"og:image:width\" content=\"338\" \/>\n\t<meta property=\"og:image:height\" content=\"258\" \/>\n\t<meta property=\"og:image:type\" content=\"image\/png\" \/>\n<meta name=\"twitter:card\" content=\"summary_large_image\" \/>\n<script type=\"application\/ld+json\" class=\"yoast-schema-graph\">{\"@context\":\"https:\/\/schema.org\",\"@graph\":[{\"@type\":\"WebPage\",\"@id\":\"https:\/\/www.bioanalyt.com\/fr\/product\/icheck-carotene-appareil\/\",\"url\":\"https:\/\/www.bioanalyt.com\/fr\/product\/icheck-carotene-appareil\/\",\"name\":\"iCheck Carotene - Appareil - Bioanalyt\",\"isPartOf\":{\"@id\":\"https:\/\/www.bioanalyt.com\/#website\"},\"primaryImageOfPage\":{\"@id\":\"https:\/\/www.bioanalyt.com\/fr\/product\/icheck-carotene-appareil\/#primaryimage\"},\"image\":{\"@id\":\"https:\/\/www.bioanalyt.com\/fr\/product\/icheck-carotene-appareil\/#primaryimage\"},\"thumbnailUrl\":\"https:\/\/www.bioanalyt.com\/wp-content\/uploads\/2024\/11\/icheck-carotene-image.png\",\"datePublished\":\"2025-05-13T12:00:18+00:00\",\"description\":\"iCheck Carotene de BioAnalyt - un photom\u00e8tre compact et portable pour la mesure rapide \u00e0 la ferme du \u03b2-carot\u00e8ne (pro-vitamine A) dans les \u00e9chantillons biologiques, les aliments pour animaux, le lait et les mati\u00e8res v\u00e9g\u00e9tales. Pr\u00e9cision de qualit\u00e9 laboratoire en quelques minutes ; id\u00e9al pour la fertilit\u00e9 des troupeaux, la surveillance de la nutrition et le contr\u00f4le de la qualit\u00e9.\",\"breadcrumb\":{\"@id\":\"https:\/\/www.bioanalyt.com\/fr\/product\/icheck-carotene-appareil\/#breadcrumb\"},\"inLanguage\":\"fr-FR\",\"potentialAction\":[{\"@type\":\"ReadAction\",\"target\":[\"https:\/\/www.bioanalyt.com\/fr\/product\/icheck-carotene-appareil\/\"]}]},{\"@type\":\"ImageObject\",\"inLanguage\":\"fr-FR\",\"@id\":\"https:\/\/www.bioanalyt.com\/fr\/product\/icheck-carotene-appareil\/#primaryimage\",\"url\":\"https:\/\/www.bioanalyt.com\/wp-content\/uploads\/2024\/11\/icheck-carotene-image.png\",\"contentUrl\":\"https:\/\/www.bioanalyt.com\/wp-content\/uploads\/2024\/11\/icheck-carotene-image.png\",\"width\":338,\"height\":258,\"caption\":\"iCheck Carotene\"},{\"@type\":\"BreadcrumbList\",\"@id\":\"https:\/\/www.bioanalyt.com\/fr\/product\/icheck-carotene-appareil\/#breadcrumb\",\"itemListElement\":[{\"@type\":\"ListItem\",\"position\":1,\"name\":\"Home\",\"item\":\"https:\/\/www.bioanalyt.com\/fr\/\"},{\"@type\":\"ListItem\",\"position\":2,\"name\":\"iCheck Carotene &#8211; Appareil\"}]},{\"@type\":\"WebSite\",\"@id\":\"https:\/\/www.bioanalyt.com\/#website\",\"url\":\"https:\/\/www.bioanalyt.com\/\",\"name\":\"Bioanalyt\",\"description\":\"Measure for life\",\"publisher\":{\"@id\":\"https:\/\/www.bioanalyt.com\/#organization\"},\"potentialAction\":[{\"@type\":\"SearchAction\",\"target\":{\"@type\":\"EntryPoint\",\"urlTemplate\":\"https:\/\/www.bioanalyt.com\/?s={search_term_string}\"},\"query-input\":{\"@type\":\"PropertyValueSpecification\",\"valueRequired\":true,\"valueName\":\"search_term_string\"}}],\"inLanguage\":\"fr-FR\"},{\"@type\":\"Organization\",\"@id\":\"https:\/\/www.bioanalyt.com\/#organization\",\"name\":\"Bioanalyt\",\"url\":\"https:\/\/www.bioanalyt.com\/\",\"logo\":{\"@type\":\"ImageObject\",\"inLanguage\":\"fr-FR\",\"@id\":\"https:\/\/www.bioanalyt.com\/#\/schema\/logo\/image\/\",\"url\":\"https:\/\/www.bioanalyt.com\/wp-content\/uploads\/2024\/09\/Logo-Horizontal.svg\",\"contentUrl\":\"https:\/\/www.bioanalyt.com\/wp-content\/uploads\/2024\/09\/Logo-Horizontal.svg\",\"width\":112,\"height\":64,\"caption\":\"Bioanalyt\"},\"image\":{\"@id\":\"https:\/\/www.bioanalyt.com\/#\/schema\/logo\/image\/\"},\"sameAs\":[\"https:\/\/www.linkedin.com\/company\/bioanalyt\/\",\"https:\/\/www.youtube.com\/user\/BioAnalyt\"]}]}<\/script>\n<!-- \/ Yoast SEO plugin. -->","yoast_head_json":{"title":"iCheck Carotene - Appareil - Bioanalyt","description":"iCheck Carotene de BioAnalyt - un photom\u00e8tre compact et portable pour la mesure rapide \u00e0 la ferme du \u03b2-carot\u00e8ne (pro-vitamine A) dans les \u00e9chantillons biologiques, les aliments pour animaux, le lait et les mati\u00e8res v\u00e9g\u00e9tales. Pr\u00e9cision de qualit\u00e9 laboratoire en quelques minutes ; id\u00e9al pour la fertilit\u00e9 des troupeaux, la surveillance de la nutrition et le contr\u00f4le de la qualit\u00e9.","robots":{"index":"noindex","follow":"nofollow"},"og_locale":"fr_FR","og_type":"article","og_title":"iCheck Carotene - Appareil - Bioanalyt","og_description":"iCheck Carotene de BioAnalyt - un photom\u00e8tre compact et portable pour la mesure rapide \u00e0 la ferme du \u03b2-carot\u00e8ne (pro-vitamine A) dans les \u00e9chantillons biologiques, les aliments pour animaux, le lait et les mati\u00e8res v\u00e9g\u00e9tales. Pr\u00e9cision de qualit\u00e9 laboratoire en quelques minutes ; id\u00e9al pour la fertilit\u00e9 des troupeaux, la surveillance de la nutrition et le contr\u00f4le de la qualit\u00e9.","og_url":"https:\/\/www.bioanalyt.com\/fr\/product\/icheck-carotene-appareil\/","og_site_name":"Bioanalyt","og_image":[{"width":338,"height":258,"url":"https:\/\/www.bioanalyt.com\/wp-content\/uploads\/2024\/11\/icheck-carotene-image.png","type":"image\/png"}],"twitter_card":"summary_large_image","schema":{"@context":"https:\/\/schema.org","@graph":[{"@type":"WebPage","@id":"https:\/\/www.bioanalyt.com\/fr\/product\/icheck-carotene-appareil\/","url":"https:\/\/www.bioanalyt.com\/fr\/product\/icheck-carotene-appareil\/","name":"iCheck Carotene - Appareil - Bioanalyt","isPartOf":{"@id":"https:\/\/www.bioanalyt.com\/#website"},"primaryImageOfPage":{"@id":"https:\/\/www.bioanalyt.com\/fr\/product\/icheck-carotene-appareil\/#primaryimage"},"image":{"@id":"https:\/\/www.bioanalyt.com\/fr\/product\/icheck-carotene-appareil\/#primaryimage"},"thumbnailUrl":"https:\/\/www.bioanalyt.com\/wp-content\/uploads\/2024\/11\/icheck-carotene-image.png","datePublished":"2025-05-13T12:00:18+00:00","description":"iCheck Carotene de BioAnalyt - un photom\u00e8tre compact et portable pour la mesure rapide \u00e0 la ferme du \u03b2-carot\u00e8ne (pro-vitamine A) dans les \u00e9chantillons biologiques, les aliments pour animaux, le lait et les mati\u00e8res v\u00e9g\u00e9tales. Pr\u00e9cision de qualit\u00e9 laboratoire en quelques minutes ; id\u00e9al pour la fertilit\u00e9 des troupeaux, la surveillance de la nutrition et le contr\u00f4le de la qualit\u00e9.","breadcrumb":{"@id":"https:\/\/www.bioanalyt.com\/fr\/product\/icheck-carotene-appareil\/#breadcrumb"},"inLanguage":"fr-FR","potentialAction":[{"@type":"ReadAction","target":["https:\/\/www.bioanalyt.com\/fr\/product\/icheck-carotene-appareil\/"]}]},{"@type":"ImageObject","inLanguage":"fr-FR","@id":"https:\/\/www.bioanalyt.com\/fr\/product\/icheck-carotene-appareil\/#primaryimage","url":"https:\/\/www.bioanalyt.com\/wp-content\/uploads\/2024\/11\/icheck-carotene-image.png","contentUrl":"https:\/\/www.bioanalyt.com\/wp-content\/uploads\/2024\/11\/icheck-carotene-image.png","width":338,"height":258,"caption":"iCheck Carotene"},{"@type":"BreadcrumbList","@id":"https:\/\/www.bioanalyt.com\/fr\/product\/icheck-carotene-appareil\/#breadcrumb","itemListElement":[{"@type":"ListItem","position":1,"name":"Home","item":"https:\/\/www.bioanalyt.com\/fr\/"},{"@type":"ListItem","position":2,"name":"iCheck Carotene &#8211; Appareil"}]},{"@type":"WebSite","@id":"https:\/\/www.bioanalyt.com\/#website","url":"https:\/\/www.bioanalyt.com\/","name":"Bioanalyt","description":"Measure for life","publisher":{"@id":"https:\/\/www.bioanalyt.com\/#organization"},"potentialAction":[{"@type":"SearchAction","target":{"@type":"EntryPoint","urlTemplate":"https:\/\/www.bioanalyt.com\/?s={search_term_string}"},"query-input":{"@type":"PropertyValueSpecification","valueRequired":true,"valueName":"search_term_string"}}],"inLanguage":"fr-FR"},{"@type":"Organization","@id":"https:\/\/www.bioanalyt.com\/#organization","name":"Bioanalyt","url":"https:\/\/www.bioanalyt.com\/","logo":{"@type":"ImageObject","inLanguage":"fr-FR","@id":"https:\/\/www.bioanalyt.com\/#\/schema\/logo\/image\/","url":"https:\/\/www.bioanalyt.com\/wp-content\/uploads\/2024\/09\/Logo-Horizontal.svg","contentUrl":"https:\/\/www.bioanalyt.com\/wp-content\/uploads\/2024\/09\/Logo-Horizontal.svg","width":112,"height":64,"caption":"Bioanalyt"},"image":{"@id":"https:\/\/www.bioanalyt.com\/#\/schema\/logo\/image\/"},"sameAs":["https:\/\/www.linkedin.com\/company\/bioanalyt\/","https:\/\/www.youtube.com\/user\/BioAnalyt"]}]}},"_links":{"self":[{"href":"https:\/\/www.bioanalyt.com\/fr\/wp-json\/wp\/v2\/product\/22702","targetHints":{"allow":["GET"]}}],"collection":[{"href":"https:\/\/www.bioanalyt.com\/fr\/wp-json\/wp\/v2\/product"}],"about":[{"href":"https:\/\/www.bioanalyt.com\/fr\/wp-json\/wp\/v2\/types\/product"}],"author":[{"embeddable":true,"href":"https:\/\/www.bioanalyt.com\/fr\/wp-json\/wp\/v2\/users\/1"}],"replies":[{"embeddable":true,"href":"https:\/\/www.bioanalyt.com\/fr\/wp-json\/wp\/v2\/comments?post=22702"}],"version-history":[{"count":0,"href":"https:\/\/www.bioanalyt.com\/fr\/wp-json\/wp\/v2\/product\/22702\/revisions"}],"wp:featuredmedia":[{"embeddable":true,"href":"https:\/\/www.bioanalyt.com\/fr\/wp-json\/wp\/v2\/media\/19265"}],"wp:attachment":[{"href":"https:\/\/www.bioanalyt.com\/fr\/wp-json\/wp\/v2\/media?parent=22702"}],"wp:term":[{"taxonomy":"product_brand","embeddable":true,"href":"https:\/\/www.bioanalyt.com\/fr\/wp-json\/wp\/v2\/product_brand?post=22702"},{"taxonomy":"product_cat","embeddable":true,"href":"https:\/\/www.bioanalyt.com\/fr\/wp-json\/wp\/v2\/product_cat?post=22702"},{"taxonomy":"product_tag","embeddable":true,"href":"https:\/\/www.bioanalyt.com\/fr\/wp-json\/wp\/v2\/product_tag?post=22702"}],"curies":[{"name":"wp","href":"https:\/\/api.w.org\/{rel}","templated":true}]}}