{"id":22699,"date":"2025-05-13T11:50:42","date_gmt":"2025-05-13T11:50:42","guid":{"rendered":"https:\/\/www.bioanalyt.com\/product\/icheck-fluoro-dispositif\/"},"modified":"2025-05-13T11:50:42","modified_gmt":"2025-05-13T11:50:42","slug":"icheck-fluoro-dispositif","status":"publish","type":"product","link":"https:\/\/www.bioanalyt.com\/fr\/product\/icheck-fluoro-dispositif\/","title":{"rendered":"iCheck Fluoro &#8211; Dispositif"},"content":{"rendered":"","protected":false},"excerpt":{"rendered":"<p>iCheck Fluoro mesure la vitamine A dans les aliments et les \u00e9chantillons biologiques<\/p>\n","protected":false},"author":1,"featured_media":19310,"comment_status":"open","ping_status":"closed","template":"","meta":{"_acf_changed":false,"inline_featured_image":false,"footnotes":""},"product_brand":[],"product_cat":[603],"product_tag":[],"class_list":{"0":"post-22699","1":"product","2":"type-product","3":"status-publish","4":"has-post-thumbnail","6":"product_cat-icheck-devices","8":"first","9":"instock","10":"shipping-taxable","11":"product-type-simple"},"acf":[],"yoast_head":"<!-- This site is optimized with the Yoast SEO plugin v25.5 - https:\/\/yoast.com\/wordpress\/plugins\/seo\/ -->\n<title>iCheck Fluoro - Dispositif - Bioanalyt<\/title>\n<meta name=\"description\" content=\"D\u00e9couvrez l&#039;iCheck Fluoro de BioAnalyt - un fluorom\u00e8tre portable et facile \u00e0 utiliser pour la quantification sur site de la vitamine A (r\u00e9tinol, esters de r\u00e9tinyle) dans les aliments enrichis, le bouillon, le lait maternel, le foie et le sang animal. Il fournit des r\u00e9sultats rapides, de qualit\u00e9 laboratoire, en quelques minutes, pour un contr\u00f4le efficace de l&#039;enrichissement et des \u00e9valuations nutritionnelles.\" \/>\n<meta name=\"robots\" content=\"noindex, nofollow\" \/>\n<meta property=\"og:locale\" content=\"fr_FR\" \/>\n<meta property=\"og:type\" content=\"article\" \/>\n<meta property=\"og:title\" content=\"iCheck Fluoro - Dispositif - Bioanalyt\" \/>\n<meta property=\"og:description\" content=\"D\u00e9couvrez l&#039;iCheck Fluoro de BioAnalyt - un fluorom\u00e8tre portable et facile \u00e0 utiliser pour la quantification sur site de la vitamine A (r\u00e9tinol, esters de r\u00e9tinyle) dans les aliments enrichis, le bouillon, le lait maternel, le foie et le sang animal. Il fournit des r\u00e9sultats rapides, de qualit\u00e9 laboratoire, en quelques minutes, pour un contr\u00f4le efficace de l&#039;enrichissement et des \u00e9valuations nutritionnelles.\" \/>\n<meta property=\"og:url\" content=\"https:\/\/www.bioanalyt.com\/fr\/product\/icheck-fluoro-dispositif\/\" \/>\n<meta property=\"og:site_name\" content=\"Bioanalyt\" \/>\n<meta property=\"og:image\" content=\"https:\/\/www.bioanalyt.com\/wp-content\/uploads\/2024\/11\/Fluoro-Case-Cut-out-Back.png\" \/>\n\t<meta property=\"og:image:width\" content=\"340\" \/>\n\t<meta property=\"og:image:height\" content=\"258\" \/>\n\t<meta property=\"og:image:type\" content=\"image\/png\" \/>\n<meta name=\"twitter:card\" content=\"summary_large_image\" \/>\n<script type=\"application\/ld+json\" class=\"yoast-schema-graph\">{\"@context\":\"https:\/\/schema.org\",\"@graph\":[{\"@type\":\"WebPage\",\"@id\":\"https:\/\/www.bioanalyt.com\/fr\/product\/icheck-fluoro-dispositif\/\",\"url\":\"https:\/\/www.bioanalyt.com\/fr\/product\/icheck-fluoro-dispositif\/\",\"name\":\"iCheck Fluoro - Dispositif - Bioanalyt\",\"isPartOf\":{\"@id\":\"https:\/\/www.bioanalyt.com\/#website\"},\"primaryImageOfPage\":{\"@id\":\"https:\/\/www.bioanalyt.com\/fr\/product\/icheck-fluoro-dispositif\/#primaryimage\"},\"image\":{\"@id\":\"https:\/\/www.bioanalyt.com\/fr\/product\/icheck-fluoro-dispositif\/#primaryimage\"},\"thumbnailUrl\":\"https:\/\/www.bioanalyt.com\/wp-content\/uploads\/2024\/11\/Fluoro-Case-Cut-out-Back.png\",\"datePublished\":\"2025-05-13T11:50:42+00:00\",\"description\":\"D\u00e9couvrez l'iCheck Fluoro de BioAnalyt - un fluorom\u00e8tre portable et facile \u00e0 utiliser pour la quantification sur site de la vitamine A (r\u00e9tinol, esters de r\u00e9tinyle) dans les aliments enrichis, le bouillon, le lait maternel, le foie et le sang animal. Il fournit des r\u00e9sultats rapides, de qualit\u00e9 laboratoire, en quelques minutes, pour un contr\u00f4le efficace de l'enrichissement et des \u00e9valuations nutritionnelles.\",\"breadcrumb\":{\"@id\":\"https:\/\/www.bioanalyt.com\/fr\/product\/icheck-fluoro-dispositif\/#breadcrumb\"},\"inLanguage\":\"fr-FR\",\"potentialAction\":[{\"@type\":\"ReadAction\",\"target\":[\"https:\/\/www.bioanalyt.com\/fr\/product\/icheck-fluoro-dispositif\/\"]}]},{\"@type\":\"ImageObject\",\"inLanguage\":\"fr-FR\",\"@id\":\"https:\/\/www.bioanalyt.com\/fr\/product\/icheck-fluoro-dispositif\/#primaryimage\",\"url\":\"https:\/\/www.bioanalyt.com\/wp-content\/uploads\/2024\/11\/Fluoro-Case-Cut-out-Back.png\",\"contentUrl\":\"https:\/\/www.bioanalyt.com\/wp-content\/uploads\/2024\/11\/Fluoro-Case-Cut-out-Back.png\",\"width\":340,\"height\":258,\"caption\":\"iCheck Fluoro\"},{\"@type\":\"BreadcrumbList\",\"@id\":\"https:\/\/www.bioanalyt.com\/fr\/product\/icheck-fluoro-dispositif\/#breadcrumb\",\"itemListElement\":[{\"@type\":\"ListItem\",\"position\":1,\"name\":\"Home\",\"item\":\"https:\/\/www.bioanalyt.com\/fr\/\"},{\"@type\":\"ListItem\",\"position\":2,\"name\":\"iCheck Fluoro &#8211; Dispositif\"}]},{\"@type\":\"WebSite\",\"@id\":\"https:\/\/www.bioanalyt.com\/#website\",\"url\":\"https:\/\/www.bioanalyt.com\/\",\"name\":\"Bioanalyt\",\"description\":\"Measure for life\",\"publisher\":{\"@id\":\"https:\/\/www.bioanalyt.com\/#organization\"},\"potentialAction\":[{\"@type\":\"SearchAction\",\"target\":{\"@type\":\"EntryPoint\",\"urlTemplate\":\"https:\/\/www.bioanalyt.com\/?s={search_term_string}\"},\"query-input\":{\"@type\":\"PropertyValueSpecification\",\"valueRequired\":true,\"valueName\":\"search_term_string\"}}],\"inLanguage\":\"fr-FR\"},{\"@type\":\"Organization\",\"@id\":\"https:\/\/www.bioanalyt.com\/#organization\",\"name\":\"Bioanalyt\",\"url\":\"https:\/\/www.bioanalyt.com\/\",\"logo\":{\"@type\":\"ImageObject\",\"inLanguage\":\"fr-FR\",\"@id\":\"https:\/\/www.bioanalyt.com\/#\/schema\/logo\/image\/\",\"url\":\"https:\/\/www.bioanalyt.com\/wp-content\/uploads\/2024\/09\/Logo-Horizontal.svg\",\"contentUrl\":\"https:\/\/www.bioanalyt.com\/wp-content\/uploads\/2024\/09\/Logo-Horizontal.svg\",\"width\":112,\"height\":64,\"caption\":\"Bioanalyt\"},\"image\":{\"@id\":\"https:\/\/www.bioanalyt.com\/#\/schema\/logo\/image\/\"},\"sameAs\":[\"https:\/\/www.linkedin.com\/company\/bioanalyt\/\",\"https:\/\/www.youtube.com\/user\/BioAnalyt\"]}]}<\/script>\n<!-- \/ Yoast SEO plugin. -->","yoast_head_json":{"title":"iCheck Fluoro - Dispositif - Bioanalyt","description":"D\u00e9couvrez l'iCheck Fluoro de BioAnalyt - un fluorom\u00e8tre portable et facile \u00e0 utiliser pour la quantification sur site de la vitamine A (r\u00e9tinol, esters de r\u00e9tinyle) dans les aliments enrichis, le bouillon, le lait maternel, le foie et le sang animal. Il fournit des r\u00e9sultats rapides, de qualit\u00e9 laboratoire, en quelques minutes, pour un contr\u00f4le efficace de l'enrichissement et des \u00e9valuations nutritionnelles.","robots":{"index":"noindex","follow":"nofollow"},"og_locale":"fr_FR","og_type":"article","og_title":"iCheck Fluoro - Dispositif - Bioanalyt","og_description":"D\u00e9couvrez l'iCheck Fluoro de BioAnalyt - un fluorom\u00e8tre portable et facile \u00e0 utiliser pour la quantification sur site de la vitamine A (r\u00e9tinol, esters de r\u00e9tinyle) dans les aliments enrichis, le bouillon, le lait maternel, le foie et le sang animal. Il fournit des r\u00e9sultats rapides, de qualit\u00e9 laboratoire, en quelques minutes, pour un contr\u00f4le efficace de l'enrichissement et des \u00e9valuations nutritionnelles.","og_url":"https:\/\/www.bioanalyt.com\/fr\/product\/icheck-fluoro-dispositif\/","og_site_name":"Bioanalyt","og_image":[{"width":340,"height":258,"url":"https:\/\/www.bioanalyt.com\/wp-content\/uploads\/2024\/11\/Fluoro-Case-Cut-out-Back.png","type":"image\/png"}],"twitter_card":"summary_large_image","schema":{"@context":"https:\/\/schema.org","@graph":[{"@type":"WebPage","@id":"https:\/\/www.bioanalyt.com\/fr\/product\/icheck-fluoro-dispositif\/","url":"https:\/\/www.bioanalyt.com\/fr\/product\/icheck-fluoro-dispositif\/","name":"iCheck Fluoro - Dispositif - Bioanalyt","isPartOf":{"@id":"https:\/\/www.bioanalyt.com\/#website"},"primaryImageOfPage":{"@id":"https:\/\/www.bioanalyt.com\/fr\/product\/icheck-fluoro-dispositif\/#primaryimage"},"image":{"@id":"https:\/\/www.bioanalyt.com\/fr\/product\/icheck-fluoro-dispositif\/#primaryimage"},"thumbnailUrl":"https:\/\/www.bioanalyt.com\/wp-content\/uploads\/2024\/11\/Fluoro-Case-Cut-out-Back.png","datePublished":"2025-05-13T11:50:42+00:00","description":"D\u00e9couvrez l'iCheck Fluoro de BioAnalyt - un fluorom\u00e8tre portable et facile \u00e0 utiliser pour la quantification sur site de la vitamine A (r\u00e9tinol, esters de r\u00e9tinyle) dans les aliments enrichis, le bouillon, le lait maternel, le foie et le sang animal. Il fournit des r\u00e9sultats rapides, de qualit\u00e9 laboratoire, en quelques minutes, pour un contr\u00f4le efficace de l'enrichissement et des \u00e9valuations nutritionnelles.","breadcrumb":{"@id":"https:\/\/www.bioanalyt.com\/fr\/product\/icheck-fluoro-dispositif\/#breadcrumb"},"inLanguage":"fr-FR","potentialAction":[{"@type":"ReadAction","target":["https:\/\/www.bioanalyt.com\/fr\/product\/icheck-fluoro-dispositif\/"]}]},{"@type":"ImageObject","inLanguage":"fr-FR","@id":"https:\/\/www.bioanalyt.com\/fr\/product\/icheck-fluoro-dispositif\/#primaryimage","url":"https:\/\/www.bioanalyt.com\/wp-content\/uploads\/2024\/11\/Fluoro-Case-Cut-out-Back.png","contentUrl":"https:\/\/www.bioanalyt.com\/wp-content\/uploads\/2024\/11\/Fluoro-Case-Cut-out-Back.png","width":340,"height":258,"caption":"iCheck Fluoro"},{"@type":"BreadcrumbList","@id":"https:\/\/www.bioanalyt.com\/fr\/product\/icheck-fluoro-dispositif\/#breadcrumb","itemListElement":[{"@type":"ListItem","position":1,"name":"Home","item":"https:\/\/www.bioanalyt.com\/fr\/"},{"@type":"ListItem","position":2,"name":"iCheck Fluoro &#8211; Dispositif"}]},{"@type":"WebSite","@id":"https:\/\/www.bioanalyt.com\/#website","url":"https:\/\/www.bioanalyt.com\/","name":"Bioanalyt","description":"Measure for life","publisher":{"@id":"https:\/\/www.bioanalyt.com\/#organization"},"potentialAction":[{"@type":"SearchAction","target":{"@type":"EntryPoint","urlTemplate":"https:\/\/www.bioanalyt.com\/?s={search_term_string}"},"query-input":{"@type":"PropertyValueSpecification","valueRequired":true,"valueName":"search_term_string"}}],"inLanguage":"fr-FR"},{"@type":"Organization","@id":"https:\/\/www.bioanalyt.com\/#organization","name":"Bioanalyt","url":"https:\/\/www.bioanalyt.com\/","logo":{"@type":"ImageObject","inLanguage":"fr-FR","@id":"https:\/\/www.bioanalyt.com\/#\/schema\/logo\/image\/","url":"https:\/\/www.bioanalyt.com\/wp-content\/uploads\/2024\/09\/Logo-Horizontal.svg","contentUrl":"https:\/\/www.bioanalyt.com\/wp-content\/uploads\/2024\/09\/Logo-Horizontal.svg","width":112,"height":64,"caption":"Bioanalyt"},"image":{"@id":"https:\/\/www.bioanalyt.com\/#\/schema\/logo\/image\/"},"sameAs":["https:\/\/www.linkedin.com\/company\/bioanalyt\/","https:\/\/www.youtube.com\/user\/BioAnalyt"]}]}},"_links":{"self":[{"href":"https:\/\/www.bioanalyt.com\/fr\/wp-json\/wp\/v2\/product\/22699","targetHints":{"allow":["GET"]}}],"collection":[{"href":"https:\/\/www.bioanalyt.com\/fr\/wp-json\/wp\/v2\/product"}],"about":[{"href":"https:\/\/www.bioanalyt.com\/fr\/wp-json\/wp\/v2\/types\/product"}],"author":[{"embeddable":true,"href":"https:\/\/www.bioanalyt.com\/fr\/wp-json\/wp\/v2\/users\/1"}],"replies":[{"embeddable":true,"href":"https:\/\/www.bioanalyt.com\/fr\/wp-json\/wp\/v2\/comments?post=22699"}],"version-history":[{"count":0,"href":"https:\/\/www.bioanalyt.com\/fr\/wp-json\/wp\/v2\/product\/22699\/revisions"}],"wp:featuredmedia":[{"embeddable":true,"href":"https:\/\/www.bioanalyt.com\/fr\/wp-json\/wp\/v2\/media\/19310"}],"wp:attachment":[{"href":"https:\/\/www.bioanalyt.com\/fr\/wp-json\/wp\/v2\/media?parent=22699"}],"wp:term":[{"taxonomy":"product_brand","embeddable":true,"href":"https:\/\/www.bioanalyt.com\/fr\/wp-json\/wp\/v2\/product_brand?post=22699"},{"taxonomy":"product_cat","embeddable":true,"href":"https:\/\/www.bioanalyt.com\/fr\/wp-json\/wp\/v2\/product_cat?post=22699"},{"taxonomy":"product_tag","embeddable":true,"href":"https:\/\/www.bioanalyt.com\/fr\/wp-json\/wp\/v2\/product_tag?post=22699"}],"curies":[{"name":"wp","href":"https:\/\/api.w.org\/{rel}","templated":true}]}}