{"id":22698,"date":"2025-05-13T11:56:20","date_gmt":"2025-05-13T11:56:20","guid":{"rendered":"https:\/\/www.bioanalyt.com\/product\/icheck-iodine-dispositif\/"},"modified":"2025-05-13T11:56:20","modified_gmt":"2025-05-13T11:56:20","slug":"icheck-iodine-dispositif","status":"publish","type":"product","link":"https:\/\/www.bioanalyt.com\/fr\/product\/icheck-iodine-dispositif\/","title":{"rendered":"iCheck Iodine &#8211; Dispositif"},"content":{"rendered":"","protected":false},"excerpt":{"rendered":"<p>iCheck Iodine mesure l&rsquo;iode dans le sel<\/p>\n","protected":false},"author":1,"featured_media":19752,"comment_status":"open","ping_status":"closed","template":"","meta":{"_acf_changed":false,"inline_featured_image":false,"footnotes":""},"product_brand":[],"product_cat":[603],"product_tag":[],"class_list":{"0":"post-22698","1":"product","2":"type-product","3":"status-publish","4":"has-post-thumbnail","6":"product_cat-icheck-devices","8":"first","9":"instock","10":"shipping-taxable","11":"product-type-simple"},"acf":[],"yoast_head":"<!-- This site is optimized with the Yoast SEO plugin v25.5 - https:\/\/yoast.com\/wordpress\/plugins\/seo\/ -->\n<title>iCheck Iodine - Dispositif - Bioanalyt<\/title>\n<meta name=\"description\" content=\"iCheck Iodine de BioAnalyt - un photom\u00e8tre de terrain portable et rapide pour la mesure quantitative de l&#039;iode dans le sel, l&#039;eau et les aliments enrichis. Pr\u00e9cision de niveau laboratoire, r\u00e9sultats sur site en quelques minutes, id\u00e9al pour le contr\u00f4le qualit\u00e9, les enqu\u00eates de couverture et la conformit\u00e9 r\u00e9glementaire.\" \/>\n<meta name=\"robots\" content=\"noindex, nofollow\" \/>\n<meta property=\"og:locale\" content=\"fr_FR\" \/>\n<meta property=\"og:type\" content=\"article\" \/>\n<meta property=\"og:title\" content=\"iCheck Iodine - Dispositif - Bioanalyt\" \/>\n<meta property=\"og:description\" content=\"iCheck Iodine de BioAnalyt - un photom\u00e8tre de terrain portable et rapide pour la mesure quantitative de l&#039;iode dans le sel, l&#039;eau et les aliments enrichis. Pr\u00e9cision de niveau laboratoire, r\u00e9sultats sur site en quelques minutes, id\u00e9al pour le contr\u00f4le qualit\u00e9, les enqu\u00eates de couverture et la conformit\u00e9 r\u00e9glementaire.\" \/>\n<meta property=\"og:url\" content=\"https:\/\/www.bioanalyt.com\/fr\/product\/icheck-iodine-dispositif\/\" \/>\n<meta property=\"og:site_name\" content=\"Bioanalyt\" \/>\n<meta property=\"og:image\" content=\"https:\/\/www.bioanalyt.com\/wp-content\/uploads\/2024\/11\/Image1234.webp\" \/>\n\t<meta property=\"og:image:width\" content=\"1063\" \/>\n\t<meta property=\"og:image:height\" content=\"806\" \/>\n\t<meta property=\"og:image:type\" content=\"image\/webp\" \/>\n<meta name=\"twitter:card\" content=\"summary_large_image\" \/>\n<script type=\"application\/ld+json\" class=\"yoast-schema-graph\">{\"@context\":\"https:\/\/schema.org\",\"@graph\":[{\"@type\":\"WebPage\",\"@id\":\"https:\/\/www.bioanalyt.com\/fr\/product\/icheck-iodine-dispositif\/\",\"url\":\"https:\/\/www.bioanalyt.com\/fr\/product\/icheck-iodine-dispositif\/\",\"name\":\"iCheck Iodine - Dispositif - Bioanalyt\",\"isPartOf\":{\"@id\":\"https:\/\/www.bioanalyt.com\/#website\"},\"primaryImageOfPage\":{\"@id\":\"https:\/\/www.bioanalyt.com\/fr\/product\/icheck-iodine-dispositif\/#primaryimage\"},\"image\":{\"@id\":\"https:\/\/www.bioanalyt.com\/fr\/product\/icheck-iodine-dispositif\/#primaryimage\"},\"thumbnailUrl\":\"https:\/\/www.bioanalyt.com\/wp-content\/uploads\/2024\/11\/Image1234.webp\",\"datePublished\":\"2025-05-13T11:56:20+00:00\",\"description\":\"iCheck Iodine de BioAnalyt - un photom\u00e8tre de terrain portable et rapide pour la mesure quantitative de l'iode dans le sel, l'eau et les aliments enrichis. Pr\u00e9cision de niveau laboratoire, r\u00e9sultats sur site en quelques minutes, id\u00e9al pour le contr\u00f4le qualit\u00e9, les enqu\u00eates de couverture et la conformit\u00e9 r\u00e9glementaire.\",\"breadcrumb\":{\"@id\":\"https:\/\/www.bioanalyt.com\/fr\/product\/icheck-iodine-dispositif\/#breadcrumb\"},\"inLanguage\":\"fr-FR\",\"potentialAction\":[{\"@type\":\"ReadAction\",\"target\":[\"https:\/\/www.bioanalyt.com\/fr\/product\/icheck-iodine-dispositif\/\"]}]},{\"@type\":\"ImageObject\",\"inLanguage\":\"fr-FR\",\"@id\":\"https:\/\/www.bioanalyt.com\/fr\/product\/icheck-iodine-dispositif\/#primaryimage\",\"url\":\"https:\/\/www.bioanalyt.com\/wp-content\/uploads\/2024\/11\/Image1234.webp\",\"contentUrl\":\"https:\/\/www.bioanalyt.com\/wp-content\/uploads\/2024\/11\/Image1234.webp\",\"width\":1063,\"height\":806,\"caption\":\"iCheck Iodine\"},{\"@type\":\"BreadcrumbList\",\"@id\":\"https:\/\/www.bioanalyt.com\/fr\/product\/icheck-iodine-dispositif\/#breadcrumb\",\"itemListElement\":[{\"@type\":\"ListItem\",\"position\":1,\"name\":\"Home\",\"item\":\"https:\/\/www.bioanalyt.com\/fr\/\"},{\"@type\":\"ListItem\",\"position\":2,\"name\":\"iCheck Iodine &#8211; Dispositif\"}]},{\"@type\":\"WebSite\",\"@id\":\"https:\/\/www.bioanalyt.com\/#website\",\"url\":\"https:\/\/www.bioanalyt.com\/\",\"name\":\"Bioanalyt\",\"description\":\"Measure for life\",\"publisher\":{\"@id\":\"https:\/\/www.bioanalyt.com\/#organization\"},\"potentialAction\":[{\"@type\":\"SearchAction\",\"target\":{\"@type\":\"EntryPoint\",\"urlTemplate\":\"https:\/\/www.bioanalyt.com\/?s={search_term_string}\"},\"query-input\":{\"@type\":\"PropertyValueSpecification\",\"valueRequired\":true,\"valueName\":\"search_term_string\"}}],\"inLanguage\":\"fr-FR\"},{\"@type\":\"Organization\",\"@id\":\"https:\/\/www.bioanalyt.com\/#organization\",\"name\":\"Bioanalyt\",\"url\":\"https:\/\/www.bioanalyt.com\/\",\"logo\":{\"@type\":\"ImageObject\",\"inLanguage\":\"fr-FR\",\"@id\":\"https:\/\/www.bioanalyt.com\/#\/schema\/logo\/image\/\",\"url\":\"https:\/\/www.bioanalyt.com\/wp-content\/uploads\/2024\/09\/Logo-Horizontal.svg\",\"contentUrl\":\"https:\/\/www.bioanalyt.com\/wp-content\/uploads\/2024\/09\/Logo-Horizontal.svg\",\"width\":112,\"height\":64,\"caption\":\"Bioanalyt\"},\"image\":{\"@id\":\"https:\/\/www.bioanalyt.com\/#\/schema\/logo\/image\/\"},\"sameAs\":[\"https:\/\/www.linkedin.com\/company\/bioanalyt\/\",\"https:\/\/www.youtube.com\/user\/BioAnalyt\"]}]}<\/script>\n<!-- \/ Yoast SEO plugin. -->","yoast_head_json":{"title":"iCheck Iodine - Dispositif - Bioanalyt","description":"iCheck Iodine de BioAnalyt - un photom\u00e8tre de terrain portable et rapide pour la mesure quantitative de l'iode dans le sel, l'eau et les aliments enrichis. Pr\u00e9cision de niveau laboratoire, r\u00e9sultats sur site en quelques minutes, id\u00e9al pour le contr\u00f4le qualit\u00e9, les enqu\u00eates de couverture et la conformit\u00e9 r\u00e9glementaire.","robots":{"index":"noindex","follow":"nofollow"},"og_locale":"fr_FR","og_type":"article","og_title":"iCheck Iodine - Dispositif - Bioanalyt","og_description":"iCheck Iodine de BioAnalyt - un photom\u00e8tre de terrain portable et rapide pour la mesure quantitative de l'iode dans le sel, l'eau et les aliments enrichis. Pr\u00e9cision de niveau laboratoire, r\u00e9sultats sur site en quelques minutes, id\u00e9al pour le contr\u00f4le qualit\u00e9, les enqu\u00eates de couverture et la conformit\u00e9 r\u00e9glementaire.","og_url":"https:\/\/www.bioanalyt.com\/fr\/product\/icheck-iodine-dispositif\/","og_site_name":"Bioanalyt","og_image":[{"width":1063,"height":806,"url":"https:\/\/www.bioanalyt.com\/wp-content\/uploads\/2024\/11\/Image1234.webp","type":"image\/webp"}],"twitter_card":"summary_large_image","schema":{"@context":"https:\/\/schema.org","@graph":[{"@type":"WebPage","@id":"https:\/\/www.bioanalyt.com\/fr\/product\/icheck-iodine-dispositif\/","url":"https:\/\/www.bioanalyt.com\/fr\/product\/icheck-iodine-dispositif\/","name":"iCheck Iodine - Dispositif - Bioanalyt","isPartOf":{"@id":"https:\/\/www.bioanalyt.com\/#website"},"primaryImageOfPage":{"@id":"https:\/\/www.bioanalyt.com\/fr\/product\/icheck-iodine-dispositif\/#primaryimage"},"image":{"@id":"https:\/\/www.bioanalyt.com\/fr\/product\/icheck-iodine-dispositif\/#primaryimage"},"thumbnailUrl":"https:\/\/www.bioanalyt.com\/wp-content\/uploads\/2024\/11\/Image1234.webp","datePublished":"2025-05-13T11:56:20+00:00","description":"iCheck Iodine de BioAnalyt - un photom\u00e8tre de terrain portable et rapide pour la mesure quantitative de l'iode dans le sel, l'eau et les aliments enrichis. Pr\u00e9cision de niveau laboratoire, r\u00e9sultats sur site en quelques minutes, id\u00e9al pour le contr\u00f4le qualit\u00e9, les enqu\u00eates de couverture et la conformit\u00e9 r\u00e9glementaire.","breadcrumb":{"@id":"https:\/\/www.bioanalyt.com\/fr\/product\/icheck-iodine-dispositif\/#breadcrumb"},"inLanguage":"fr-FR","potentialAction":[{"@type":"ReadAction","target":["https:\/\/www.bioanalyt.com\/fr\/product\/icheck-iodine-dispositif\/"]}]},{"@type":"ImageObject","inLanguage":"fr-FR","@id":"https:\/\/www.bioanalyt.com\/fr\/product\/icheck-iodine-dispositif\/#primaryimage","url":"https:\/\/www.bioanalyt.com\/wp-content\/uploads\/2024\/11\/Image1234.webp","contentUrl":"https:\/\/www.bioanalyt.com\/wp-content\/uploads\/2024\/11\/Image1234.webp","width":1063,"height":806,"caption":"iCheck Iodine"},{"@type":"BreadcrumbList","@id":"https:\/\/www.bioanalyt.com\/fr\/product\/icheck-iodine-dispositif\/#breadcrumb","itemListElement":[{"@type":"ListItem","position":1,"name":"Home","item":"https:\/\/www.bioanalyt.com\/fr\/"},{"@type":"ListItem","position":2,"name":"iCheck Iodine &#8211; Dispositif"}]},{"@type":"WebSite","@id":"https:\/\/www.bioanalyt.com\/#website","url":"https:\/\/www.bioanalyt.com\/","name":"Bioanalyt","description":"Measure for life","publisher":{"@id":"https:\/\/www.bioanalyt.com\/#organization"},"potentialAction":[{"@type":"SearchAction","target":{"@type":"EntryPoint","urlTemplate":"https:\/\/www.bioanalyt.com\/?s={search_term_string}"},"query-input":{"@type":"PropertyValueSpecification","valueRequired":true,"valueName":"search_term_string"}}],"inLanguage":"fr-FR"},{"@type":"Organization","@id":"https:\/\/www.bioanalyt.com\/#organization","name":"Bioanalyt","url":"https:\/\/www.bioanalyt.com\/","logo":{"@type":"ImageObject","inLanguage":"fr-FR","@id":"https:\/\/www.bioanalyt.com\/#\/schema\/logo\/image\/","url":"https:\/\/www.bioanalyt.com\/wp-content\/uploads\/2024\/09\/Logo-Horizontal.svg","contentUrl":"https:\/\/www.bioanalyt.com\/wp-content\/uploads\/2024\/09\/Logo-Horizontal.svg","width":112,"height":64,"caption":"Bioanalyt"},"image":{"@id":"https:\/\/www.bioanalyt.com\/#\/schema\/logo\/image\/"},"sameAs":["https:\/\/www.linkedin.com\/company\/bioanalyt\/","https:\/\/www.youtube.com\/user\/BioAnalyt"]}]}},"_links":{"self":[{"href":"https:\/\/www.bioanalyt.com\/fr\/wp-json\/wp\/v2\/product\/22698","targetHints":{"allow":["GET"]}}],"collection":[{"href":"https:\/\/www.bioanalyt.com\/fr\/wp-json\/wp\/v2\/product"}],"about":[{"href":"https:\/\/www.bioanalyt.com\/fr\/wp-json\/wp\/v2\/types\/product"}],"author":[{"embeddable":true,"href":"https:\/\/www.bioanalyt.com\/fr\/wp-json\/wp\/v2\/users\/1"}],"replies":[{"embeddable":true,"href":"https:\/\/www.bioanalyt.com\/fr\/wp-json\/wp\/v2\/comments?post=22698"}],"version-history":[{"count":0,"href":"https:\/\/www.bioanalyt.com\/fr\/wp-json\/wp\/v2\/product\/22698\/revisions"}],"wp:featuredmedia":[{"embeddable":true,"href":"https:\/\/www.bioanalyt.com\/fr\/wp-json\/wp\/v2\/media\/19752"}],"wp:attachment":[{"href":"https:\/\/www.bioanalyt.com\/fr\/wp-json\/wp\/v2\/media?parent=22698"}],"wp:term":[{"taxonomy":"product_brand","embeddable":true,"href":"https:\/\/www.bioanalyt.com\/fr\/wp-json\/wp\/v2\/product_brand?post=22698"},{"taxonomy":"product_cat","embeddable":true,"href":"https:\/\/www.bioanalyt.com\/fr\/wp-json\/wp\/v2\/product_cat?post=22698"},{"taxonomy":"product_tag","embeddable":true,"href":"https:\/\/www.bioanalyt.com\/fr\/wp-json\/wp\/v2\/product_tag?post=22698"}],"curies":[{"name":"wp","href":"https:\/\/api.w.org\/{rel}","templated":true}]}}