{"id":22695,"date":"2025-05-13T11:43:45","date_gmt":"2025-05-13T11:43:45","guid":{"rendered":"https:\/\/www.bioanalyt.com\/product\/icheck-chroma-3-appareil\/"},"modified":"2025-05-13T11:43:45","modified_gmt":"2025-05-13T11:43:45","slug":"icheck-chroma-3-appareil","status":"publish","type":"product","link":"https:\/\/www.bioanalyt.com\/fr\/product\/icheck-chroma-3-appareil\/","title":{"rendered":"iCheck Chroma 3 &#8211; Appareil"},"content":{"rendered":"","protected":false},"excerpt":{"rendered":"<p>L&rsquo;iCheck Chroma 3 mesure la vitamine A dans l&rsquo;huile<\/p>\n","protected":false},"author":1,"featured_media":19287,"comment_status":"open","ping_status":"closed","template":"","meta":{"_acf_changed":false,"inline_featured_image":false,"footnotes":""},"product_brand":[],"product_cat":[603],"product_tag":[],"class_list":{"0":"post-22695","1":"product","2":"type-product","3":"status-publish","4":"has-post-thumbnail","6":"product_cat-icheck-devices","8":"first","9":"instock","10":"shipping-taxable","11":"product-type-simple"},"acf":[],"yoast_head":"<!-- This site is optimized with the Yoast SEO plugin v25.5 - https:\/\/yoast.com\/wordpress\/plugins\/seo\/ -->\n<title>iCheck Chroma 3 - Appareil - Bioanalyt<\/title>\n<meta name=\"description\" content=\"Voici l&#039;iCheck Chroma 3 de BioAnalyt - un photom\u00e8tre portable, pr\u00eat \u00e0 l&#039;emploi, qui permet de mesurer rapidement et avec pr\u00e9cision la vitamine A (r\u00e9tinol) dans les huiles comestibles et les aliments enrichis. Id\u00e9al pour l&#039;AQ\/CQ dans la production, la surveillance r\u00e9glementaire et les programmes de nutrition dans le monde entier.\" \/>\n<meta name=\"robots\" content=\"noindex, nofollow\" \/>\n<meta property=\"og:locale\" content=\"fr_FR\" \/>\n<meta property=\"og:type\" content=\"article\" \/>\n<meta property=\"og:title\" content=\"iCheck Chroma 3 - Appareil - Bioanalyt\" \/>\n<meta property=\"og:description\" content=\"Voici l&#039;iCheck Chroma 3 de BioAnalyt - un photom\u00e8tre portable, pr\u00eat \u00e0 l&#039;emploi, qui permet de mesurer rapidement et avec pr\u00e9cision la vitamine A (r\u00e9tinol) dans les huiles comestibles et les aliments enrichis. Id\u00e9al pour l&#039;AQ\/CQ dans la production, la surveillance r\u00e9glementaire et les programmes de nutrition dans le monde entier.\" \/>\n<meta property=\"og:url\" content=\"https:\/\/www.bioanalyt.com\/fr\/product\/icheck-chroma-3-appareil\/\" \/>\n<meta property=\"og:site_name\" content=\"Bioanalyt\" \/>\n<meta property=\"og:image\" content=\"https:\/\/www.bioanalyt.com\/wp-content\/uploads\/2024\/11\/Chroma3-Case-Back-Cut-out.png\" \/>\n\t<meta property=\"og:image:width\" content=\"333\" \/>\n\t<meta property=\"og:image:height\" content=\"222\" \/>\n\t<meta property=\"og:image:type\" content=\"image\/png\" \/>\n<meta name=\"twitter:card\" content=\"summary_large_image\" \/>\n<script type=\"application\/ld+json\" class=\"yoast-schema-graph\">{\"@context\":\"https:\/\/schema.org\",\"@graph\":[{\"@type\":\"WebPage\",\"@id\":\"https:\/\/www.bioanalyt.com\/fr\/product\/icheck-chroma-3-appareil\/\",\"url\":\"https:\/\/www.bioanalyt.com\/fr\/product\/icheck-chroma-3-appareil\/\",\"name\":\"iCheck Chroma 3 - Appareil - Bioanalyt\",\"isPartOf\":{\"@id\":\"https:\/\/www.bioanalyt.com\/#website\"},\"primaryImageOfPage\":{\"@id\":\"https:\/\/www.bioanalyt.com\/fr\/product\/icheck-chroma-3-appareil\/#primaryimage\"},\"image\":{\"@id\":\"https:\/\/www.bioanalyt.com\/fr\/product\/icheck-chroma-3-appareil\/#primaryimage\"},\"thumbnailUrl\":\"https:\/\/www.bioanalyt.com\/wp-content\/uploads\/2024\/11\/Chroma3-Case-Back-Cut-out.png\",\"datePublished\":\"2025-05-13T11:43:45+00:00\",\"description\":\"Voici l'iCheck Chroma 3 de BioAnalyt - un photom\u00e8tre portable, pr\u00eat \u00e0 l'emploi, qui permet de mesurer rapidement et avec pr\u00e9cision la vitamine A (r\u00e9tinol) dans les huiles comestibles et les aliments enrichis. Id\u00e9al pour l'AQ\/CQ dans la production, la surveillance r\u00e9glementaire et les programmes de nutrition dans le monde entier.\",\"breadcrumb\":{\"@id\":\"https:\/\/www.bioanalyt.com\/fr\/product\/icheck-chroma-3-appareil\/#breadcrumb\"},\"inLanguage\":\"fr-FR\",\"potentialAction\":[{\"@type\":\"ReadAction\",\"target\":[\"https:\/\/www.bioanalyt.com\/fr\/product\/icheck-chroma-3-appareil\/\"]}]},{\"@type\":\"ImageObject\",\"inLanguage\":\"fr-FR\",\"@id\":\"https:\/\/www.bioanalyt.com\/fr\/product\/icheck-chroma-3-appareil\/#primaryimage\",\"url\":\"https:\/\/www.bioanalyt.com\/wp-content\/uploads\/2024\/11\/Chroma3-Case-Back-Cut-out.png\",\"contentUrl\":\"https:\/\/www.bioanalyt.com\/wp-content\/uploads\/2024\/11\/Chroma3-Case-Back-Cut-out.png\",\"width\":333,\"height\":222,\"caption\":\"iCheck Chroma 3\"},{\"@type\":\"BreadcrumbList\",\"@id\":\"https:\/\/www.bioanalyt.com\/fr\/product\/icheck-chroma-3-appareil\/#breadcrumb\",\"itemListElement\":[{\"@type\":\"ListItem\",\"position\":1,\"name\":\"Home\",\"item\":\"https:\/\/www.bioanalyt.com\/fr\/\"},{\"@type\":\"ListItem\",\"position\":2,\"name\":\"iCheck Chroma 3 &#8211; Appareil\"}]},{\"@type\":\"WebSite\",\"@id\":\"https:\/\/www.bioanalyt.com\/#website\",\"url\":\"https:\/\/www.bioanalyt.com\/\",\"name\":\"Bioanalyt\",\"description\":\"Measure for life\",\"publisher\":{\"@id\":\"https:\/\/www.bioanalyt.com\/#organization\"},\"potentialAction\":[{\"@type\":\"SearchAction\",\"target\":{\"@type\":\"EntryPoint\",\"urlTemplate\":\"https:\/\/www.bioanalyt.com\/?s={search_term_string}\"},\"query-input\":{\"@type\":\"PropertyValueSpecification\",\"valueRequired\":true,\"valueName\":\"search_term_string\"}}],\"inLanguage\":\"fr-FR\"},{\"@type\":\"Organization\",\"@id\":\"https:\/\/www.bioanalyt.com\/#organization\",\"name\":\"Bioanalyt\",\"url\":\"https:\/\/www.bioanalyt.com\/\",\"logo\":{\"@type\":\"ImageObject\",\"inLanguage\":\"fr-FR\",\"@id\":\"https:\/\/www.bioanalyt.com\/#\/schema\/logo\/image\/\",\"url\":\"https:\/\/www.bioanalyt.com\/wp-content\/uploads\/2024\/09\/Logo-Horizontal.svg\",\"contentUrl\":\"https:\/\/www.bioanalyt.com\/wp-content\/uploads\/2024\/09\/Logo-Horizontal.svg\",\"width\":112,\"height\":64,\"caption\":\"Bioanalyt\"},\"image\":{\"@id\":\"https:\/\/www.bioanalyt.com\/#\/schema\/logo\/image\/\"},\"sameAs\":[\"https:\/\/www.linkedin.com\/company\/bioanalyt\/\",\"https:\/\/www.youtube.com\/user\/BioAnalyt\"]}]}<\/script>\n<!-- \/ Yoast SEO plugin. -->","yoast_head_json":{"title":"iCheck Chroma 3 - Appareil - Bioanalyt","description":"Voici l'iCheck Chroma 3 de BioAnalyt - un photom\u00e8tre portable, pr\u00eat \u00e0 l'emploi, qui permet de mesurer rapidement et avec pr\u00e9cision la vitamine A (r\u00e9tinol) dans les huiles comestibles et les aliments enrichis. Id\u00e9al pour l'AQ\/CQ dans la production, la surveillance r\u00e9glementaire et les programmes de nutrition dans le monde entier.","robots":{"index":"noindex","follow":"nofollow"},"og_locale":"fr_FR","og_type":"article","og_title":"iCheck Chroma 3 - Appareil - Bioanalyt","og_description":"Voici l'iCheck Chroma 3 de BioAnalyt - un photom\u00e8tre portable, pr\u00eat \u00e0 l'emploi, qui permet de mesurer rapidement et avec pr\u00e9cision la vitamine A (r\u00e9tinol) dans les huiles comestibles et les aliments enrichis. Id\u00e9al pour l'AQ\/CQ dans la production, la surveillance r\u00e9glementaire et les programmes de nutrition dans le monde entier.","og_url":"https:\/\/www.bioanalyt.com\/fr\/product\/icheck-chroma-3-appareil\/","og_site_name":"Bioanalyt","og_image":[{"width":333,"height":222,"url":"https:\/\/www.bioanalyt.com\/wp-content\/uploads\/2024\/11\/Chroma3-Case-Back-Cut-out.png","type":"image\/png"}],"twitter_card":"summary_large_image","schema":{"@context":"https:\/\/schema.org","@graph":[{"@type":"WebPage","@id":"https:\/\/www.bioanalyt.com\/fr\/product\/icheck-chroma-3-appareil\/","url":"https:\/\/www.bioanalyt.com\/fr\/product\/icheck-chroma-3-appareil\/","name":"iCheck Chroma 3 - Appareil - Bioanalyt","isPartOf":{"@id":"https:\/\/www.bioanalyt.com\/#website"},"primaryImageOfPage":{"@id":"https:\/\/www.bioanalyt.com\/fr\/product\/icheck-chroma-3-appareil\/#primaryimage"},"image":{"@id":"https:\/\/www.bioanalyt.com\/fr\/product\/icheck-chroma-3-appareil\/#primaryimage"},"thumbnailUrl":"https:\/\/www.bioanalyt.com\/wp-content\/uploads\/2024\/11\/Chroma3-Case-Back-Cut-out.png","datePublished":"2025-05-13T11:43:45+00:00","description":"Voici l'iCheck Chroma 3 de BioAnalyt - un photom\u00e8tre portable, pr\u00eat \u00e0 l'emploi, qui permet de mesurer rapidement et avec pr\u00e9cision la vitamine A (r\u00e9tinol) dans les huiles comestibles et les aliments enrichis. Id\u00e9al pour l'AQ\/CQ dans la production, la surveillance r\u00e9glementaire et les programmes de nutrition dans le monde entier.","breadcrumb":{"@id":"https:\/\/www.bioanalyt.com\/fr\/product\/icheck-chroma-3-appareil\/#breadcrumb"},"inLanguage":"fr-FR","potentialAction":[{"@type":"ReadAction","target":["https:\/\/www.bioanalyt.com\/fr\/product\/icheck-chroma-3-appareil\/"]}]},{"@type":"ImageObject","inLanguage":"fr-FR","@id":"https:\/\/www.bioanalyt.com\/fr\/product\/icheck-chroma-3-appareil\/#primaryimage","url":"https:\/\/www.bioanalyt.com\/wp-content\/uploads\/2024\/11\/Chroma3-Case-Back-Cut-out.png","contentUrl":"https:\/\/www.bioanalyt.com\/wp-content\/uploads\/2024\/11\/Chroma3-Case-Back-Cut-out.png","width":333,"height":222,"caption":"iCheck Chroma 3"},{"@type":"BreadcrumbList","@id":"https:\/\/www.bioanalyt.com\/fr\/product\/icheck-chroma-3-appareil\/#breadcrumb","itemListElement":[{"@type":"ListItem","position":1,"name":"Home","item":"https:\/\/www.bioanalyt.com\/fr\/"},{"@type":"ListItem","position":2,"name":"iCheck Chroma 3 &#8211; Appareil"}]},{"@type":"WebSite","@id":"https:\/\/www.bioanalyt.com\/#website","url":"https:\/\/www.bioanalyt.com\/","name":"Bioanalyt","description":"Measure for life","publisher":{"@id":"https:\/\/www.bioanalyt.com\/#organization"},"potentialAction":[{"@type":"SearchAction","target":{"@type":"EntryPoint","urlTemplate":"https:\/\/www.bioanalyt.com\/?s={search_term_string}"},"query-input":{"@type":"PropertyValueSpecification","valueRequired":true,"valueName":"search_term_string"}}],"inLanguage":"fr-FR"},{"@type":"Organization","@id":"https:\/\/www.bioanalyt.com\/#organization","name":"Bioanalyt","url":"https:\/\/www.bioanalyt.com\/","logo":{"@type":"ImageObject","inLanguage":"fr-FR","@id":"https:\/\/www.bioanalyt.com\/#\/schema\/logo\/image\/","url":"https:\/\/www.bioanalyt.com\/wp-content\/uploads\/2024\/09\/Logo-Horizontal.svg","contentUrl":"https:\/\/www.bioanalyt.com\/wp-content\/uploads\/2024\/09\/Logo-Horizontal.svg","width":112,"height":64,"caption":"Bioanalyt"},"image":{"@id":"https:\/\/www.bioanalyt.com\/#\/schema\/logo\/image\/"},"sameAs":["https:\/\/www.linkedin.com\/company\/bioanalyt\/","https:\/\/www.youtube.com\/user\/BioAnalyt"]}]}},"_links":{"self":[{"href":"https:\/\/www.bioanalyt.com\/fr\/wp-json\/wp\/v2\/product\/22695","targetHints":{"allow":["GET"]}}],"collection":[{"href":"https:\/\/www.bioanalyt.com\/fr\/wp-json\/wp\/v2\/product"}],"about":[{"href":"https:\/\/www.bioanalyt.com\/fr\/wp-json\/wp\/v2\/types\/product"}],"author":[{"embeddable":true,"href":"https:\/\/www.bioanalyt.com\/fr\/wp-json\/wp\/v2\/users\/1"}],"replies":[{"embeddable":true,"href":"https:\/\/www.bioanalyt.com\/fr\/wp-json\/wp\/v2\/comments?post=22695"}],"version-history":[{"count":0,"href":"https:\/\/www.bioanalyt.com\/fr\/wp-json\/wp\/v2\/product\/22695\/revisions"}],"wp:featuredmedia":[{"embeddable":true,"href":"https:\/\/www.bioanalyt.com\/fr\/wp-json\/wp\/v2\/media\/19287"}],"wp:attachment":[{"href":"https:\/\/www.bioanalyt.com\/fr\/wp-json\/wp\/v2\/media?parent=22695"}],"wp:term":[{"taxonomy":"product_brand","embeddable":true,"href":"https:\/\/www.bioanalyt.com\/fr\/wp-json\/wp\/v2\/product_brand?post=22695"},{"taxonomy":"product_cat","embeddable":true,"href":"https:\/\/www.bioanalyt.com\/fr\/wp-json\/wp\/v2\/product_cat?post=22695"},{"taxonomy":"product_tag","embeddable":true,"href":"https:\/\/www.bioanalyt.com\/fr\/wp-json\/wp\/v2\/product_tag?post=22695"}],"curies":[{"name":"wp","href":"https:\/\/api.w.org\/{rel}","templated":true}]}}