{"id":22684,"date":"2025-05-09T13:38:45","date_gmt":"2025-05-09T13:38:45","guid":{"rendered":"https:\/\/www.bioanalyt.com\/product\/kit-de-formation-icheck-iodine\/"},"modified":"2025-05-09T13:38:45","modified_gmt":"2025-05-09T13:38:45","slug":"kit-de-formation-icheck-iodine","status":"publish","type":"product","link":"https:\/\/www.bioanalyt.com\/fr\/product\/kit-de-formation-icheck-iodine\/","title":{"rendered":"Kit de formation iCheck Iodine"},"content":{"rendered":"","protected":false},"excerpt":{"rendered":"<p>Kit de formation pour d\u00e9marrer avec votre iCheck Iodine. Contenu : flacons de r\u00e9actifs (N=18), flacons d&rsquo;additifs (N=2), seringues et aiguilles (N=22), \u00e9chantillon de test d&rsquo;iode. <\/p>\n","protected":false},"author":1,"featured_media":19694,"comment_status":"open","ping_status":"closed","template":"","meta":{"_acf_changed":false,"inline_featured_image":false,"footnotes":""},"product_brand":[],"product_cat":[602],"product_tag":[],"class_list":{"0":"post-22684","1":"product","2":"type-product","3":"status-publish","4":"has-post-thumbnail","6":"product_cat-training-set","8":"first","9":"instock","10":"shipping-taxable","11":"product-type-simple"},"acf":[],"yoast_head":"<!-- This site is optimized with the Yoast SEO plugin v25.5 - https:\/\/yoast.com\/wordpress\/plugins\/seo\/ -->\n<title>Kit de formation iCheck Iodine - Bioanalyt<\/title>\n<meta name=\"robots\" content=\"noindex, nofollow\" \/>\n<meta property=\"og:locale\" content=\"fr_FR\" \/>\n<meta property=\"og:type\" content=\"article\" \/>\n<meta property=\"og:title\" content=\"Kit de formation iCheck Iodine - Bioanalyt\" \/>\n<meta property=\"og:description\" content=\"Kit de formation pour d\u00e9marrer avec votre iCheck Iodine. Contenu : flacons de r\u00e9actifs (N=18), flacons d&#039;additifs (N=2), seringues et aiguilles (N=22), \u00e9chantillon de test d&#039;iode.\" \/>\n<meta property=\"og:url\" content=\"https:\/\/www.bioanalyt.com\/fr\/product\/kit-de-formation-icheck-iodine\/\" \/>\n<meta property=\"og:site_name\" content=\"Bioanalyt\" \/>\n<meta property=\"og:image\" content=\"https:\/\/www.bioanalyt.com\/wp-content\/uploads\/2025\/02\/ichek-iodine.png\" \/>\n\t<meta property=\"og:image:width\" content=\"156\" \/>\n\t<meta property=\"og:image:height\" content=\"172\" \/>\n\t<meta property=\"og:image:type\" content=\"image\/png\" \/>\n<meta name=\"twitter:card\" content=\"summary_large_image\" \/>\n<script type=\"application\/ld+json\" class=\"yoast-schema-graph\">{\"@context\":\"https:\/\/schema.org\",\"@graph\":[{\"@type\":\"WebPage\",\"@id\":\"https:\/\/www.bioanalyt.com\/fr\/product\/kit-de-formation-icheck-iodine\/\",\"url\":\"https:\/\/www.bioanalyt.com\/fr\/product\/kit-de-formation-icheck-iodine\/\",\"name\":\"Kit de formation iCheck Iodine - Bioanalyt\",\"isPartOf\":{\"@id\":\"https:\/\/www.bioanalyt.com\/#website\"},\"primaryImageOfPage\":{\"@id\":\"https:\/\/www.bioanalyt.com\/fr\/product\/kit-de-formation-icheck-iodine\/#primaryimage\"},\"image\":{\"@id\":\"https:\/\/www.bioanalyt.com\/fr\/product\/kit-de-formation-icheck-iodine\/#primaryimage\"},\"thumbnailUrl\":\"https:\/\/www.bioanalyt.com\/wp-content\/uploads\/2025\/02\/ichek-iodine.png\",\"datePublished\":\"2025-05-09T13:38:45+00:00\",\"breadcrumb\":{\"@id\":\"https:\/\/www.bioanalyt.com\/fr\/product\/kit-de-formation-icheck-iodine\/#breadcrumb\"},\"inLanguage\":\"fr-FR\",\"potentialAction\":[{\"@type\":\"ReadAction\",\"target\":[\"https:\/\/www.bioanalyt.com\/fr\/product\/kit-de-formation-icheck-iodine\/\"]}]},{\"@type\":\"ImageObject\",\"inLanguage\":\"fr-FR\",\"@id\":\"https:\/\/www.bioanalyt.com\/fr\/product\/kit-de-formation-icheck-iodine\/#primaryimage\",\"url\":\"https:\/\/www.bioanalyt.com\/wp-content\/uploads\/2025\/02\/ichek-iodine.png\",\"contentUrl\":\"https:\/\/www.bioanalyt.com\/wp-content\/uploads\/2025\/02\/ichek-iodine.png\",\"width\":156,\"height\":172,\"caption\":\"iCheck Iodine Training Set\"},{\"@type\":\"BreadcrumbList\",\"@id\":\"https:\/\/www.bioanalyt.com\/fr\/product\/kit-de-formation-icheck-iodine\/#breadcrumb\",\"itemListElement\":[{\"@type\":\"ListItem\",\"position\":1,\"name\":\"Home\",\"item\":\"https:\/\/www.bioanalyt.com\/fr\/\"},{\"@type\":\"ListItem\",\"position\":2,\"name\":\"Kit de formation iCheck Iodine\"}]},{\"@type\":\"WebSite\",\"@id\":\"https:\/\/www.bioanalyt.com\/#website\",\"url\":\"https:\/\/www.bioanalyt.com\/\",\"name\":\"Bioanalyt\",\"description\":\"Measure for life\",\"publisher\":{\"@id\":\"https:\/\/www.bioanalyt.com\/#organization\"},\"potentialAction\":[{\"@type\":\"SearchAction\",\"target\":{\"@type\":\"EntryPoint\",\"urlTemplate\":\"https:\/\/www.bioanalyt.com\/?s={search_term_string}\"},\"query-input\":{\"@type\":\"PropertyValueSpecification\",\"valueRequired\":true,\"valueName\":\"search_term_string\"}}],\"inLanguage\":\"fr-FR\"},{\"@type\":\"Organization\",\"@id\":\"https:\/\/www.bioanalyt.com\/#organization\",\"name\":\"Bioanalyt\",\"url\":\"https:\/\/www.bioanalyt.com\/\",\"logo\":{\"@type\":\"ImageObject\",\"inLanguage\":\"fr-FR\",\"@id\":\"https:\/\/www.bioanalyt.com\/#\/schema\/logo\/image\/\",\"url\":\"https:\/\/www.bioanalyt.com\/wp-content\/uploads\/2024\/09\/Logo-Horizontal.svg\",\"contentUrl\":\"https:\/\/www.bioanalyt.com\/wp-content\/uploads\/2024\/09\/Logo-Horizontal.svg\",\"width\":112,\"height\":64,\"caption\":\"Bioanalyt\"},\"image\":{\"@id\":\"https:\/\/www.bioanalyt.com\/#\/schema\/logo\/image\/\"},\"sameAs\":[\"https:\/\/www.linkedin.com\/company\/bioanalyt\/\",\"https:\/\/www.youtube.com\/user\/BioAnalyt\"]}]}<\/script>\n<!-- \/ Yoast SEO plugin. -->","yoast_head_json":{"title":"Kit de formation iCheck Iodine - Bioanalyt","robots":{"index":"noindex","follow":"nofollow"},"og_locale":"fr_FR","og_type":"article","og_title":"Kit de formation iCheck Iodine - Bioanalyt","og_description":"Kit de formation pour d\u00e9marrer avec votre iCheck Iodine. Contenu : flacons de r\u00e9actifs (N=18), flacons d'additifs (N=2), seringues et aiguilles (N=22), \u00e9chantillon de test d'iode.","og_url":"https:\/\/www.bioanalyt.com\/fr\/product\/kit-de-formation-icheck-iodine\/","og_site_name":"Bioanalyt","og_image":[{"width":156,"height":172,"url":"https:\/\/www.bioanalyt.com\/wp-content\/uploads\/2025\/02\/ichek-iodine.png","type":"image\/png"}],"twitter_card":"summary_large_image","schema":{"@context":"https:\/\/schema.org","@graph":[{"@type":"WebPage","@id":"https:\/\/www.bioanalyt.com\/fr\/product\/kit-de-formation-icheck-iodine\/","url":"https:\/\/www.bioanalyt.com\/fr\/product\/kit-de-formation-icheck-iodine\/","name":"Kit de formation iCheck Iodine - Bioanalyt","isPartOf":{"@id":"https:\/\/www.bioanalyt.com\/#website"},"primaryImageOfPage":{"@id":"https:\/\/www.bioanalyt.com\/fr\/product\/kit-de-formation-icheck-iodine\/#primaryimage"},"image":{"@id":"https:\/\/www.bioanalyt.com\/fr\/product\/kit-de-formation-icheck-iodine\/#primaryimage"},"thumbnailUrl":"https:\/\/www.bioanalyt.com\/wp-content\/uploads\/2025\/02\/ichek-iodine.png","datePublished":"2025-05-09T13:38:45+00:00","breadcrumb":{"@id":"https:\/\/www.bioanalyt.com\/fr\/product\/kit-de-formation-icheck-iodine\/#breadcrumb"},"inLanguage":"fr-FR","potentialAction":[{"@type":"ReadAction","target":["https:\/\/www.bioanalyt.com\/fr\/product\/kit-de-formation-icheck-iodine\/"]}]},{"@type":"ImageObject","inLanguage":"fr-FR","@id":"https:\/\/www.bioanalyt.com\/fr\/product\/kit-de-formation-icheck-iodine\/#primaryimage","url":"https:\/\/www.bioanalyt.com\/wp-content\/uploads\/2025\/02\/ichek-iodine.png","contentUrl":"https:\/\/www.bioanalyt.com\/wp-content\/uploads\/2025\/02\/ichek-iodine.png","width":156,"height":172,"caption":"iCheck Iodine Training Set"},{"@type":"BreadcrumbList","@id":"https:\/\/www.bioanalyt.com\/fr\/product\/kit-de-formation-icheck-iodine\/#breadcrumb","itemListElement":[{"@type":"ListItem","position":1,"name":"Home","item":"https:\/\/www.bioanalyt.com\/fr\/"},{"@type":"ListItem","position":2,"name":"Kit de formation iCheck Iodine"}]},{"@type":"WebSite","@id":"https:\/\/www.bioanalyt.com\/#website","url":"https:\/\/www.bioanalyt.com\/","name":"Bioanalyt","description":"Measure for life","publisher":{"@id":"https:\/\/www.bioanalyt.com\/#organization"},"potentialAction":[{"@type":"SearchAction","target":{"@type":"EntryPoint","urlTemplate":"https:\/\/www.bioanalyt.com\/?s={search_term_string}"},"query-input":{"@type":"PropertyValueSpecification","valueRequired":true,"valueName":"search_term_string"}}],"inLanguage":"fr-FR"},{"@type":"Organization","@id":"https:\/\/www.bioanalyt.com\/#organization","name":"Bioanalyt","url":"https:\/\/www.bioanalyt.com\/","logo":{"@type":"ImageObject","inLanguage":"fr-FR","@id":"https:\/\/www.bioanalyt.com\/#\/schema\/logo\/image\/","url":"https:\/\/www.bioanalyt.com\/wp-content\/uploads\/2024\/09\/Logo-Horizontal.svg","contentUrl":"https:\/\/www.bioanalyt.com\/wp-content\/uploads\/2024\/09\/Logo-Horizontal.svg","width":112,"height":64,"caption":"Bioanalyt"},"image":{"@id":"https:\/\/www.bioanalyt.com\/#\/schema\/logo\/image\/"},"sameAs":["https:\/\/www.linkedin.com\/company\/bioanalyt\/","https:\/\/www.youtube.com\/user\/BioAnalyt"]}]}},"_links":{"self":[{"href":"https:\/\/www.bioanalyt.com\/fr\/wp-json\/wp\/v2\/product\/22684","targetHints":{"allow":["GET"]}}],"collection":[{"href":"https:\/\/www.bioanalyt.com\/fr\/wp-json\/wp\/v2\/product"}],"about":[{"href":"https:\/\/www.bioanalyt.com\/fr\/wp-json\/wp\/v2\/types\/product"}],"author":[{"embeddable":true,"href":"https:\/\/www.bioanalyt.com\/fr\/wp-json\/wp\/v2\/users\/1"}],"replies":[{"embeddable":true,"href":"https:\/\/www.bioanalyt.com\/fr\/wp-json\/wp\/v2\/comments?post=22684"}],"version-history":[{"count":0,"href":"https:\/\/www.bioanalyt.com\/fr\/wp-json\/wp\/v2\/product\/22684\/revisions"}],"wp:featuredmedia":[{"embeddable":true,"href":"https:\/\/www.bioanalyt.com\/fr\/wp-json\/wp\/v2\/media\/19694"}],"wp:attachment":[{"href":"https:\/\/www.bioanalyt.com\/fr\/wp-json\/wp\/v2\/media?parent=22684"}],"wp:term":[{"taxonomy":"product_brand","embeddable":true,"href":"https:\/\/www.bioanalyt.com\/fr\/wp-json\/wp\/v2\/product_brand?post=22684"},{"taxonomy":"product_cat","embeddable":true,"href":"https:\/\/www.bioanalyt.com\/fr\/wp-json\/wp\/v2\/product_cat?post=22684"},{"taxonomy":"product_tag","embeddable":true,"href":"https:\/\/www.bioanalyt.com\/fr\/wp-json\/wp\/v2\/product_tag?post=22684"}],"curies":[{"name":"wp","href":"https:\/\/api.w.org\/{rel}","templated":true}]}}