{"id":22682,"date":"2025-05-09T13:13:01","date_gmt":"2025-05-09T13:13:01","guid":{"rendered":"https:\/\/www.bioanalyt.com\/product\/cable-usb-b\/"},"modified":"2025-05-09T13:13:01","modified_gmt":"2025-05-09T13:13:01","slug":"cable-usb-b","status":"publish","type":"product","link":"https:\/\/www.bioanalyt.com\/fr\/product\/cable-usb-b\/","title":{"rendered":"C\u00e2ble USB-B"},"content":{"rendered":"","protected":false},"excerpt":{"rendered":"<p>C\u00e2ble USB-B pour le transfert des donn\u00e9es de l&rsquo;iCheck \u00e0 l&rsquo;ordinateur.<\/p>\n","protected":false},"author":1,"featured_media":0,"comment_status":"open","ping_status":"closed","template":"","meta":{"_acf_changed":false,"inline_featured_image":false,"footnotes":""},"product_brand":[],"product_cat":[600],"product_tag":[],"class_list":{"0":"post-22682","1":"product","2":"type-product","3":"status-publish","5":"product_cat-accessories","7":"first","8":"instock","9":"shipping-taxable","10":"product-type-simple"},"acf":[],"yoast_head":"<!-- This site is optimized with the Yoast SEO plugin v25.5 - https:\/\/yoast.com\/wordpress\/plugins\/seo\/ -->\n<title>C\u00e2ble USB-B - Bioanalyt<\/title>\n<meta name=\"robots\" content=\"noindex, nofollow\" \/>\n<meta property=\"og:locale\" content=\"fr_FR\" \/>\n<meta property=\"og:type\" content=\"article\" \/>\n<meta property=\"og:title\" content=\"C\u00e2ble USB-B - Bioanalyt\" \/>\n<meta property=\"og:description\" content=\"C\u00e2ble USB-B pour le transfert des donn\u00e9es de l&#039;iCheck \u00e0 l&#039;ordinateur.\" \/>\n<meta property=\"og:url\" content=\"https:\/\/www.bioanalyt.com\/fr\/product\/cable-usb-b\/\" \/>\n<meta property=\"og:site_name\" content=\"Bioanalyt\" \/>\n<meta name=\"twitter:card\" content=\"summary_large_image\" \/>\n<script type=\"application\/ld+json\" class=\"yoast-schema-graph\">{\"@context\":\"https:\/\/schema.org\",\"@graph\":[{\"@type\":\"WebPage\",\"@id\":\"https:\/\/www.bioanalyt.com\/fr\/product\/cable-usb-b\/\",\"url\":\"https:\/\/www.bioanalyt.com\/fr\/product\/cable-usb-b\/\",\"name\":\"C\u00e2ble USB-B - Bioanalyt\",\"isPartOf\":{\"@id\":\"https:\/\/www.bioanalyt.com\/#website\"},\"datePublished\":\"2025-05-09T13:13:01+00:00\",\"breadcrumb\":{\"@id\":\"https:\/\/www.bioanalyt.com\/fr\/product\/cable-usb-b\/#breadcrumb\"},\"inLanguage\":\"fr-FR\",\"potentialAction\":[{\"@type\":\"ReadAction\",\"target\":[\"https:\/\/www.bioanalyt.com\/fr\/product\/cable-usb-b\/\"]}]},{\"@type\":\"BreadcrumbList\",\"@id\":\"https:\/\/www.bioanalyt.com\/fr\/product\/cable-usb-b\/#breadcrumb\",\"itemListElement\":[{\"@type\":\"ListItem\",\"position\":1,\"name\":\"Home\",\"item\":\"https:\/\/www.bioanalyt.com\/fr\/\"},{\"@type\":\"ListItem\",\"position\":2,\"name\":\"C\u00e2ble USB-B\"}]},{\"@type\":\"WebSite\",\"@id\":\"https:\/\/www.bioanalyt.com\/#website\",\"url\":\"https:\/\/www.bioanalyt.com\/\",\"name\":\"Bioanalyt\",\"description\":\"Measure for life\",\"publisher\":{\"@id\":\"https:\/\/www.bioanalyt.com\/#organization\"},\"potentialAction\":[{\"@type\":\"SearchAction\",\"target\":{\"@type\":\"EntryPoint\",\"urlTemplate\":\"https:\/\/www.bioanalyt.com\/?s={search_term_string}\"},\"query-input\":{\"@type\":\"PropertyValueSpecification\",\"valueRequired\":true,\"valueName\":\"search_term_string\"}}],\"inLanguage\":\"fr-FR\"},{\"@type\":\"Organization\",\"@id\":\"https:\/\/www.bioanalyt.com\/#organization\",\"name\":\"Bioanalyt\",\"url\":\"https:\/\/www.bioanalyt.com\/\",\"logo\":{\"@type\":\"ImageObject\",\"inLanguage\":\"fr-FR\",\"@id\":\"https:\/\/www.bioanalyt.com\/#\/schema\/logo\/image\/\",\"url\":\"https:\/\/www.bioanalyt.com\/wp-content\/uploads\/2024\/09\/Logo-Horizontal.svg\",\"contentUrl\":\"https:\/\/www.bioanalyt.com\/wp-content\/uploads\/2024\/09\/Logo-Horizontal.svg\",\"width\":112,\"height\":64,\"caption\":\"Bioanalyt\"},\"image\":{\"@id\":\"https:\/\/www.bioanalyt.com\/#\/schema\/logo\/image\/\"},\"sameAs\":[\"https:\/\/www.linkedin.com\/company\/bioanalyt\/\",\"https:\/\/www.youtube.com\/user\/BioAnalyt\"]}]}<\/script>\n<!-- \/ Yoast SEO plugin. -->","yoast_head_json":{"title":"C\u00e2ble USB-B - Bioanalyt","robots":{"index":"noindex","follow":"nofollow"},"og_locale":"fr_FR","og_type":"article","og_title":"C\u00e2ble USB-B - Bioanalyt","og_description":"C\u00e2ble USB-B pour le transfert des donn\u00e9es de l'iCheck \u00e0 l'ordinateur.","og_url":"https:\/\/www.bioanalyt.com\/fr\/product\/cable-usb-b\/","og_site_name":"Bioanalyt","twitter_card":"summary_large_image","schema":{"@context":"https:\/\/schema.org","@graph":[{"@type":"WebPage","@id":"https:\/\/www.bioanalyt.com\/fr\/product\/cable-usb-b\/","url":"https:\/\/www.bioanalyt.com\/fr\/product\/cable-usb-b\/","name":"C\u00e2ble USB-B - Bioanalyt","isPartOf":{"@id":"https:\/\/www.bioanalyt.com\/#website"},"datePublished":"2025-05-09T13:13:01+00:00","breadcrumb":{"@id":"https:\/\/www.bioanalyt.com\/fr\/product\/cable-usb-b\/#breadcrumb"},"inLanguage":"fr-FR","potentialAction":[{"@type":"ReadAction","target":["https:\/\/www.bioanalyt.com\/fr\/product\/cable-usb-b\/"]}]},{"@type":"BreadcrumbList","@id":"https:\/\/www.bioanalyt.com\/fr\/product\/cable-usb-b\/#breadcrumb","itemListElement":[{"@type":"ListItem","position":1,"name":"Home","item":"https:\/\/www.bioanalyt.com\/fr\/"},{"@type":"ListItem","position":2,"name":"C\u00e2ble USB-B"}]},{"@type":"WebSite","@id":"https:\/\/www.bioanalyt.com\/#website","url":"https:\/\/www.bioanalyt.com\/","name":"Bioanalyt","description":"Measure for life","publisher":{"@id":"https:\/\/www.bioanalyt.com\/#organization"},"potentialAction":[{"@type":"SearchAction","target":{"@type":"EntryPoint","urlTemplate":"https:\/\/www.bioanalyt.com\/?s={search_term_string}"},"query-input":{"@type":"PropertyValueSpecification","valueRequired":true,"valueName":"search_term_string"}}],"inLanguage":"fr-FR"},{"@type":"Organization","@id":"https:\/\/www.bioanalyt.com\/#organization","name":"Bioanalyt","url":"https:\/\/www.bioanalyt.com\/","logo":{"@type":"ImageObject","inLanguage":"fr-FR","@id":"https:\/\/www.bioanalyt.com\/#\/schema\/logo\/image\/","url":"https:\/\/www.bioanalyt.com\/wp-content\/uploads\/2024\/09\/Logo-Horizontal.svg","contentUrl":"https:\/\/www.bioanalyt.com\/wp-content\/uploads\/2024\/09\/Logo-Horizontal.svg","width":112,"height":64,"caption":"Bioanalyt"},"image":{"@id":"https:\/\/www.bioanalyt.com\/#\/schema\/logo\/image\/"},"sameAs":["https:\/\/www.linkedin.com\/company\/bioanalyt\/","https:\/\/www.youtube.com\/user\/BioAnalyt"]}]}},"_links":{"self":[{"href":"https:\/\/www.bioanalyt.com\/fr\/wp-json\/wp\/v2\/product\/22682","targetHints":{"allow":["GET"]}}],"collection":[{"href":"https:\/\/www.bioanalyt.com\/fr\/wp-json\/wp\/v2\/product"}],"about":[{"href":"https:\/\/www.bioanalyt.com\/fr\/wp-json\/wp\/v2\/types\/product"}],"author":[{"embeddable":true,"href":"https:\/\/www.bioanalyt.com\/fr\/wp-json\/wp\/v2\/users\/1"}],"replies":[{"embeddable":true,"href":"https:\/\/www.bioanalyt.com\/fr\/wp-json\/wp\/v2\/comments?post=22682"}],"version-history":[{"count":0,"href":"https:\/\/www.bioanalyt.com\/fr\/wp-json\/wp\/v2\/product\/22682\/revisions"}],"wp:attachment":[{"href":"https:\/\/www.bioanalyt.com\/fr\/wp-json\/wp\/v2\/media?parent=22682"}],"wp:term":[{"taxonomy":"product_brand","embeddable":true,"href":"https:\/\/www.bioanalyt.com\/fr\/wp-json\/wp\/v2\/product_brand?post=22682"},{"taxonomy":"product_cat","embeddable":true,"href":"https:\/\/www.bioanalyt.com\/fr\/wp-json\/wp\/v2\/product_cat?post=22682"},{"taxonomy":"product_tag","embeddable":true,"href":"https:\/\/www.bioanalyt.com\/fr\/wp-json\/wp\/v2\/product_tag?post=22682"}],"curies":[{"name":"wp","href":"https:\/\/api.w.org\/{rel}","templated":true}]}}