{"id":23368,"date":"2026-01-23T06:46:03","date_gmt":"2026-01-23T06:46:03","guid":{"rendered":"https:\/\/www.bioanalyt.com\/ressources\/"},"modified":"2026-01-30T10:39:20","modified_gmt":"2026-01-30T10:39:20","slug":"ressources","status":"publish","type":"page","link":"https:\/\/www.bioanalyt.com\/fr\/ressources\/","title":{"rendered":"Ressources"},"content":{"rendered":"<div id=\"bsf_rt_marker\"><\/div>\t\t<div data-elementor-type=\"wp-page\" data-elementor-id=\"23368\" class=\"elementor elementor-23368 elementor-23254\" data-elementor-post-type=\"page\">\n\t\t\t\t<div class=\"elementor-element elementor-element-6ca5a7a e-flex e-con-boxed e-con e-parent\" data-id=\"6ca5a7a\" data-element_type=\"container\">\n\t\t\t\t\t<div class=\"e-con-inner\">\n\t\t\t\t<div class=\"elementor-element elementor-element-ecaa0fa elementor-widget elementor-widget-heading\" data-id=\"ecaa0fa\" data-element_type=\"widget\" data-widget_type=\"heading.default\">\n\t\t\t\t<div class=\"elementor-widget-container\">\n\t\t\t\t\t<h1 class=\"elementor-heading-title elementor-size-default\">Ressources<\/h1>\t\t\t\t<\/div>\n\t\t\t\t<\/div>\n\t\t\t\t\t<\/div>\n\t\t\t\t<\/div>\n\t\t<div class=\"elementor-element elementor-element-fc5cd33 e-flex e-con-boxed e-con e-parent\" data-id=\"fc5cd33\" data-element_type=\"container\">\n\t\t\t\t\t<div class=\"e-con-inner\">\n\t\t<a class=\"elementor-element elementor-element-4a07192 e-con-full e-flex e-con e-child\" data-id=\"4a07192\" data-element_type=\"container\" data-settings=\"{&quot;background_background&quot;:&quot;classic&quot;}\" href=\"https:\/\/www.bioanalyt.com\/fr\/documentation-technique\/\">\n\t\t\t\t<div class=\"elementor-element elementor-element-4aa64fa elementor-widget elementor-widget-image\" data-id=\"4aa64fa\" data-element_type=\"widget\" data-widget_type=\"image.default\">\n\t\t\t\t<div class=\"elementor-widget-container\">\n\t\t\t\t\t\t\t\t\t\t\t\t\t\t\t<img fetchpriority=\"high\" decoding=\"async\" width=\"600\" height=\"400\" src=\"https:\/\/www.bioanalyt.com\/wp-content\/uploads\/2026\/01\/resources-technical-materials-1.webp\" class=\"attachment-full size-full wp-image-23361\" alt=\"\" srcset=\"https:\/\/www.bioanalyt.com\/wp-content\/uploads\/2026\/01\/resources-technical-materials-1.webp 600w, https:\/\/www.bioanalyt.com\/wp-content\/uploads\/2026\/01\/resources-technical-materials-1-300x200.webp 300w\" sizes=\"(max-width: 600px) 100vw, 600px\" \/>\t\t\t\t\t\t\t\t\t\t\t\t\t\t\t<\/div>\n\t\t\t\t<\/div>\n\t\t\t\t<div class=\"elementor-element elementor-element-9689a11 elementor-widget elementor-widget-heading\" data-id=\"9689a11\" data-element_type=\"widget\" data-widget_type=\"heading.default\">\n\t\t\t\t<div class=\"elementor-widget-container\">\n\t\t\t\t\t<h4 class=\"elementor-heading-title elementor-size-default\">Mat\u00e9riel technique<\/h4>\t\t\t\t<\/div>\n\t\t\t\t<\/div>\n\t\t\t\t<div class=\"elementor-element elementor-element-ed1bf4b elementor-widget elementor-widget-text-editor\" data-id=\"ed1bf4b\" data-element_type=\"widget\" data-widget_type=\"text-editor.default\">\n\t\t\t\t<div class=\"elementor-widget-container\">\n\t\t\t\t\t\t\t\t\tR\u00e9f\u00e9rentiel des documents techniques de BioAnalyt, y compris les manuels de produits, les proc\u00e9dures op\u00e9ratoires normalis\u00e9es pour la pr\u00e9paration des \u00e9chantillons, les documents d&rsquo;application, les publications scientifiques et les vid\u00e9os d&rsquo;instruction.\t\t\t\t\t\t\t\t<\/div>\n\t\t\t\t<\/div>\n\t\t\t\t<\/a>\n\t\t<a class=\"elementor-element elementor-element-ecf44a2 e-con-full e-flex e-con e-child\" data-id=\"ecf44a2\" data-element_type=\"container\" data-settings=\"{&quot;background_background&quot;:&quot;classic&quot;}\" href=\"https:\/\/www.bioanalyt.com\/fr\/nos-services\/\">\n\t\t\t\t<div class=\"elementor-element elementor-element-41ed62d elementor-widget elementor-widget-image\" data-id=\"41ed62d\" data-element_type=\"widget\" data-widget_type=\"image.default\">\n\t\t\t\t<div class=\"elementor-widget-container\">\n\t\t\t\t\t\t\t\t\t\t\t\t\t\t\t<img decoding=\"async\" width=\"600\" height=\"400\" src=\"https:\/\/www.bioanalyt.com\/wp-content\/uploads\/2026\/01\/resources-services-1.webp\" class=\"attachment-full size-full wp-image-23353\" alt=\"\" srcset=\"https:\/\/www.bioanalyt.com\/wp-content\/uploads\/2026\/01\/resources-services-1.webp 600w, https:\/\/www.bioanalyt.com\/wp-content\/uploads\/2026\/01\/resources-services-1-300x200.webp 300w\" sizes=\"(max-width: 600px) 100vw, 600px\" \/>\t\t\t\t\t\t\t\t\t\t\t\t\t\t\t<\/div>\n\t\t\t\t<\/div>\n\t\t\t\t<div class=\"elementor-element elementor-element-2559572 elementor-widget elementor-widget-heading\" data-id=\"2559572\" data-element_type=\"widget\" data-widget_type=\"heading.default\">\n\t\t\t\t<div class=\"elementor-widget-container\">\n\t\t\t\t\t<h4 class=\"elementor-heading-title elementor-size-default\">Services<\/h4>\t\t\t\t<\/div>\n\t\t\t\t<\/div>\n\t\t\t\t<div class=\"elementor-element elementor-element-cdcd336 elementor-widget elementor-widget-text-editor\" data-id=\"cdcd336\" data-element_type=\"widget\" data-widget_type=\"text-editor.default\">\n\t\t\t\t<div class=\"elementor-widget-container\">\n\t\t\t\t\t\t\t\t\tLes services offerts par BioAnalyt, notamment la formation, le conseil technique, les tests de faisabilit\u00e9, la validation des m\u00e9thodes et le soutien personnalis\u00e9.\t\t\t\t\t\t\t\t<\/div>\n\t\t\t\t<\/div>\n\t\t\t\t<\/a>\n\t\t<a class=\"elementor-element elementor-element-fab7f69 e-con-full e-flex e-con e-child\" data-id=\"fab7f69\" data-element_type=\"container\" data-settings=\"{&quot;background_background&quot;:&quot;classic&quot;}\" href=\"https:\/\/quimpact.org\/\" target=\"_blank\">\n\t\t\t\t<div class=\"elementor-element elementor-element-13447ca elementor-widget elementor-widget-image\" data-id=\"13447ca\" data-element_type=\"widget\" data-widget_type=\"image.default\">\n\t\t\t\t<div class=\"elementor-widget-container\">\n\t\t\t\t\t\t\t\t\t\t\t\t\t\t\t<img decoding=\"async\" width=\"600\" height=\"400\" src=\"https:\/\/www.bioanalyt.com\/wp-content\/uploads\/2026\/01\/resources-quimpact-1.webp\" class=\"attachment-full size-full wp-image-23363\" alt=\"\" srcset=\"https:\/\/www.bioanalyt.com\/wp-content\/uploads\/2026\/01\/resources-quimpact-1.webp 600w, https:\/\/www.bioanalyt.com\/wp-content\/uploads\/2026\/01\/resources-quimpact-1-300x200.webp 300w\" sizes=\"(max-width: 600px) 100vw, 600px\" \/>\t\t\t\t\t\t\t\t\t\t\t\t\t\t\t<\/div>\n\t\t\t\t<\/div>\n\t\t\t\t<div class=\"elementor-element elementor-element-2c1955c elementor-widget elementor-widget-heading\" data-id=\"2c1955c\" data-element_type=\"widget\" data-widget_type=\"heading.default\">\n\t\t\t\t<div class=\"elementor-widget-container\">\n\t\t\t\t\t<h4 class=\"elementor-heading-title elementor-size-default\">Quimpact<\/h4>\t\t\t\t<\/div>\n\t\t\t\t<\/div>\n\t\t\t\t<div class=\"elementor-element elementor-element-4ce6dd3 elementor-widget elementor-widget-text-editor\" data-id=\"4ce6dd3\" data-element_type=\"widget\" data-widget_type=\"text-editor.default\">\n\t\t\t\t<div class=\"elementor-widget-container\">\n\t\t\t\t\t\t\t\t\tPrestataire de services techniques \u00e0 but non lucratif fournissant une expertise sur mesure, d\u00e9veloppant des solutions novatrices, des formations, des \u00e9tudes et des services de conseil pour la sant\u00e9 publique, le contr\u00f4le de la qualit\u00e9 et les interventions en mati\u00e8re de nutrition.\t\t\t\t\t\t\t\t<\/div>\n\t\t\t\t<\/div>\n\t\t\t\t<\/a>\n\t\t\t\t\t<\/div>\n\t\t\t\t<\/div>\n\t\t<div class=\"elementor-element elementor-element-fc6e646 e-flex e-con-boxed e-con e-parent\" data-id=\"fc6e646\" data-element_type=\"container\">\n\t\t\t\t\t<div class=\"e-con-inner\">\n\t\t<div class=\"elementor-element elementor-element-377dd4c e-con-full e-flex e-con e-child\" data-id=\"377dd4c\" data-element_type=\"container\" data-settings=\"{&quot;background_background&quot;:&quot;classic&quot;}\">\n\t\t\t\t<div class=\"elementor-element elementor-element-016ef5f elementor-widget elementor-widget-image\" data-id=\"016ef5f\" data-element_type=\"widget\" data-widget_type=\"image.default\">\n\t\t\t\t<div class=\"elementor-widget-container\">\n\t\t\t\t\t\t\t\t\t\t\t\t\t\t\t\t<a href=\"https:\/\/www.bioanalyt.com\/fr\/actualites-et-medias\/\">\n\t\t\t\t\t\t\t<img loading=\"lazy\" decoding=\"async\" width=\"600\" height=\"400\" src=\"https:\/\/www.bioanalyt.com\/wp-content\/uploads\/2026\/01\/resources-news.webp\" class=\"attachment-full size-full wp-image-23355\" alt=\"\" srcset=\"https:\/\/www.bioanalyt.com\/wp-content\/uploads\/2026\/01\/resources-news.webp 600w, https:\/\/www.bioanalyt.com\/wp-content\/uploads\/2026\/01\/resources-news-300x200.webp 300w\" sizes=\"(max-width: 600px) 100vw, 600px\" \/>\t\t\t\t\t\t\t\t<\/a>\n\t\t\t\t\t\t\t\t\t\t\t\t\t\t\t<\/div>\n\t\t\t\t<\/div>\n\t\t\t\t<div class=\"elementor-element elementor-element-6ea1ddc elementor-widget elementor-widget-heading\" data-id=\"6ea1ddc\" data-element_type=\"widget\" data-widget_type=\"heading.default\">\n\t\t\t\t<div class=\"elementor-widget-container\">\n\t\t\t\t\t<h4 class=\"elementor-heading-title elementor-size-default\">actualit\u00e9s et m\u00e9dias<\/h4>\t\t\t\t<\/div>\n\t\t\t\t<\/div>\n\t\t\t\t<div class=\"elementor-element elementor-element-6dfc42b elementor-widget elementor-widget-text-editor\" data-id=\"6dfc42b\" data-element_type=\"widget\" data-widget_type=\"text-editor.default\">\n\t\t\t\t<div class=\"elementor-widget-container\">\n\t\t\t\t\t\t\t\t\t<p>Articles de presse et couverture m\u00e9diatique pr\u00e9sentant les initiatives, les partenariats et les contributions de BioAnalyt \u00e0 la nutrition mondiale et \u00e0 l&rsquo;analyse des micronutriments.<\/p>\t\t\t\t\t\t\t\t<\/div>\n\t\t\t\t<\/div>\n\t\t\t\t<\/div>\n\t\t<a class=\"elementor-element elementor-element-18d2a5f e-con-full e-flex e-con e-child\" data-id=\"18d2a5f\" data-element_type=\"container\" data-settings=\"{&quot;background_background&quot;:&quot;classic&quot;}\" href=\"https:\/\/www.bioanalyt.com\/fr\/stories\/\">\n\t\t\t\t<div class=\"elementor-element elementor-element-0be8307 elementor-widget elementor-widget-image\" data-id=\"0be8307\" data-element_type=\"widget\" data-widget_type=\"image.default\">\n\t\t\t\t<div class=\"elementor-widget-container\">\n\t\t\t\t\t\t\t\t\t\t\t\t\t\t\t<img loading=\"lazy\" decoding=\"async\" width=\"600\" height=\"400\" src=\"https:\/\/www.bioanalyt.com\/wp-content\/uploads\/2026\/01\/resources-stories-1.webp\" class=\"attachment-full size-full wp-image-23359\" alt=\"\" srcset=\"https:\/\/www.bioanalyt.com\/wp-content\/uploads\/2026\/01\/resources-stories-1.webp 600w, https:\/\/www.bioanalyt.com\/wp-content\/uploads\/2026\/01\/resources-stories-1-300x200.webp 300w\" sizes=\"(max-width: 600px) 100vw, 600px\" \/>\t\t\t\t\t\t\t\t\t\t\t\t\t\t\t<\/div>\n\t\t\t\t<\/div>\n\t\t\t\t<div class=\"elementor-element elementor-element-f2eea4e elementor-widget elementor-widget-heading\" data-id=\"f2eea4e\" data-element_type=\"widget\" data-widget_type=\"heading.default\">\n\t\t\t\t<div class=\"elementor-widget-container\">\n\t\t\t\t\t<h4 class=\"elementor-heading-title elementor-size-default\">histoires<\/h4>\t\t\t\t<\/div>\n\t\t\t\t<\/div>\n\t\t\t\t<div class=\"elementor-element elementor-element-0a061a8 elementor-widget elementor-widget-text-editor\" data-id=\"0a061a8\" data-element_type=\"widget\" data-widget_type=\"text-editor.default\">\n\t\t\t\t<div class=\"elementor-widget-container\">\n\t\t\t\t\t\t\t\t\tHistoires et points forts des projets pr\u00e9sentant le travail de BioAnalyt avec ses partenaires, ses exp\u00e9riences sur le terrain, ses innovations techniques et ses solutions en mati\u00e8re de nutrition.  \t\t\t\t\t\t\t\t<\/div>\n\t\t\t\t<\/div>\n\t\t\t\t<\/a>\n\t\t<a class=\"elementor-element elementor-element-c51698a e-con-full e-flex e-con e-child\" data-id=\"c51698a\" data-element_type=\"container\" data-settings=\"{&quot;background_background&quot;:&quot;classic&quot;}\" href=\"https:\/\/www.bioanalyt.com\/fr\/events\/\">\n\t\t\t\t<div class=\"elementor-element elementor-element-01aa85a elementor-widget elementor-widget-image\" data-id=\"01aa85a\" data-element_type=\"widget\" data-widget_type=\"image.default\">\n\t\t\t\t<div class=\"elementor-widget-container\">\n\t\t\t\t\t\t\t\t\t\t\t\t\t\t\t<img loading=\"lazy\" decoding=\"async\" width=\"600\" height=\"400\" src=\"https:\/\/www.bioanalyt.com\/wp-content\/uploads\/2026\/01\/resources-events-1.webp\" class=\"attachment-full size-full wp-image-23357\" alt=\"\" srcset=\"https:\/\/www.bioanalyt.com\/wp-content\/uploads\/2026\/01\/resources-events-1.webp 600w, https:\/\/www.bioanalyt.com\/wp-content\/uploads\/2026\/01\/resources-events-1-300x200.webp 300w\" sizes=\"(max-width: 600px) 100vw, 600px\" \/>\t\t\t\t\t\t\t\t\t\t\t\t\t\t\t<\/div>\n\t\t\t\t<\/div>\n\t\t\t\t<div class=\"elementor-element elementor-element-e9fb731 elementor-widget elementor-widget-heading\" data-id=\"e9fb731\" data-element_type=\"widget\" data-widget_type=\"heading.default\">\n\t\t\t\t<div class=\"elementor-widget-container\">\n\t\t\t\t\t<h4 class=\"elementor-heading-title elementor-size-default\">Ev\u00e9nements<\/h4>\t\t\t\t<\/div>\n\t\t\t\t<\/div>\n\t\t\t\t<div class=\"elementor-element elementor-element-4011816 elementor-widget elementor-widget-text-editor\" data-id=\"4011816\" data-element_type=\"widget\" data-widget_type=\"text-editor.default\">\n\t\t\t\t<div class=\"elementor-widget-container\">\n\t\t\t\t\t\t\t\t\t<p>Les \u00e9v\u00e9nements pass\u00e9s et \u00e0 venir auxquels BioAnalyt participe, y compris les conf\u00e9rences, les ateliers, les formations et les r\u00e9unions de l&rsquo;industrie.<\/p>\t\t\t\t\t\t\t\t<\/div>\n\t\t\t\t<\/div>\n\t\t\t\t<\/a>\n\t\t\t\t\t<\/div>\n\t\t\t\t<\/div>\n\t\t\t\t<\/div>\n\t\t","protected":false},"excerpt":{"rendered":"<p>Ressources Mat\u00e9riel technique R\u00e9f\u00e9rentiel des documents techniques de BioAnalyt, y compris les manuels de produits, les proc\u00e9dures op\u00e9ratoires normalis\u00e9es pour la pr\u00e9paration des \u00e9chantillons, les documents d&rsquo;application, les publications scientifiques [&hellip;]<\/p>\n","protected":false},"author":1,"featured_media":0,"parent":0,"menu_order":0,"comment_status":"closed","ping_status":"closed","template":"","meta":{"_acf_changed":false,"inline_featured_image":false,"footnotes":""},"class_list":["post-23368","page","type-page","status-publish","hentry"],"acf":[],"yoast_head":"<!-- This site is optimized with the Yoast SEO plugin v25.5 - https:\/\/yoast.com\/wordpress\/plugins\/seo\/ -->\n<title>Ressources - Bioanalyt<\/title>\n<meta name=\"robots\" content=\"index, follow, max-snippet:-1, max-image-preview:large, max-video-preview:-1\" \/>\n<link rel=\"canonical\" href=\"https:\/\/www.bioanalyt.com\/fr\/ressources\/\" \/>\n<meta property=\"og:locale\" content=\"fr_FR\" \/>\n<meta property=\"og:type\" content=\"article\" \/>\n<meta property=\"og:title\" content=\"Ressources - Bioanalyt\" \/>\n<meta property=\"og:description\" content=\"Ressources Mat\u00e9riel technique R\u00e9f\u00e9rentiel des documents techniques de BioAnalyt, y compris les manuels de produits, les proc\u00e9dures op\u00e9ratoires normalis\u00e9es pour la pr\u00e9paration des \u00e9chantillons, les documents d&rsquo;application, les publications scientifiques [&hellip;]\" \/>\n<meta property=\"og:url\" content=\"https:\/\/www.bioanalyt.com\/fr\/ressources\/\" \/>\n<meta property=\"og:site_name\" content=\"Bioanalyt\" \/>\n<meta property=\"article:modified_time\" content=\"2026-01-30T10:39:20+00:00\" \/>\n<meta property=\"og:image\" content=\"https:\/\/www.bioanalyt.com\/wp-content\/uploads\/2026\/01\/resources-technical-materials-1.webp\" \/>\n<meta name=\"twitter:card\" content=\"summary_large_image\" \/>\n<meta name=\"twitter:label1\" content=\"Dur\u00e9e de lecture estim\u00e9e\" \/>\n\t<meta name=\"twitter:data1\" content=\"1 minute\" \/>\n<script type=\"application\/ld+json\" class=\"yoast-schema-graph\">{\"@context\":\"https:\/\/schema.org\",\"@graph\":[{\"@type\":\"WebPage\",\"@id\":\"https:\/\/www.bioanalyt.com\/fr\/ressources\/\",\"url\":\"https:\/\/www.bioanalyt.com\/fr\/ressources\/\",\"name\":\"Ressources - Bioanalyt\",\"isPartOf\":{\"@id\":\"https:\/\/www.bioanalyt.com\/#website\"},\"primaryImageOfPage\":{\"@id\":\"https:\/\/www.bioanalyt.com\/fr\/ressources\/#primaryimage\"},\"image\":{\"@id\":\"https:\/\/www.bioanalyt.com\/fr\/ressources\/#primaryimage\"},\"thumbnailUrl\":\"https:\/\/www.bioanalyt.com\/wp-content\/uploads\/2026\/01\/resources-technical-materials-1.webp\",\"datePublished\":\"2026-01-23T06:46:03+00:00\",\"dateModified\":\"2026-01-30T10:39:20+00:00\",\"breadcrumb\":{\"@id\":\"https:\/\/www.bioanalyt.com\/fr\/ressources\/#breadcrumb\"},\"inLanguage\":\"fr-FR\",\"potentialAction\":[{\"@type\":\"ReadAction\",\"target\":[\"https:\/\/www.bioanalyt.com\/fr\/ressources\/\"]}]},{\"@type\":\"ImageObject\",\"inLanguage\":\"fr-FR\",\"@id\":\"https:\/\/www.bioanalyt.com\/fr\/ressources\/#primaryimage\",\"url\":\"https:\/\/www.bioanalyt.com\/wp-content\/uploads\/2026\/01\/resources-technical-materials-1.webp\",\"contentUrl\":\"https:\/\/www.bioanalyt.com\/wp-content\/uploads\/2026\/01\/resources-technical-materials-1.webp\"},{\"@type\":\"BreadcrumbList\",\"@id\":\"https:\/\/www.bioanalyt.com\/fr\/ressources\/#breadcrumb\",\"itemListElement\":[{\"@type\":\"ListItem\",\"position\":1,\"name\":\"Home\",\"item\":\"https:\/\/www.bioanalyt.com\/fr\/\"},{\"@type\":\"ListItem\",\"position\":2,\"name\":\"Ressources\"}]},{\"@type\":\"WebSite\",\"@id\":\"https:\/\/www.bioanalyt.com\/#website\",\"url\":\"https:\/\/www.bioanalyt.com\/\",\"name\":\"Bioanalyt\",\"description\":\"Measure for life\",\"publisher\":{\"@id\":\"https:\/\/www.bioanalyt.com\/#organization\"},\"potentialAction\":[{\"@type\":\"SearchAction\",\"target\":{\"@type\":\"EntryPoint\",\"urlTemplate\":\"https:\/\/www.bioanalyt.com\/?s={search_term_string}\"},\"query-input\":{\"@type\":\"PropertyValueSpecification\",\"valueRequired\":true,\"valueName\":\"search_term_string\"}}],\"inLanguage\":\"fr-FR\"},{\"@type\":\"Organization\",\"@id\":\"https:\/\/www.bioanalyt.com\/#organization\",\"name\":\"Bioanalyt\",\"url\":\"https:\/\/www.bioanalyt.com\/\",\"logo\":{\"@type\":\"ImageObject\",\"inLanguage\":\"fr-FR\",\"@id\":\"https:\/\/www.bioanalyt.com\/#\/schema\/logo\/image\/\",\"url\":\"https:\/\/www.bioanalyt.com\/wp-content\/uploads\/2024\/09\/Logo-Horizontal.svg\",\"contentUrl\":\"https:\/\/www.bioanalyt.com\/wp-content\/uploads\/2024\/09\/Logo-Horizontal.svg\",\"width\":112,\"height\":64,\"caption\":\"Bioanalyt\"},\"image\":{\"@id\":\"https:\/\/www.bioanalyt.com\/#\/schema\/logo\/image\/\"},\"sameAs\":[\"https:\/\/www.linkedin.com\/company\/bioanalyt\/\",\"https:\/\/www.youtube.com\/user\/BioAnalyt\"]}]}<\/script>\n<!-- \/ Yoast SEO plugin. -->","yoast_head_json":{"title":"Ressources - Bioanalyt","robots":{"index":"index","follow":"follow","max-snippet":"max-snippet:-1","max-image-preview":"max-image-preview:large","max-video-preview":"max-video-preview:-1"},"canonical":"https:\/\/www.bioanalyt.com\/fr\/ressources\/","og_locale":"fr_FR","og_type":"article","og_title":"Ressources - Bioanalyt","og_description":"Ressources Mat\u00e9riel technique R\u00e9f\u00e9rentiel des documents techniques de BioAnalyt, y compris les manuels de produits, les proc\u00e9dures op\u00e9ratoires normalis\u00e9es pour la pr\u00e9paration des \u00e9chantillons, les documents d&rsquo;application, les publications scientifiques [&hellip;]","og_url":"https:\/\/www.bioanalyt.com\/fr\/ressources\/","og_site_name":"Bioanalyt","article_modified_time":"2026-01-30T10:39:20+00:00","og_image":[{"url":"https:\/\/www.bioanalyt.com\/wp-content\/uploads\/2026\/01\/resources-technical-materials-1.webp","type":"","width":"","height":""}],"twitter_card":"summary_large_image","twitter_misc":{"Dur\u00e9e de lecture estim\u00e9e":"1 minute"},"schema":{"@context":"https:\/\/schema.org","@graph":[{"@type":"WebPage","@id":"https:\/\/www.bioanalyt.com\/fr\/ressources\/","url":"https:\/\/www.bioanalyt.com\/fr\/ressources\/","name":"Ressources - Bioanalyt","isPartOf":{"@id":"https:\/\/www.bioanalyt.com\/#website"},"primaryImageOfPage":{"@id":"https:\/\/www.bioanalyt.com\/fr\/ressources\/#primaryimage"},"image":{"@id":"https:\/\/www.bioanalyt.com\/fr\/ressources\/#primaryimage"},"thumbnailUrl":"https:\/\/www.bioanalyt.com\/wp-content\/uploads\/2026\/01\/resources-technical-materials-1.webp","datePublished":"2026-01-23T06:46:03+00:00","dateModified":"2026-01-30T10:39:20+00:00","breadcrumb":{"@id":"https:\/\/www.bioanalyt.com\/fr\/ressources\/#breadcrumb"},"inLanguage":"fr-FR","potentialAction":[{"@type":"ReadAction","target":["https:\/\/www.bioanalyt.com\/fr\/ressources\/"]}]},{"@type":"ImageObject","inLanguage":"fr-FR","@id":"https:\/\/www.bioanalyt.com\/fr\/ressources\/#primaryimage","url":"https:\/\/www.bioanalyt.com\/wp-content\/uploads\/2026\/01\/resources-technical-materials-1.webp","contentUrl":"https:\/\/www.bioanalyt.com\/wp-content\/uploads\/2026\/01\/resources-technical-materials-1.webp"},{"@type":"BreadcrumbList","@id":"https:\/\/www.bioanalyt.com\/fr\/ressources\/#breadcrumb","itemListElement":[{"@type":"ListItem","position":1,"name":"Home","item":"https:\/\/www.bioanalyt.com\/fr\/"},{"@type":"ListItem","position":2,"name":"Ressources"}]},{"@type":"WebSite","@id":"https:\/\/www.bioanalyt.com\/#website","url":"https:\/\/www.bioanalyt.com\/","name":"Bioanalyt","description":"Measure for life","publisher":{"@id":"https:\/\/www.bioanalyt.com\/#organization"},"potentialAction":[{"@type":"SearchAction","target":{"@type":"EntryPoint","urlTemplate":"https:\/\/www.bioanalyt.com\/?s={search_term_string}"},"query-input":{"@type":"PropertyValueSpecification","valueRequired":true,"valueName":"search_term_string"}}],"inLanguage":"fr-FR"},{"@type":"Organization","@id":"https:\/\/www.bioanalyt.com\/#organization","name":"Bioanalyt","url":"https:\/\/www.bioanalyt.com\/","logo":{"@type":"ImageObject","inLanguage":"fr-FR","@id":"https:\/\/www.bioanalyt.com\/#\/schema\/logo\/image\/","url":"https:\/\/www.bioanalyt.com\/wp-content\/uploads\/2024\/09\/Logo-Horizontal.svg","contentUrl":"https:\/\/www.bioanalyt.com\/wp-content\/uploads\/2024\/09\/Logo-Horizontal.svg","width":112,"height":64,"caption":"Bioanalyt"},"image":{"@id":"https:\/\/www.bioanalyt.com\/#\/schema\/logo\/image\/"},"sameAs":["https:\/\/www.linkedin.com\/company\/bioanalyt\/","https:\/\/www.youtube.com\/user\/BioAnalyt"]}]}},"_links":{"self":[{"href":"https:\/\/www.bioanalyt.com\/fr\/wp-json\/wp\/v2\/pages\/23368","targetHints":{"allow":["GET"]}}],"collection":[{"href":"https:\/\/www.bioanalyt.com\/fr\/wp-json\/wp\/v2\/pages"}],"about":[{"href":"https:\/\/www.bioanalyt.com\/fr\/wp-json\/wp\/v2\/types\/page"}],"author":[{"embeddable":true,"href":"https:\/\/www.bioanalyt.com\/fr\/wp-json\/wp\/v2\/users\/1"}],"replies":[{"embeddable":true,"href":"https:\/\/www.bioanalyt.com\/fr\/wp-json\/wp\/v2\/comments?post=23368"}],"version-history":[{"count":1,"href":"https:\/\/www.bioanalyt.com\/fr\/wp-json\/wp\/v2\/pages\/23368\/revisions"}],"predecessor-version":[{"id":23369,"href":"https:\/\/www.bioanalyt.com\/fr\/wp-json\/wp\/v2\/pages\/23368\/revisions\/23369"}],"wp:attachment":[{"href":"https:\/\/www.bioanalyt.com\/fr\/wp-json\/wp\/v2\/media?parent=23368"}],"curies":[{"name":"wp","href":"https:\/\/api.w.org\/{rel}","templated":true}]}}