{"id":22561,"date":"2024-10-09T04:36:17","date_gmt":"2024-10-09T04:36:17","guid":{"rendered":"https:\/\/www.bioanalyt.com\/impressum\/"},"modified":"2025-11-18T08:38:00","modified_gmt":"2025-11-18T08:38:00","slug":"impressum","status":"publish","type":"page","link":"https:\/\/www.bioanalyt.com\/fr\/impressum\/","title":{"rendered":"Impressum"},"content":{"rendered":"<div id=\"bsf_rt_marker\"><\/div>\t\t<div data-elementor-type=\"wp-page\" data-elementor-id=\"22561\" class=\"elementor elementor-22561 elementor-464\" data-elementor-post-type=\"page\">\n\t\t\t\t<div class=\"elementor-element elementor-element-b432fd9 e-flex e-con-boxed e-con e-parent\" data-id=\"b432fd9\" data-element_type=\"container\">\n\t\t\t\t\t<div class=\"e-con-inner\">\n\t\t\t\t<div class=\"elementor-element elementor-element-8802e35 elementor-widget elementor-widget-text-editor\" data-id=\"8802e35\" data-element_type=\"widget\" data-widget_type=\"text-editor.default\">\n\t\t\t\t<div class=\"elementor-widget-container\">\n\t\t\t\t\t\t\t\t\t<p>BioAnalyt GmbH <br>Rheinstra\u00dfe 17 <br>14513 Teltow, Allemagne<br><strong>E-mail<\/strong>: <a href=\"mailto:contact@bioanalyt.com\">contact@bioanalyt.com<\/a><br><strong>Website :<\/strong> www.bioanalyt.com<\/p><p><strong>Registre du commerce :<br><\/strong> Enregistr\u00e9 au tribunal de district de Potsdam (Amtsgericht Potsdam) HRB 12621<\/p><p>Num\u00e9ro d&rsquo;identification TVA (Umsatzsteuer-Identifikationsnummer) : DE129437800<\/p><p><strong>Responsable du contenu conform\u00e9ment au \u00a7 55 Abs. 2 RStV : <\/strong> <br>Florian J. Schweigert<\/p>\t\t\t\t\t\t\t\t<\/div>\n\t\t\t\t<\/div>\n\t\t\t\t<div class=\"elementor-element elementor-element-83e734e elementor-widget elementor-widget-spacer\" data-id=\"83e734e\" data-element_type=\"widget\" data-widget_type=\"spacer.default\">\n\t\t\t\t<div class=\"elementor-widget-container\">\n\t\t\t\t\t\t\t<div class=\"elementor-spacer\">\n\t\t\t<div class=\"elementor-spacer-inner\"><\/div>\n\t\t<\/div>\n\t\t\t\t\t\t<\/div>\n\t\t\t\t<\/div>\n\t\t\t\t<div class=\"elementor-element elementor-element-90bd6e3 elementor-widget elementor-widget-text-editor\" data-id=\"90bd6e3\" data-element_type=\"widget\" data-widget_type=\"text-editor.default\">\n\t\t\t\t<div class=\"elementor-widget-container\">\n\t\t\t\t\t\t\t\t\t<h4><strong>Notes juridiques \/ Clause de non-responsabilit\u00e9<\/strong><\/h4><h5><strong>Pas de garantie<\/strong><\/h5><p>BioAnalyt GmbH s&rsquo;efforce d&rsquo;assurer l&rsquo;exactitude et la mise \u00e0 jour des informations contenues dans ce site Web. Toutefois, nous nous r\u00e9servons le droit de modifier, d&rsquo;actualiser, de compl\u00e9ter ou de supprimer tout contenu sans pr\u00e9avis. Nous ne donnons aucune garantie, expresse ou implicite, quant \u00e0 l&rsquo;exhaustivit\u00e9, l&rsquo;exactitude, l&rsquo;ad\u00e9quation ou la l\u00e9galit\u00e9 du contenu fourni. Nous n&rsquo;assumons aucune responsabilit\u00e9 pour les dommages directs ou indirects r\u00e9sultant de l&rsquo;utilisation de notre site web, sauf en cas de faute intentionnelle ou de n\u00e9gligence grave de notre part.   <\/p><h5><strong>Liens externes<\/strong><\/h5><p>Notre site web peut contenir des liens vers des sites web externes exploit\u00e9s par des tiers. Ces liens sont fournis uniquement pour la commodit\u00e9 de l&rsquo;utilisateur. BioAnalyt GmbH n&rsquo;a aucun contr\u00f4le sur le contenu des sites Web externes et n&rsquo;approuve pas, n&rsquo;assume pas la responsabilit\u00e9 ou ne garantit pas leur disponibilit\u00e9, leur exactitude ou leur fiabilit\u00e9. L&rsquo;inclusion de liens externes n&rsquo;implique pas une approbation ou une recommandation du contenu li\u00e9. Les utilisateurs acc\u00e8dent aux sites web de tiers \u00e0 leurs propres risques.    <\/p><h5><strong>Droits d&rsquo;auteur et droits de propri\u00e9t\u00e9 intellectuelle<\/strong><\/h5><p>L&rsquo;ensemble du contenu de ce site web, y compris, mais sans s&rsquo;y limiter, la mise en page, le texte, les images, les graphiques et les \u00e9l\u00e9ments multim\u00e9dias, est prot\u00e9g\u00e9 par les lois sur les droits d&rsquo;auteur (Urheberrecht) et d&rsquo;autres lois applicables en mati\u00e8re de propri\u00e9t\u00e9 intellectuelle. La copie, la distribution, la modification ou l&rsquo;utilisation non autoris\u00e9e du contenu \u00e0 des fins commerciales est strictement interdite. Aucune licence ni aucun droit d&rsquo;utilisation d&rsquo;une quelconque propri\u00e9t\u00e9 intellectuelle (par exemple, marques, brevets ou droits d&rsquo;auteur) n&rsquo;est accord\u00e9 ou impliqu\u00e9 par l&rsquo;acc\u00e8s \u00e0 ce site web. Certains \u00e9l\u00e9ments peuvent \u00eatre soumis aux droits d&rsquo;auteur de tiers, auquel cas leurs droits restent enti\u00e8rement prot\u00e9g\u00e9s.   <\/p><p><strong>Protection des donn\u00e9es<br><\/strong> Pour plus d&rsquo;informations sur la mani\u00e8re dont nous traitons les donn\u00e9es personnelles, veuillez consulter notre politique de confidentialit\u00e9.<br><strong>Derni\u00e8re mise \u00e0 jour : 31.01.2025<\/strong><\/p>\t\t\t\t\t\t\t\t<\/div>\n\t\t\t\t<\/div>\n\t\t\t\t\t<\/div>\n\t\t\t\t<\/div>\n\t\t\t\t<\/div>\n\t\t","protected":false},"excerpt":{"rendered":"<p>BioAnalyt GmbH Rheinstra\u00dfe 17 14513 Teltow, AllemagneE-mail: contact@bioanalyt.comWebsite : www.bioanalyt.com Registre du commerce : Enregistr\u00e9 au tribunal de district de Potsdam (Amtsgericht Potsdam) HRB 12621 Num\u00e9ro d&rsquo;identification TVA (Umsatzsteuer-Identifikationsnummer) : [&hellip;]<\/p>\n","protected":false},"author":1,"featured_media":19492,"parent":0,"menu_order":17,"comment_status":"closed","ping_status":"closed","template":"elementor_header_footer","meta":{"_acf_changed":false,"inline_featured_image":false,"footnotes":""},"class_list":["post-22561","page","type-page","status-publish","has-post-thumbnail","hentry"],"acf":[],"yoast_head":"<!-- This site is optimized with the Yoast SEO plugin v25.5 - https:\/\/yoast.com\/wordpress\/plugins\/seo\/ -->\n<title>Impressum - Bioanalyt<\/title>\n<meta name=\"description\" content=\"BioAnalyt Impressum - Mentions l\u00e9gales et informations de contact. Acc\u00e9dez aux d\u00e9tails de l&#039;entreprise, aux informations r\u00e9glementaires, aux informations sur le PDG et la direction, \u00e0 l&#039;adresse du si\u00e8ge social, \u00e0 l&#039;enregistrement de l&#039;entreprise, aux num\u00e9ros d&#039;identification fiscale et au responsable de la protection des donn\u00e9es.\" \/>\n<meta name=\"robots\" content=\"index, follow, max-snippet:-1, max-image-preview:large, max-video-preview:-1\" \/>\n<link rel=\"canonical\" href=\"https:\/\/www.bioanalyt.com\/fr\/impressum\/\" \/>\n<meta property=\"og:locale\" content=\"fr_FR\" \/>\n<meta property=\"og:type\" content=\"article\" \/>\n<meta property=\"og:title\" content=\"Impressum - Bioanalyt\" \/>\n<meta property=\"og:description\" content=\"BioAnalyt Impressum - Mentions l\u00e9gales et informations de contact. Acc\u00e9dez aux d\u00e9tails de l&#039;entreprise, aux informations r\u00e9glementaires, aux informations sur le PDG et la direction, \u00e0 l&#039;adresse du si\u00e8ge social, \u00e0 l&#039;enregistrement de l&#039;entreprise, aux num\u00e9ros d&#039;identification fiscale et au responsable de la protection des donn\u00e9es.\" \/>\n<meta property=\"og:url\" content=\"https:\/\/www.bioanalyt.com\/fr\/impressum\/\" \/>\n<meta property=\"og:site_name\" content=\"Bioanalyt\" \/>\n<meta property=\"article:modified_time\" content=\"2025-11-18T08:38:00+00:00\" \/>\n<meta name=\"twitter:card\" content=\"summary_large_image\" \/>\n<meta name=\"twitter:label1\" content=\"Dur\u00e9e de lecture estim\u00e9e\" \/>\n\t<meta name=\"twitter:data1\" content=\"2 minutes\" \/>\n<script type=\"application\/ld+json\" class=\"yoast-schema-graph\">{\"@context\":\"https:\/\/schema.org\",\"@graph\":[{\"@type\":\"WebPage\",\"@id\":\"https:\/\/www.bioanalyt.com\/fr\/impressum\/\",\"url\":\"https:\/\/www.bioanalyt.com\/fr\/impressum\/\",\"name\":\"Impressum - Bioanalyt\",\"isPartOf\":{\"@id\":\"https:\/\/www.bioanalyt.com\/#website\"},\"primaryImageOfPage\":{\"@id\":\"https:\/\/www.bioanalyt.com\/fr\/impressum\/#primaryimage\"},\"image\":{\"@id\":\"https:\/\/www.bioanalyt.com\/fr\/impressum\/#primaryimage\"},\"thumbnailUrl\":\"https:\/\/www.bioanalyt.com\/wp-content\/uploads\/2025\/01\/Icon4.svg\",\"datePublished\":\"2024-10-09T04:36:17+00:00\",\"dateModified\":\"2025-11-18T08:38:00+00:00\",\"description\":\"BioAnalyt Impressum - Mentions l\u00e9gales et informations de contact. Acc\u00e9dez aux d\u00e9tails de l'entreprise, aux informations r\u00e9glementaires, aux informations sur le PDG et la direction, \u00e0 l'adresse du si\u00e8ge social, \u00e0 l'enregistrement de l'entreprise, aux num\u00e9ros d'identification fiscale et au responsable de la protection des donn\u00e9es.\",\"breadcrumb\":{\"@id\":\"https:\/\/www.bioanalyt.com\/fr\/impressum\/#breadcrumb\"},\"inLanguage\":\"fr-FR\",\"potentialAction\":[{\"@type\":\"ReadAction\",\"target\":[\"https:\/\/www.bioanalyt.com\/fr\/impressum\/\"]}]},{\"@type\":\"ImageObject\",\"inLanguage\":\"fr-FR\",\"@id\":\"https:\/\/www.bioanalyt.com\/fr\/impressum\/#primaryimage\",\"url\":\"https:\/\/www.bioanalyt.com\/wp-content\/uploads\/2025\/01\/Icon4.svg\",\"contentUrl\":\"https:\/\/www.bioanalyt.com\/wp-content\/uploads\/2025\/01\/Icon4.svg\",\"width\":64,\"height\":64},{\"@type\":\"BreadcrumbList\",\"@id\":\"https:\/\/www.bioanalyt.com\/fr\/impressum\/#breadcrumb\",\"itemListElement\":[{\"@type\":\"ListItem\",\"position\":1,\"name\":\"Home\",\"item\":\"https:\/\/www.bioanalyt.com\/fr\/\"},{\"@type\":\"ListItem\",\"position\":2,\"name\":\"Impressum\"}]},{\"@type\":\"WebSite\",\"@id\":\"https:\/\/www.bioanalyt.com\/#website\",\"url\":\"https:\/\/www.bioanalyt.com\/\",\"name\":\"Bioanalyt\",\"description\":\"Measure for life\",\"publisher\":{\"@id\":\"https:\/\/www.bioanalyt.com\/#organization\"},\"potentialAction\":[{\"@type\":\"SearchAction\",\"target\":{\"@type\":\"EntryPoint\",\"urlTemplate\":\"https:\/\/www.bioanalyt.com\/?s={search_term_string}\"},\"query-input\":{\"@type\":\"PropertyValueSpecification\",\"valueRequired\":true,\"valueName\":\"search_term_string\"}}],\"inLanguage\":\"fr-FR\"},{\"@type\":\"Organization\",\"@id\":\"https:\/\/www.bioanalyt.com\/#organization\",\"name\":\"Bioanalyt\",\"url\":\"https:\/\/www.bioanalyt.com\/\",\"logo\":{\"@type\":\"ImageObject\",\"inLanguage\":\"fr-FR\",\"@id\":\"https:\/\/www.bioanalyt.com\/#\/schema\/logo\/image\/\",\"url\":\"https:\/\/www.bioanalyt.com\/wp-content\/uploads\/2024\/09\/Logo-Horizontal.svg\",\"contentUrl\":\"https:\/\/www.bioanalyt.com\/wp-content\/uploads\/2024\/09\/Logo-Horizontal.svg\",\"width\":112,\"height\":64,\"caption\":\"Bioanalyt\"},\"image\":{\"@id\":\"https:\/\/www.bioanalyt.com\/#\/schema\/logo\/image\/\"},\"sameAs\":[\"https:\/\/www.linkedin.com\/company\/bioanalyt\/\",\"https:\/\/www.youtube.com\/user\/BioAnalyt\"]}]}<\/script>\n<!-- \/ Yoast SEO plugin. -->","yoast_head_json":{"title":"Impressum - Bioanalyt","description":"BioAnalyt Impressum - Mentions l\u00e9gales et informations de contact. Acc\u00e9dez aux d\u00e9tails de l'entreprise, aux informations r\u00e9glementaires, aux informations sur le PDG et la direction, \u00e0 l'adresse du si\u00e8ge social, \u00e0 l'enregistrement de l'entreprise, aux num\u00e9ros d'identification fiscale et au responsable de la protection des donn\u00e9es.","robots":{"index":"index","follow":"follow","max-snippet":"max-snippet:-1","max-image-preview":"max-image-preview:large","max-video-preview":"max-video-preview:-1"},"canonical":"https:\/\/www.bioanalyt.com\/fr\/impressum\/","og_locale":"fr_FR","og_type":"article","og_title":"Impressum - Bioanalyt","og_description":"BioAnalyt Impressum - Mentions l\u00e9gales et informations de contact. Acc\u00e9dez aux d\u00e9tails de l'entreprise, aux informations r\u00e9glementaires, aux informations sur le PDG et la direction, \u00e0 l'adresse du si\u00e8ge social, \u00e0 l'enregistrement de l'entreprise, aux num\u00e9ros d'identification fiscale et au responsable de la protection des donn\u00e9es.","og_url":"https:\/\/www.bioanalyt.com\/fr\/impressum\/","og_site_name":"Bioanalyt","article_modified_time":"2025-11-18T08:38:00+00:00","twitter_card":"summary_large_image","twitter_misc":{"Dur\u00e9e de lecture estim\u00e9e":"2 minutes"},"schema":{"@context":"https:\/\/schema.org","@graph":[{"@type":"WebPage","@id":"https:\/\/www.bioanalyt.com\/fr\/impressum\/","url":"https:\/\/www.bioanalyt.com\/fr\/impressum\/","name":"Impressum - Bioanalyt","isPartOf":{"@id":"https:\/\/www.bioanalyt.com\/#website"},"primaryImageOfPage":{"@id":"https:\/\/www.bioanalyt.com\/fr\/impressum\/#primaryimage"},"image":{"@id":"https:\/\/www.bioanalyt.com\/fr\/impressum\/#primaryimage"},"thumbnailUrl":"https:\/\/www.bioanalyt.com\/wp-content\/uploads\/2025\/01\/Icon4.svg","datePublished":"2024-10-09T04:36:17+00:00","dateModified":"2025-11-18T08:38:00+00:00","description":"BioAnalyt Impressum - Mentions l\u00e9gales et informations de contact. Acc\u00e9dez aux d\u00e9tails de l'entreprise, aux informations r\u00e9glementaires, aux informations sur le PDG et la direction, \u00e0 l'adresse du si\u00e8ge social, \u00e0 l'enregistrement de l'entreprise, aux num\u00e9ros d'identification fiscale et au responsable de la protection des donn\u00e9es.","breadcrumb":{"@id":"https:\/\/www.bioanalyt.com\/fr\/impressum\/#breadcrumb"},"inLanguage":"fr-FR","potentialAction":[{"@type":"ReadAction","target":["https:\/\/www.bioanalyt.com\/fr\/impressum\/"]}]},{"@type":"ImageObject","inLanguage":"fr-FR","@id":"https:\/\/www.bioanalyt.com\/fr\/impressum\/#primaryimage","url":"https:\/\/www.bioanalyt.com\/wp-content\/uploads\/2025\/01\/Icon4.svg","contentUrl":"https:\/\/www.bioanalyt.com\/wp-content\/uploads\/2025\/01\/Icon4.svg","width":64,"height":64},{"@type":"BreadcrumbList","@id":"https:\/\/www.bioanalyt.com\/fr\/impressum\/#breadcrumb","itemListElement":[{"@type":"ListItem","position":1,"name":"Home","item":"https:\/\/www.bioanalyt.com\/fr\/"},{"@type":"ListItem","position":2,"name":"Impressum"}]},{"@type":"WebSite","@id":"https:\/\/www.bioanalyt.com\/#website","url":"https:\/\/www.bioanalyt.com\/","name":"Bioanalyt","description":"Measure for life","publisher":{"@id":"https:\/\/www.bioanalyt.com\/#organization"},"potentialAction":[{"@type":"SearchAction","target":{"@type":"EntryPoint","urlTemplate":"https:\/\/www.bioanalyt.com\/?s={search_term_string}"},"query-input":{"@type":"PropertyValueSpecification","valueRequired":true,"valueName":"search_term_string"}}],"inLanguage":"fr-FR"},{"@type":"Organization","@id":"https:\/\/www.bioanalyt.com\/#organization","name":"Bioanalyt","url":"https:\/\/www.bioanalyt.com\/","logo":{"@type":"ImageObject","inLanguage":"fr-FR","@id":"https:\/\/www.bioanalyt.com\/#\/schema\/logo\/image\/","url":"https:\/\/www.bioanalyt.com\/wp-content\/uploads\/2024\/09\/Logo-Horizontal.svg","contentUrl":"https:\/\/www.bioanalyt.com\/wp-content\/uploads\/2024\/09\/Logo-Horizontal.svg","width":112,"height":64,"caption":"Bioanalyt"},"image":{"@id":"https:\/\/www.bioanalyt.com\/#\/schema\/logo\/image\/"},"sameAs":["https:\/\/www.linkedin.com\/company\/bioanalyt\/","https:\/\/www.youtube.com\/user\/BioAnalyt"]}]}},"_links":{"self":[{"href":"https:\/\/www.bioanalyt.com\/fr\/wp-json\/wp\/v2\/pages\/22561","targetHints":{"allow":["GET"]}}],"collection":[{"href":"https:\/\/www.bioanalyt.com\/fr\/wp-json\/wp\/v2\/pages"}],"about":[{"href":"https:\/\/www.bioanalyt.com\/fr\/wp-json\/wp\/v2\/types\/page"}],"author":[{"embeddable":true,"href":"https:\/\/www.bioanalyt.com\/fr\/wp-json\/wp\/v2\/users\/1"}],"replies":[{"embeddable":true,"href":"https:\/\/www.bioanalyt.com\/fr\/wp-json\/wp\/v2\/comments?post=22561"}],"version-history":[{"count":1,"href":"https:\/\/www.bioanalyt.com\/fr\/wp-json\/wp\/v2\/pages\/22561\/revisions"}],"predecessor-version":[{"id":22563,"href":"https:\/\/www.bioanalyt.com\/fr\/wp-json\/wp\/v2\/pages\/22561\/revisions\/22563"}],"wp:featuredmedia":[{"embeddable":true,"href":"https:\/\/www.bioanalyt.com\/fr\/wp-json\/wp\/v2\/media\/19492"}],"wp:attachment":[{"href":"https:\/\/www.bioanalyt.com\/fr\/wp-json\/wp\/v2\/media?parent=22561"}],"curies":[{"name":"wp","href":"https:\/\/api.w.org\/{rel}","templated":true}]}}