{"id":22546,"date":"2024-09-25T08:35:50","date_gmt":"2024-09-25T08:35:50","guid":{"rendered":"https:\/\/www.bioanalyt.com\/politique-de-confidentialite\/"},"modified":"2025-11-18T08:37:46","modified_gmt":"2025-11-18T08:37:46","slug":"politique-de-confidentialite","status":"publish","type":"page","link":"https:\/\/www.bioanalyt.com\/fr\/politique-de-confidentialite\/","title":{"rendered":"Politique de confidentialit\u00e9"},"content":{"rendered":"<div id=\"bsf_rt_marker\"><\/div>\t\t<div data-elementor-type=\"wp-page\" data-elementor-id=\"22546\" class=\"elementor elementor-22546 elementor-3\" data-elementor-post-type=\"page\">\n\t\t\t\t<div class=\"elementor-element elementor-element-a890feb e-flex e-con-boxed e-con e-parent\" data-id=\"a890feb\" data-element_type=\"container\">\n\t\t\t\t\t<div class=\"e-con-inner\">\n\t\t\t\t<div class=\"elementor-element elementor-element-761c987 elementor-widget elementor-widget-text-editor\" data-id=\"761c987\" data-element_type=\"widget\" data-widget_type=\"text-editor.default\">\n\t\t\t\t<div class=\"elementor-widget-container\">\n\t\t\t\t\t\t\t\t\t<h4>\u00a7 1 Information sur la collecte de donn\u00e9es \u00e0 caract\u00e8re personnel<\/h4><ol><li>Nous vous informons ci-apr\u00e8s de la collecte de donn\u00e9es \u00e0 caract\u00e8re personnel lors de l&rsquo;utilisation de notre site Internet Les donn\u00e9es \u00e0 caract\u00e8re personnel sont toutes les donn\u00e9es qui peuvent \u00eatre associ\u00e9es \u00e0 votre personne, telles que votre nom, votre adresse, votre adresse \u00e9lectronique ou votre comportement en tant qu&rsquo;utilisateur.<\/li><li>BioAnalyt GmbH (\u00ab\u00a0BioAnalyt\u00a0\u00bb) s&rsquo;engage \u00e0 prot\u00e9ger votre vie priv\u00e9e lorsque vous acc\u00e9dez et utilisez les sites web de BioAnalyt et recevez les services de BioAnalyt. Nous assurons la s\u00e9curit\u00e9 et l&rsquo;int\u00e9grit\u00e9 de vos donn\u00e9es personnelles conform\u00e9ment aux lois applicables en mati\u00e8re de protection des donn\u00e9es, y compris le R\u00e8glement g\u00e9n\u00e9ral sur la protection des donn\u00e9es (RGPD) de l&rsquo;UE. <\/li><li>Le responsable du traitement des donn\u00e9es conform\u00e9ment \u00e0 l&rsquo;article 4 (7) du GDPR est :<ul><li>BioAnalyt GmbH<br>Rheinstra\u00dfe 17 <br>14513 Teltow <br>Allemagne<br>Email : <a href=\"mailto:contact@bioanalyt.com\">contact@bioanalyt.com<\/a><\/li><li><strong>D\u00e9l\u00e9gu\u00e9 \u00e0 la protection des donn\u00e9es :<br><\/strong>Ralf Fischer<br><strong>Email :<\/strong> ralf.fischer@clixon-datenschutz.de<\/li><\/ul><\/li><li>Lorsque vous nous contactez par courrier \u00e9lectronique ou au moyen d&rsquo;un formulaire de contact, les donn\u00e9es que vous fournissez (par exemple, votre nom, votre adresse \u00e9lectronique, votre num\u00e9ro de t\u00e9l\u00e9phone) sont stock\u00e9es dans le but de r\u00e9pondre \u00e0 votre demande. Ces donn\u00e9es seront supprim\u00e9es d\u00e8s qu&rsquo;elles ne seront plus n\u00e9cessaires, \u00e0 moins que leur conservation ne soit requise pour se conformer \u00e0 des obligations l\u00e9gales.<\/li><li>Si nous faisons appel \u00e0 des prestataires de services sous contrat ou si nous traitons vos donn\u00e9es \u00e0 des fins publicitaires, nous vous en informerons ci-dessous, y compris les crit\u00e8res relatifs \u00e0 la p\u00e9riode de stockage.<\/li><\/ol>\t\t\t\t\t\t\t\t<\/div>\n\t\t\t\t<\/div>\n\t\t\t\t<div class=\"elementor-element elementor-element-d033e0e elementor-widget elementor-widget-text-editor\" data-id=\"d033e0e\" data-element_type=\"widget\" data-widget_type=\"text-editor.default\">\n\t\t\t\t<div class=\"elementor-widget-container\">\n\t\t\t\t\t\t\t\t\t<h4>\u00a7 2 Vos droits<\/h4><ol><li>En vertu du GDPR, vous disposez des droits suivants concernant vos donn\u00e9es personnelles :<br><ul><li>Droit \u00e0 l&rsquo;information (Art. 15 GDPR)<\/li><li>Droit de rectification (article 16 du RGPD)<\/li><li>Droit \u00e0 l&rsquo;effacement (\u00ab\u00a0droit \u00e0 l&rsquo;oubli\u00a0\u00bb) (article 17 du RGPD)<\/li><li>Droit \u00e0 la limitation du traitement (article 18 du RGPD)<\/li><li>Droit d&rsquo;opposition au traitement (Art. 21 GDPR)<\/li><li>Droit \u00e0 la portabilit\u00e9 des donn\u00e9es (article 20 du RGPD)<\/li><li>Droit de retirer son consentement \u00e0 tout moment (article 7, paragraphe 3, du RGPD) <\/li><li>Droit d&rsquo;introduire une r\u00e9clamation aupr\u00e8s d&rsquo;une autorit\u00e9 de contr\u00f4le (article 77 du RGPD)<\/li><\/ul><\/li><li>Vous pouvez d\u00e9poser une plainte aupr\u00e8s de l&rsquo;autorit\u00e9 comp\u00e9tente en mati\u00e8re de protection des donn\u00e9es :<br><ul><li>Die Landesbeauftragte f\u00fcr den Datenschutz Brandenburg <br>Stahnsdorfer Damm 77<br>14532 Kleinmachnow <br>Germany<br><p>Courriel : <a href=\"mailto:poststelle@lda.brandenburg.de\">poststelle@lda.brandenburg.de<\/a><\/p><\/li><\/ul><\/li><\/ol>\t\t\t\t\t\t\t\t<\/div>\n\t\t\t\t<\/div>\n\t\t\t\t<div class=\"elementor-element elementor-element-0869b39 elementor-widget elementor-widget-text-editor\" data-id=\"0869b39\" data-element_type=\"widget\" data-widget_type=\"text-editor.default\">\n\t\t\t\t<div class=\"elementor-widget-container\">\n\t\t\t\t\t\t\t\t\t<h4>\u00a7 3 Collecte et utilisation des donn\u00e9es \u00e0 caract\u00e8re personnel<\/h4><p><strong>1) Donn\u00e9es collect\u00e9es et finalit\u00e9 du traitement<\/strong><\/p><p>Nous traitons les cat\u00e9gories suivantes de donn\u00e9es \u00e0 caract\u00e8re personnel :<\/p><ul><li>Informations de contact : Nom, adresse, courriel, num\u00e9ro de t\u00e9l\u00e9phone, coordonn\u00e9es de l&rsquo;entreprise (base juridique : 6(1)(b) GDPR pour l&rsquo;ex\u00e9cution du contrat ; Art. 6(1)(f) GDPR pour l&rsquo;int\u00e9r\u00eat l\u00e9gitime dans la communication).<\/li><li>Donn\u00e9es de transaction : ID du client, d\u00e9tails du contrat, factures (base juridique : 6(1)(b) GDPR).<\/li><li>Donn\u00e9es d&rsquo;utilisation : Adresse IP, identifiants d&rsquo;appareil, type de navigateur, temps d&rsquo;acc\u00e8s, pages visit\u00e9es (base juridique : 6(1)(f) GDPR pour la s\u00e9curit\u00e9 et l&rsquo;am\u00e9lioration du site web).<\/li><li>Donn\u00e9es de marketing : Pr\u00e9f\u00e9rences d&rsquo;abonnement \u00e0 la lettre d&rsquo;information (base juridique : 6(1)(a) GDPR bas\u00e9e sur le consentement de l&rsquo;utilisateur).<\/li><\/ul><p><strong>2) Cookies et technologies de suivi<\/strong><\/p><p>Nous utilisons des cookies pour am\u00e9liorer la fonctionnalit\u00e9 du site web et l&rsquo;exp\u00e9rience de l&rsquo;utilisateur.<\/p><h5>Politique en mati\u00e8re de cookies<\/h5><p>Les cookies sont de petits fichiers texte stock\u00e9s sur votre appareil lorsque vous visitez notre site web. Ils servent \u00e0 diverses fins, telles que l&rsquo;am\u00e9lioration de la fonctionnalit\u00e9 du site web et l&rsquo;analyse du comportement de l&rsquo;utilisateur. Vous trouverez ci-dessous les types de cookies que nous utilisons :  <\/p><ul><li>Cookies essentiels : Ils sont n\u00e9cessaires au bon fonctionnement du site web et ne peuvent pas \u00eatre utilis\u00e9s pour des raisons de s\u00e9curit\u00e9, de gestion de session et d&rsquo;accessibilit\u00e9.<\/li><li>Cookies d&rsquo;analyse : Ces cookies recueillent des informations sur la mani\u00e8re dont les visiteurs utilisent notre site. Nous utilisons Google Analytics pour le suivi et l&rsquo;analyse. Vous pouvez d\u00e9sactiver cette fonction en utilisant l&rsquo;outil de d\u00e9sactivation de Google. <\/li><li>Cookies de marketing : Ces cookies nous aident \u00e0 fournir des informations pertinentes. Ils ne sont activ\u00e9s qu&rsquo;avec votre consentement explicite.<\/li><li>Cookies fonctionnels : Ils am\u00e9liorent l&rsquo;exp\u00e9rience de l&rsquo;utilisateur en m\u00e9morisant ses pr\u00e9f\u00e9rences, telles que la langue.<\/li><\/ul><h5>Gestion des cookies<\/h5><ul><li>Vous pouvez contr\u00f4ler et supprimer les cookies par l&rsquo;interm\u00e9diaire de votre navigateur La plupart des navigateurs vous permettent de le faire :<\/li><li>Voir les cookies stock\u00e9s sur votre appareil<\/li><li>Supprimer tous les cookies<\/li><li>Bloquer les cookies de tiers<\/li><li>D\u00e9finir des pr\u00e9f\u00e9rences pour des sites web sp\u00e9cifiques<\/li><li>Pour d\u00e9sactiver les cookies, consultez l&rsquo;aide de votre navigateur. Toutefois, la d\u00e9sactivation des cookies essentiels peut limiter la fonctionnalit\u00e9 du site web.<\/li><\/ul><p><strong>3) Conservation des donn\u00e9es<\/strong><\/p><ul><li>Nous ne conservons les donn\u00e9es personnelles que le temps n\u00e9cessaire :<\/li><li>Demande de renseignements : 6 mois apr\u00e8s<\/li><li>Donn\u00e9es contractuelles : 6 ans (obligation l\u00e9gale en vertu de la l\u00e9gislation fiscale allemande).<\/li><li>Donn\u00e9es de marketing : Jusqu&rsquo;\u00e0 ce que le consentement soit retir\u00e9.<\/li><\/ul>\t\t\t\t\t\t\t\t<\/div>\n\t\t\t\t<\/div>\n\t\t\t\t<div class=\"elementor-element elementor-element-fca0b20 elementor-widget elementor-widget-text-editor\" data-id=\"fca0b20\" data-element_type=\"widget\" data-widget_type=\"text-editor.default\">\n\t\t\t\t<div class=\"elementor-widget-container\">\n\t\t\t\t\t\t\t\t\t<h4>\u00a7 4 Partage des donn\u00e9es et transferts internationaux<\/h4><ul><li>Nous ne partageons les donn\u00e9es personnelles que dans les conditions suivantes :<\/li><li>Avec votre consentement explicite (article 6, paragraphe 1, point a), du RGPD). <\/li><li>Pour l&rsquo;ex\u00e9cution du contrat (article 6, paragraphe 1, point b), du RGPD). <\/li><li>Lorsque la loi l&rsquo;exige (article 6, paragraphe 1, point c), du RGPD). <\/li><li>Pour des int\u00e9r\u00eats l\u00e9gitimes tels que la d\u00e9fense juridique (article 6, paragraphe 1, point f), du RGPD). <\/li><li>Si les donn\u00e9es sont transf\u00e9r\u00e9es en dehors de l&rsquo;UE\/EEE, des garanties appropri\u00e9es telles que les clauses contractuelles types (CCN) sont mises en \u0153uvre.<\/li><\/ul>\t\t\t\t\t\t\t\t<\/div>\n\t\t\t\t<\/div>\n\t\t\t\t<div class=\"elementor-element elementor-element-713acab elementor-widget elementor-widget-text-editor\" data-id=\"713acab\" data-element_type=\"widget\" data-widget_type=\"text-editor.default\">\n\t\t\t\t<div class=\"elementor-widget-container\">\n\t\t\t\t\t\t\t\t\t<h4><span lang=\"EN-US\">\u00a7 5 Utilisation de<span style=\"letter-spacing: -.1pt;\"> services<\/span> externes<\/span><\/h4><ol><li>Google Analytics : Nous utilisons Google Analytics pour analyser le site web. Les utilisateurs peuvent se d\u00e9sinscrire en utilisant l&rsquo;outil de d\u00e9sinscription de Google.<\/li><li>Brevo : Utilis\u00e9 pour la newsletter Les transferts de donn\u00e9es sont conformes aux exigences du GDPR via les SCC.<\/li><li>Contact Form 7 (WordPress Plugin) : Traite les donn\u00e9es des formulaires en toute s\u00e9curit\u00e9 sur nos serveurs.<\/li><\/ol>\t\t\t\t\t\t\t\t<\/div>\n\t\t\t\t<\/div>\n\t\t\t\t<div class=\"elementor-element elementor-element-c96e9c5 elementor-widget elementor-widget-text-editor\" data-id=\"c96e9c5\" data-element_type=\"widget\" data-widget_type=\"text-editor.default\">\n\t\t\t\t<div class=\"elementor-widget-container\">\n\t\t\t\t\t\t\t\t\t<h4 style=\"margin-top: .05pt;\"><span lang=\"EN-US\">\u00a7 6 <span style=\"letter-spacing: -.1pt;\">Traitement des<\/span> donn\u00e9es des candidats<\/span><\/h4><ul><li>Nous collectons et traitons les donn\u00e9es relatives aux candidatures afin d&rsquo;\u00e9valuer les postes \u00e0 pourvoir :<\/li><li>Traitement de la demande : 6(1)(b) GDPR &amp; \u00a7 26 BDSG (loi allemande sur l&#8217;emploi).<\/li><li>Conservation : 6 mois apr\u00e8s le rejet de la demande, sauf prolongation avec le candidat<\/li><li>Pool de candidats : Bas\u00e9 sur le consentement (article 6, paragraphe 1, point a), du RGPD), suppression apr\u00e8s 2 ans, \u00e0 moins que le candidat n&rsquo;ait \u00e9t\u00e9 inform\u00e9 de l&rsquo;existence d&rsquo;un probl\u00e8me de sant\u00e9 publique. <\/li><\/ul>\t\t\t\t\t\t\t\t<\/div>\n\t\t\t\t<\/div>\n\t\t\t\t<div class=\"elementor-element elementor-element-3f5cab4 elementor-widget elementor-widget-text-editor\" data-id=\"3f5cab4\" data-element_type=\"widget\" data-widget_type=\"text-editor.default\">\n\t\t\t\t<div class=\"elementor-widget-container\">\n\t\t\t\t\t\t\t\t\t<h4><span lang=\"EN-US\">\u00a7 7 Modifications de la pr\u00e9sente<span style=\"letter-spacing: -.1pt;\"> politique de<\/span> protection de la vie priv\u00e9e<\/span><\/h4><ul><li>La pr\u00e9sente politique de confidentialit\u00e9 peut \u00eatre mise \u00e0 jour. Les utilisateurs seront inform\u00e9s des changements importants. Veuillez consulter r\u00e9guli\u00e8rement cette page. <\/li><\/ul><h6><br><strong>Derni\u00e8re mise \u00e0 jour : 31.01.2025<\/strong><\/h6>\t\t\t\t\t\t\t\t<\/div>\n\t\t\t\t<\/div>\n\t\t\t\t\t<\/div>\n\t\t\t\t<\/div>\n\t\t\t\t<\/div>\n\t\t","protected":false},"excerpt":{"rendered":"<p>\u00a7 1 Information sur la collecte de donn\u00e9es \u00e0 caract\u00e8re personnel Nous vous informons ci-apr\u00e8s de la collecte de donn\u00e9es \u00e0 caract\u00e8re personnel lors de l&rsquo;utilisation de notre site Internet [&hellip;]<\/p>\n","protected":false},"author":1,"featured_media":19492,"parent":0,"menu_order":25,"comment_status":"closed","ping_status":"open","template":"elementor_header_footer","meta":{"_acf_changed":false,"inline_featured_image":false,"footnotes":""},"class_list":["post-22546","page","type-page","status-publish","has-post-thumbnail","hentry"],"acf":[],"yoast_head":"<!-- This site is optimized with the Yoast SEO plugin v25.5 - https:\/\/yoast.com\/wordpress\/plugins\/seo\/ -->\n<title>Politique de confidentialit\u00e9 - Bioanalyt<\/title>\n<meta name=\"description\" content=\"D\u00e9couvrez comment BioAnalyt prot\u00e8ge vos donn\u00e9es - notre politique de confidentialit\u00e9 couvre la collecte des donn\u00e9es, l&#039;utilisation, le stockage, les droits, les cookies, la conformit\u00e9 avec le GDPR, les garanties de type HIPAA, et la fa\u00e7on de nous contacter concernant les pr\u00e9occupations en mati\u00e8re de confidentialit\u00e9.\" \/>\n<meta name=\"robots\" content=\"index, follow, max-snippet:-1, max-image-preview:large, max-video-preview:-1\" \/>\n<link rel=\"canonical\" href=\"https:\/\/www.bioanalyt.com\/fr\/politique-de-confidentialite\/\" \/>\n<meta property=\"og:locale\" content=\"fr_FR\" \/>\n<meta property=\"og:type\" content=\"article\" \/>\n<meta property=\"og:title\" content=\"Politique de confidentialit\u00e9 - Bioanalyt\" \/>\n<meta property=\"og:description\" content=\"D\u00e9couvrez comment BioAnalyt prot\u00e8ge vos donn\u00e9es - notre politique de confidentialit\u00e9 couvre la collecte des donn\u00e9es, l&#039;utilisation, le stockage, les droits, les cookies, la conformit\u00e9 avec le GDPR, les garanties de type HIPAA, et la fa\u00e7on de nous contacter concernant les pr\u00e9occupations en mati\u00e8re de confidentialit\u00e9.\" \/>\n<meta property=\"og:url\" content=\"https:\/\/www.bioanalyt.com\/fr\/politique-de-confidentialite\/\" \/>\n<meta property=\"og:site_name\" content=\"Bioanalyt\" \/>\n<meta property=\"article:modified_time\" content=\"2025-11-18T08:37:46+00:00\" \/>\n<meta name=\"twitter:card\" content=\"summary_large_image\" \/>\n<meta name=\"twitter:label1\" content=\"Dur\u00e9e de lecture estim\u00e9e\" \/>\n\t<meta name=\"twitter:data1\" content=\"6 minutes\" \/>\n<script type=\"application\/ld+json\" class=\"yoast-schema-graph\">{\"@context\":\"https:\/\/schema.org\",\"@graph\":[{\"@type\":\"WebPage\",\"@id\":\"https:\/\/www.bioanalyt.com\/fr\/politique-de-confidentialite\/\",\"url\":\"https:\/\/www.bioanalyt.com\/fr\/politique-de-confidentialite\/\",\"name\":\"Politique de confidentialit\u00e9 - Bioanalyt\",\"isPartOf\":{\"@id\":\"https:\/\/www.bioanalyt.com\/#website\"},\"primaryImageOfPage\":{\"@id\":\"https:\/\/www.bioanalyt.com\/fr\/politique-de-confidentialite\/#primaryimage\"},\"image\":{\"@id\":\"https:\/\/www.bioanalyt.com\/fr\/politique-de-confidentialite\/#primaryimage\"},\"thumbnailUrl\":\"https:\/\/www.bioanalyt.com\/wp-content\/uploads\/2025\/01\/Icon4.svg\",\"datePublished\":\"2024-09-25T08:35:50+00:00\",\"dateModified\":\"2025-11-18T08:37:46+00:00\",\"description\":\"D\u00e9couvrez comment BioAnalyt prot\u00e8ge vos donn\u00e9es - notre politique de confidentialit\u00e9 couvre la collecte des donn\u00e9es, l'utilisation, le stockage, les droits, les cookies, la conformit\u00e9 avec le GDPR, les garanties de type HIPAA, et la fa\u00e7on de nous contacter concernant les pr\u00e9occupations en mati\u00e8re de confidentialit\u00e9.\",\"breadcrumb\":{\"@id\":\"https:\/\/www.bioanalyt.com\/fr\/politique-de-confidentialite\/#breadcrumb\"},\"inLanguage\":\"fr-FR\",\"potentialAction\":[{\"@type\":\"ReadAction\",\"target\":[\"https:\/\/www.bioanalyt.com\/fr\/politique-de-confidentialite\/\"]}]},{\"@type\":\"ImageObject\",\"inLanguage\":\"fr-FR\",\"@id\":\"https:\/\/www.bioanalyt.com\/fr\/politique-de-confidentialite\/#primaryimage\",\"url\":\"https:\/\/www.bioanalyt.com\/wp-content\/uploads\/2025\/01\/Icon4.svg\",\"contentUrl\":\"https:\/\/www.bioanalyt.com\/wp-content\/uploads\/2025\/01\/Icon4.svg\",\"width\":64,\"height\":64},{\"@type\":\"BreadcrumbList\",\"@id\":\"https:\/\/www.bioanalyt.com\/fr\/politique-de-confidentialite\/#breadcrumb\",\"itemListElement\":[{\"@type\":\"ListItem\",\"position\":1,\"name\":\"Home\",\"item\":\"https:\/\/www.bioanalyt.com\/fr\/\"},{\"@type\":\"ListItem\",\"position\":2,\"name\":\"Politique de confidentialit\u00e9\"}]},{\"@type\":\"WebSite\",\"@id\":\"https:\/\/www.bioanalyt.com\/#website\",\"url\":\"https:\/\/www.bioanalyt.com\/\",\"name\":\"Bioanalyt\",\"description\":\"Measure for life\",\"publisher\":{\"@id\":\"https:\/\/www.bioanalyt.com\/#organization\"},\"potentialAction\":[{\"@type\":\"SearchAction\",\"target\":{\"@type\":\"EntryPoint\",\"urlTemplate\":\"https:\/\/www.bioanalyt.com\/?s={search_term_string}\"},\"query-input\":{\"@type\":\"PropertyValueSpecification\",\"valueRequired\":true,\"valueName\":\"search_term_string\"}}],\"inLanguage\":\"fr-FR\"},{\"@type\":\"Organization\",\"@id\":\"https:\/\/www.bioanalyt.com\/#organization\",\"name\":\"Bioanalyt\",\"url\":\"https:\/\/www.bioanalyt.com\/\",\"logo\":{\"@type\":\"ImageObject\",\"inLanguage\":\"fr-FR\",\"@id\":\"https:\/\/www.bioanalyt.com\/#\/schema\/logo\/image\/\",\"url\":\"https:\/\/www.bioanalyt.com\/wp-content\/uploads\/2024\/09\/Logo-Horizontal.svg\",\"contentUrl\":\"https:\/\/www.bioanalyt.com\/wp-content\/uploads\/2024\/09\/Logo-Horizontal.svg\",\"width\":112,\"height\":64,\"caption\":\"Bioanalyt\"},\"image\":{\"@id\":\"https:\/\/www.bioanalyt.com\/#\/schema\/logo\/image\/\"},\"sameAs\":[\"https:\/\/www.linkedin.com\/company\/bioanalyt\/\",\"https:\/\/www.youtube.com\/user\/BioAnalyt\"]}]}<\/script>\n<!-- \/ Yoast SEO plugin. -->","yoast_head_json":{"title":"Politique de confidentialit\u00e9 - Bioanalyt","description":"D\u00e9couvrez comment BioAnalyt prot\u00e8ge vos donn\u00e9es - notre politique de confidentialit\u00e9 couvre la collecte des donn\u00e9es, l'utilisation, le stockage, les droits, les cookies, la conformit\u00e9 avec le GDPR, les garanties de type HIPAA, et la fa\u00e7on de nous contacter concernant les pr\u00e9occupations en mati\u00e8re de confidentialit\u00e9.","robots":{"index":"index","follow":"follow","max-snippet":"max-snippet:-1","max-image-preview":"max-image-preview:large","max-video-preview":"max-video-preview:-1"},"canonical":"https:\/\/www.bioanalyt.com\/fr\/politique-de-confidentialite\/","og_locale":"fr_FR","og_type":"article","og_title":"Politique de confidentialit\u00e9 - Bioanalyt","og_description":"D\u00e9couvrez comment BioAnalyt prot\u00e8ge vos donn\u00e9es - notre politique de confidentialit\u00e9 couvre la collecte des donn\u00e9es, l'utilisation, le stockage, les droits, les cookies, la conformit\u00e9 avec le GDPR, les garanties de type HIPAA, et la fa\u00e7on de nous contacter concernant les pr\u00e9occupations en mati\u00e8re de confidentialit\u00e9.","og_url":"https:\/\/www.bioanalyt.com\/fr\/politique-de-confidentialite\/","og_site_name":"Bioanalyt","article_modified_time":"2025-11-18T08:37:46+00:00","twitter_card":"summary_large_image","twitter_misc":{"Dur\u00e9e de lecture estim\u00e9e":"6 minutes"},"schema":{"@context":"https:\/\/schema.org","@graph":[{"@type":"WebPage","@id":"https:\/\/www.bioanalyt.com\/fr\/politique-de-confidentialite\/","url":"https:\/\/www.bioanalyt.com\/fr\/politique-de-confidentialite\/","name":"Politique de confidentialit\u00e9 - Bioanalyt","isPartOf":{"@id":"https:\/\/www.bioanalyt.com\/#website"},"primaryImageOfPage":{"@id":"https:\/\/www.bioanalyt.com\/fr\/politique-de-confidentialite\/#primaryimage"},"image":{"@id":"https:\/\/www.bioanalyt.com\/fr\/politique-de-confidentialite\/#primaryimage"},"thumbnailUrl":"https:\/\/www.bioanalyt.com\/wp-content\/uploads\/2025\/01\/Icon4.svg","datePublished":"2024-09-25T08:35:50+00:00","dateModified":"2025-11-18T08:37:46+00:00","description":"D\u00e9couvrez comment BioAnalyt prot\u00e8ge vos donn\u00e9es - notre politique de confidentialit\u00e9 couvre la collecte des donn\u00e9es, l'utilisation, le stockage, les droits, les cookies, la conformit\u00e9 avec le GDPR, les garanties de type HIPAA, et la fa\u00e7on de nous contacter concernant les pr\u00e9occupations en mati\u00e8re de confidentialit\u00e9.","breadcrumb":{"@id":"https:\/\/www.bioanalyt.com\/fr\/politique-de-confidentialite\/#breadcrumb"},"inLanguage":"fr-FR","potentialAction":[{"@type":"ReadAction","target":["https:\/\/www.bioanalyt.com\/fr\/politique-de-confidentialite\/"]}]},{"@type":"ImageObject","inLanguage":"fr-FR","@id":"https:\/\/www.bioanalyt.com\/fr\/politique-de-confidentialite\/#primaryimage","url":"https:\/\/www.bioanalyt.com\/wp-content\/uploads\/2025\/01\/Icon4.svg","contentUrl":"https:\/\/www.bioanalyt.com\/wp-content\/uploads\/2025\/01\/Icon4.svg","width":64,"height":64},{"@type":"BreadcrumbList","@id":"https:\/\/www.bioanalyt.com\/fr\/politique-de-confidentialite\/#breadcrumb","itemListElement":[{"@type":"ListItem","position":1,"name":"Home","item":"https:\/\/www.bioanalyt.com\/fr\/"},{"@type":"ListItem","position":2,"name":"Politique de confidentialit\u00e9"}]},{"@type":"WebSite","@id":"https:\/\/www.bioanalyt.com\/#website","url":"https:\/\/www.bioanalyt.com\/","name":"Bioanalyt","description":"Measure for life","publisher":{"@id":"https:\/\/www.bioanalyt.com\/#organization"},"potentialAction":[{"@type":"SearchAction","target":{"@type":"EntryPoint","urlTemplate":"https:\/\/www.bioanalyt.com\/?s={search_term_string}"},"query-input":{"@type":"PropertyValueSpecification","valueRequired":true,"valueName":"search_term_string"}}],"inLanguage":"fr-FR"},{"@type":"Organization","@id":"https:\/\/www.bioanalyt.com\/#organization","name":"Bioanalyt","url":"https:\/\/www.bioanalyt.com\/","logo":{"@type":"ImageObject","inLanguage":"fr-FR","@id":"https:\/\/www.bioanalyt.com\/#\/schema\/logo\/image\/","url":"https:\/\/www.bioanalyt.com\/wp-content\/uploads\/2024\/09\/Logo-Horizontal.svg","contentUrl":"https:\/\/www.bioanalyt.com\/wp-content\/uploads\/2024\/09\/Logo-Horizontal.svg","width":112,"height":64,"caption":"Bioanalyt"},"image":{"@id":"https:\/\/www.bioanalyt.com\/#\/schema\/logo\/image\/"},"sameAs":["https:\/\/www.linkedin.com\/company\/bioanalyt\/","https:\/\/www.youtube.com\/user\/BioAnalyt"]}]}},"_links":{"self":[{"href":"https:\/\/www.bioanalyt.com\/fr\/wp-json\/wp\/v2\/pages\/22546","targetHints":{"allow":["GET"]}}],"collection":[{"href":"https:\/\/www.bioanalyt.com\/fr\/wp-json\/wp\/v2\/pages"}],"about":[{"href":"https:\/\/www.bioanalyt.com\/fr\/wp-json\/wp\/v2\/types\/page"}],"author":[{"embeddable":true,"href":"https:\/\/www.bioanalyt.com\/fr\/wp-json\/wp\/v2\/users\/1"}],"replies":[{"embeddable":true,"href":"https:\/\/www.bioanalyt.com\/fr\/wp-json\/wp\/v2\/comments?post=22546"}],"version-history":[{"count":1,"href":"https:\/\/www.bioanalyt.com\/fr\/wp-json\/wp\/v2\/pages\/22546\/revisions"}],"predecessor-version":[{"id":22547,"href":"https:\/\/www.bioanalyt.com\/fr\/wp-json\/wp\/v2\/pages\/22546\/revisions\/22547"}],"wp:featuredmedia":[{"embeddable":true,"href":"https:\/\/www.bioanalyt.com\/fr\/wp-json\/wp\/v2\/media\/19492"}],"wp:attachment":[{"href":"https:\/\/www.bioanalyt.com\/fr\/wp-json\/wp\/v2\/media?parent=22546"}],"curies":[{"name":"wp","href":"https:\/\/api.w.org\/{rel}","templated":true}]}}