{"id":22531,"date":"2024-11-06T04:40:47","date_gmt":"2024-11-06T04:40:47","guid":{"rendered":"https:\/\/www.bioanalyt.com\/evenements\/"},"modified":"2025-11-18T08:34:28","modified_gmt":"2025-11-18T08:34:28","slug":"evenements","status":"publish","type":"page","link":"https:\/\/www.bioanalyt.com\/fr\/evenements\/","title":{"rendered":"Ev\u00e9nements"},"content":{"rendered":"\t\t<div data-elementor-type=\"wp-page\" data-elementor-id=\"22531\" class=\"elementor elementor-22531 elementor-2782\" data-elementor-post-type=\"page\">\n\t\t\t\t<div class=\"elementor-element elementor-element-ca59290 breadcrumb-top e-flex e-con-boxed e-con e-parent\" data-id=\"ca59290\" data-element_type=\"container\">\n\t\t\t\t\t<div class=\"e-con-inner\">\n\t\t\t\t<div class=\"elementor-element elementor-element-3731e90 elementor-widget elementor-widget-heading\" data-id=\"3731e90\" data-element_type=\"widget\" data-widget_type=\"heading.default\">\n\t\t\t\t<div class=\"elementor-widget-container\">\n\t\t\t\t\t<span class=\"elementor-heading-title elementor-size-default\">Ressources<\/span>\t\t\t\t<\/div>\n\t\t\t\t<\/div>\n\t\t\t\t<div class=\"elementor-element elementor-element-4cc4876 elementor-widget elementor-widget-image\" data-id=\"4cc4876\" data-element_type=\"widget\" data-widget_type=\"image.default\">\n\t\t\t\t<div class=\"elementor-widget-container\">\n\t\t\t\t\t\t\t\t\t\t\t\t\t\t\t<img decoding=\"async\" width=\"24\" height=\"24\" src=\"https:\/\/www.bioanalyt.com\/wp-content\/uploads\/2024\/10\/right-arrow-menu.svg\" class=\"attachment-full size-full wp-image-18573\" alt=\"\" \/>\t\t\t\t\t\t\t\t\t\t\t\t\t\t\t<\/div>\n\t\t\t\t<\/div>\n\t\t\t\t\t<\/div>\n\t\t\t\t<\/div>\n\t\t<div class=\"elementor-element elementor-element-81cde58 e-flex e-con-boxed e-con e-parent\" data-id=\"81cde58\" data-element_type=\"container\">\n\t\t\t\t\t<div class=\"e-con-inner\">\n\t\t<div class=\"elementor-element elementor-element-ab603a1 e-con-full e-flex e-con e-child\" data-id=\"ab603a1\" data-element_type=\"container\">\n\t\t\t\t<div class=\"elementor-element elementor-element-4b1ec9a elementor-widget elementor-widget-heading\" data-id=\"4b1ec9a\" data-element_type=\"widget\" data-widget_type=\"heading.default\">\n\t\t\t\t<div class=\"elementor-widget-container\">\n\t\t\t\t\t<h1 class=\"elementor-heading-title elementor-size-default\">Prochains \u00e9v\u00e9nements<\/h1>\t\t\t\t<\/div>\n\t\t\t\t<\/div>\n\t\t\t\t<div class=\"elementor-element elementor-element-9bb2027 elementor-widget elementor-widget-shortcode\" data-id=\"9bb2027\" data-element_type=\"widget\" data-widget_type=\"shortcode.default\">\n\t\t\t\t<div class=\"elementor-widget-container\">\n\t\t\t\t\t\t\t<div class=\"elementor-shortcode\"><div class=\"upcoming-events-list events-list\"><ul><li><div class=\"event-thumbnail\"><img fetchpriority=\"high\" decoding=\"async\" width=\"933\" height=\"298\" src=\"https:\/\/www.bioanalyt.com\/wp-content\/uploads\/2026\/01\/Screenshot-2026-01-21-105129.png\" class=\"attachment-full size-full wp-post-image\" alt=\"\" srcset=\"https:\/\/www.bioanalyt.com\/wp-content\/uploads\/2026\/01\/Screenshot-2026-01-21-105129.png 933w, https:\/\/www.bioanalyt.com\/wp-content\/uploads\/2026\/01\/Screenshot-2026-01-21-105129-300x96.png 300w, https:\/\/www.bioanalyt.com\/wp-content\/uploads\/2026\/01\/Screenshot-2026-01-21-105129-768x245.png 768w, https:\/\/www.bioanalyt.com\/wp-content\/uploads\/2026\/01\/Screenshot-2026-01-21-105129-600x192.png 600w\" sizes=\"(max-width: 933px) 100vw, 933px\" \/><\/div><div class=\"event-text\"><h3>Forum sur les micronutriments 2026<\/h3><p>L'\u00e9quipe BioAnalyt participera au 7e Forum mondial sur les micronutriments du 28 septembre au 1er octobre 2026, \u00e0 Accra, au Ghana. Nous esp\u00e9rons faire partie de la conversation qui examinera les preuves, les politiques et l'innovation dans les domaines de la nutrition, des syst\u00e8mes alimentaires, du climat et du d\u00e9veloppement. <\/p><span class=\"event-date\">Sep 28, 2026 to Oct 1, 2026<\/span><a href=\"https:\/\/mnfconference.org\/\" target=\"_blank\" class=\"custom-event-link\">Go to Event <img decoding=\"async\" src=\"\/wp-content\/uploads\/2024\/11\/top-right-arrow.png\" alt=\"\"><\/a><\/div><\/li><\/ul><div class=\"events-pagination\"><\/div><\/div><\/div>\n\t\t\t\t\t\t<\/div>\n\t\t\t\t<\/div>\n\t\t\t\t<\/div>\n\t\t<div class=\"elementor-element elementor-element-1542ea3 e-con-full e-flex e-con e-child\" data-id=\"1542ea3\" data-element_type=\"container\">\n\t\t\t\t<div class=\"elementor-element elementor-element-ef60a71 elementor-widget elementor-widget-heading\" data-id=\"ef60a71\" data-element_type=\"widget\" data-widget_type=\"heading.default\">\n\t\t\t\t<div class=\"elementor-widget-container\">\n\t\t\t\t\t<h2 class=\"elementor-heading-title elementor-size-default\">\u00c9v\u00e9nements pass\u00e9s<\/h2>\t\t\t\t<\/div>\n\t\t\t\t<\/div>\n\t\t\t\t<div class=\"elementor-element elementor-element-869f2ef elementor-widget elementor-widget-shortcode\" data-id=\"869f2ef\" data-element_type=\"widget\" data-widget_type=\"shortcode.default\">\n\t\t\t\t<div class=\"elementor-widget-container\">\n\t\t\t\t\t\t\t<div class=\"elementor-shortcode\"><div class=\"past-events-list events-list\"><ul><li><div class=\"event-thumbnail\"><img decoding=\"async\" width=\"953\" height=\"635\" src=\"https:\/\/www.bioanalyt.com\/wp-content\/uploads\/2025\/04\/Millers-for-Nutrition-logo_MILLERS-FOR-NUTRITION_e.jpg\" class=\"attachment-full size-full wp-post-image\" alt=\"\" srcset=\"https:\/\/www.bioanalyt.com\/wp-content\/uploads\/2025\/04\/Millers-for-Nutrition-logo_MILLERS-FOR-NUTRITION_e.jpg 953w, https:\/\/www.bioanalyt.com\/wp-content\/uploads\/2025\/04\/Millers-for-Nutrition-logo_MILLERS-FOR-NUTRITION_e-600x400.jpg 600w, https:\/\/www.bioanalyt.com\/wp-content\/uploads\/2025\/04\/Millers-for-Nutrition-logo_MILLERS-FOR-NUTRITION_e-300x200.jpg 300w, https:\/\/www.bioanalyt.com\/wp-content\/uploads\/2025\/04\/Millers-for-Nutrition-logo_MILLERS-FOR-NUTRITION_e-768x512.jpg 768w\" sizes=\"(max-width: 953px) 100vw, 953px\" \/><\/div><div class=\"event-text\"><h3>Table ronde de haut niveau de Millers for Nutrition<\/h3><p>La table ronde de niveau C 2026 se tiendra le 17 novembre 2025, virtuellement et sera organis\u00e9e par Millers for Nutrition. BioAnalyt sera repr\u00e9sent\u00e9 par Anna Zhenchuk lors de cette rencontre virtuelle. <\/p><span class=\"event-date\">Nov 17, 2025<\/span><a href=\"https:\/\/millersfornutrition.com\/\" target=\"_blank\" class=\"custom-event-link\">Go to Event <img decoding=\"async\" src=\"\/wp-content\/uploads\/2024\/11\/top-right-arrow.png\" alt=\"\"><\/a><\/div><\/li><li><div class=\"event-text\"><h3>Sommet de l&rsquo;innovation Agtech animale<\/h3><p><p data-start=\"113\" data-end=\"261\">Florian Schweigert \u00e0 l'Animal AgTech Innovation Summit, qui se tiendra les 16 et 17 octobre \u00e0 Amsterdam.<\/p>\n<p data-start=\"263\" data-end=\"610\">Cet \u00e9v\u00e9nement sectoriel de premier plan rassemble plus de 250 d\u00e9cideurs de haut niveau issus de l'ensemble de la cha\u00eene d'approvisionnement mondiale en prot\u00e9ines animales. En mettant en relation les entreprises, les innovateurs, les investisseurs et les d\u00e9cideurs politiques dans les domaines de la nutrition, de la sant\u00e9, de la g\u00e9n\u00e9tique et du bien-\u00eatre des animaux, le sommet vise \u00e0 encourager la collaboration et \u00e0 favoriser une production alimentaire durable et r\u00e9siliente. <\/p><\/p><span class=\"event-date\">Oct 16, 2025 to Oct 17, 2025<\/span><a href=\"https:\/\/animalagtecheurope.com\/\" target=\"_blank\" class=\"custom-event-link\">Go to Event <img decoding=\"async\" src=\"\/wp-content\/uploads\/2024\/11\/top-right-arrow.png\" alt=\"\"><\/a><\/div><\/li><li><div class=\"event-text\"><h3>Formation pratique sur iCheck Modular et iCheck Connect : Une initiative de tra\u00e7abilit\u00e9 num\u00e9rique de la qualit\u00e9 de la fortification (DFQT+)<\/h3><p>Les 10 et 11 septembre 2025, l'\u00e9quipe de BioAnalyt a particip\u00e9 \u00e0 l'int\u00e9gration et \u00e0 la formation de Sena Edible Oil Refineries (SEOI) et d'icddr,b \u00e0 Dhaka dans le cadre du projet Lighthouse et de l'initiative DFQT+ de GAIN. Les participants de GAIN, SEOI, BSTI, BFSA, et DNCRP ont explor\u00e9 les tests de vitamine A avec iCheck Modular, la gestion des donn\u00e9es num\u00e9riques via iCheck Connect, et les strat\u00e9gies pratiques pour am\u00e9liorer la conformit\u00e9 et la tra\u00e7abilit\u00e9 dans l'enrichissement des aliments. <\/p><span class=\"event-date\">Sep 10, 2025 to Sep 11, 2025<\/span><\/li><li><div class=\"event-text\"><h3>23e Congr\u00e8s international de nutrition de l&rsquo;IUNS<\/h3><p>BioAnalyt participera au 23e Congr\u00e8s international de nutrition de l'Union internationale des sciences de la nutrition (IUNS-ICN) qui se tiendra \u00e0 Paris, en France.<\/p><span class=\"event-date\">Ao\u00fbt 24, 2025 to Ao\u00fbt 29, 2025<\/span><a href=\"https:\/\/www.icn2025.org\/\" target=\"_blank\" class=\"custom-event-link\">Go to Event <img decoding=\"async\" src=\"\/wp-content\/uploads\/2024\/11\/top-right-arrow.png\" alt=\"\"><\/a><\/div><\/li><\/ul><div class=\"events-pagination\"><span aria-label=\"Page 1\" aria-current=\"page\" class=\"page-numbers current\">1<\/span>\n<a aria-label=\"Page 2\" class=\"page-numbers\" href=\"https:\/\/www.bioanalyt.com\/fr\/wp-json\/wp\/v2\/pages\/22531\/?paged=2\">2<\/a>\n<a aria-label=\"Page 3\" class=\"page-numbers\" href=\"https:\/\/www.bioanalyt.com\/fr\/wp-json\/wp\/v2\/pages\/22531\/?paged=3\">3<\/a>\n<span class=\"page-numbers dots\">\u2026<\/span>\n<a aria-label=\"Page 7\" class=\"page-numbers\" href=\"https:\/\/www.bioanalyt.com\/fr\/wp-json\/wp\/v2\/pages\/22531\/?paged=7\">7<\/a>\n<a class=\"next page-numbers\" href=\"https:\/\/www.bioanalyt.com\/fr\/wp-json\/wp\/v2\/pages\/22531\/?paged=2\">Next<\/a><\/div><\/div><\/div>\n\t\t\t\t\t\t<\/div>\n\t\t\t\t<\/div>\n\t\t\t\t<\/div>\n\t\t\t\t\t<\/div>\n\t\t\t\t<\/div>\n\t\t\t\t<\/div>\n\t\t","protected":false},"excerpt":{"rendered":"<p>Ressources Prochains \u00e9v\u00e9nements \u00c9v\u00e9nements pass\u00e9s<\/p>\n","protected":false},"author":1,"featured_media":19616,"parent":0,"menu_order":6,"comment_status":"closed","ping_status":"closed","template":"elementor_header_footer","meta":{"_acf_changed":false,"inline_featured_image":false,"footnotes":""},"class_list":["post-22531","page","type-page","status-publish","has-post-thumbnail","hentry"],"acf":[],"yoast_head":"<!-- This site is optimized with the Yoast SEO plugin v25.5 - https:\/\/yoast.com\/wordpress\/plugins\/seo\/ -->\n<title>Ev\u00e9nements - Bioanalyt<\/title>\n<meta name=\"description\" content=\"Explorez le centre d&#039;\u00e9v\u00e9nements de BioAnalyt : trouvez les ateliers, les formations techniques, les webinaires et les conf\u00e9rences pass\u00e9s et \u00e0 venir sur la qualit\u00e9 de la fortification, l&#039;analyse des micronutriments, les applications de l&#039;appareil iCheck et les programmes de nutrition ax\u00e9s sur l&#039;impact.\" \/>\n<meta name=\"robots\" content=\"index, follow, max-snippet:-1, max-image-preview:large, max-video-preview:-1\" \/>\n<link rel=\"canonical\" href=\"https:\/\/www.bioanalyt.com\/fr\/evenements\/\" \/>\n<meta property=\"og:locale\" content=\"fr_FR\" \/>\n<meta property=\"og:type\" content=\"article\" \/>\n<meta property=\"og:title\" content=\"Ev\u00e9nements - Bioanalyt\" \/>\n<meta property=\"og:description\" content=\"Explorez le centre d&#039;\u00e9v\u00e9nements de BioAnalyt : trouvez les ateliers, les formations techniques, les webinaires et les conf\u00e9rences pass\u00e9s et \u00e0 venir sur la qualit\u00e9 de la fortification, l&#039;analyse des micronutriments, les applications de l&#039;appareil iCheck et les programmes de nutrition ax\u00e9s sur l&#039;impact.\" \/>\n<meta property=\"og:url\" content=\"https:\/\/www.bioanalyt.com\/fr\/evenements\/\" \/>\n<meta property=\"og:site_name\" content=\"Bioanalyt\" \/>\n<meta property=\"article:modified_time\" content=\"2025-11-18T08:34:28+00:00\" \/>\n<meta property=\"og:image\" content=\"https:\/\/www.bioanalyt.com\/wp-content\/uploads\/2025\/01\/20231213_130118-scaled.jpg\" \/>\n\t<meta property=\"og:image:width\" content=\"2560\" \/>\n\t<meta property=\"og:image:height\" content=\"2560\" \/>\n\t<meta property=\"og:image:type\" content=\"image\/jpeg\" \/>\n<meta name=\"twitter:card\" content=\"summary_large_image\" \/>\n<script type=\"application\/ld+json\" class=\"yoast-schema-graph\">{\"@context\":\"https:\/\/schema.org\",\"@graph\":[{\"@type\":\"WebPage\",\"@id\":\"https:\/\/www.bioanalyt.com\/fr\/evenements\/\",\"url\":\"https:\/\/www.bioanalyt.com\/fr\/evenements\/\",\"name\":\"Ev\u00e9nements - Bioanalyt\",\"isPartOf\":{\"@id\":\"https:\/\/www.bioanalyt.com\/#website\"},\"primaryImageOfPage\":{\"@id\":\"https:\/\/www.bioanalyt.com\/fr\/evenements\/#primaryimage\"},\"image\":{\"@id\":\"https:\/\/www.bioanalyt.com\/fr\/evenements\/#primaryimage\"},\"thumbnailUrl\":\"https:\/\/www.bioanalyt.com\/wp-content\/uploads\/2025\/01\/20231213_130118-scaled.jpg\",\"datePublished\":\"2024-11-06T04:40:47+00:00\",\"dateModified\":\"2025-11-18T08:34:28+00:00\",\"description\":\"Explorez le centre d'\u00e9v\u00e9nements de BioAnalyt : trouvez les ateliers, les formations techniques, les webinaires et les conf\u00e9rences pass\u00e9s et \u00e0 venir sur la qualit\u00e9 de la fortification, l'analyse des micronutriments, les applications de l'appareil iCheck et les programmes de nutrition ax\u00e9s sur l'impact.\",\"breadcrumb\":{\"@id\":\"https:\/\/www.bioanalyt.com\/fr\/evenements\/#breadcrumb\"},\"inLanguage\":\"fr-FR\",\"potentialAction\":[{\"@type\":\"ReadAction\",\"target\":[\"https:\/\/www.bioanalyt.com\/fr\/evenements\/\"]}]},{\"@type\":\"ImageObject\",\"inLanguage\":\"fr-FR\",\"@id\":\"https:\/\/www.bioanalyt.com\/fr\/evenements\/#primaryimage\",\"url\":\"https:\/\/www.bioanalyt.com\/wp-content\/uploads\/2025\/01\/20231213_130118-scaled.jpg\",\"contentUrl\":\"https:\/\/www.bioanalyt.com\/wp-content\/uploads\/2025\/01\/20231213_130118-scaled.jpg\",\"width\":2560,\"height\":2560},{\"@type\":\"BreadcrumbList\",\"@id\":\"https:\/\/www.bioanalyt.com\/fr\/evenements\/#breadcrumb\",\"itemListElement\":[{\"@type\":\"ListItem\",\"position\":1,\"name\":\"Home\",\"item\":\"https:\/\/www.bioanalyt.com\/fr\/\"},{\"@type\":\"ListItem\",\"position\":2,\"name\":\"Ev\u00e9nements\"}]},{\"@type\":\"WebSite\",\"@id\":\"https:\/\/www.bioanalyt.com\/#website\",\"url\":\"https:\/\/www.bioanalyt.com\/\",\"name\":\"Bioanalyt\",\"description\":\"Measure for life\",\"publisher\":{\"@id\":\"https:\/\/www.bioanalyt.com\/#organization\"},\"potentialAction\":[{\"@type\":\"SearchAction\",\"target\":{\"@type\":\"EntryPoint\",\"urlTemplate\":\"https:\/\/www.bioanalyt.com\/?s={search_term_string}\"},\"query-input\":{\"@type\":\"PropertyValueSpecification\",\"valueRequired\":true,\"valueName\":\"search_term_string\"}}],\"inLanguage\":\"fr-FR\"},{\"@type\":\"Organization\",\"@id\":\"https:\/\/www.bioanalyt.com\/#organization\",\"name\":\"Bioanalyt\",\"url\":\"https:\/\/www.bioanalyt.com\/\",\"logo\":{\"@type\":\"ImageObject\",\"inLanguage\":\"fr-FR\",\"@id\":\"https:\/\/www.bioanalyt.com\/#\/schema\/logo\/image\/\",\"url\":\"https:\/\/www.bioanalyt.com\/wp-content\/uploads\/2024\/09\/Logo-Horizontal.svg\",\"contentUrl\":\"https:\/\/www.bioanalyt.com\/wp-content\/uploads\/2024\/09\/Logo-Horizontal.svg\",\"width\":112,\"height\":64,\"caption\":\"Bioanalyt\"},\"image\":{\"@id\":\"https:\/\/www.bioanalyt.com\/#\/schema\/logo\/image\/\"},\"sameAs\":[\"https:\/\/www.linkedin.com\/company\/bioanalyt\/\",\"https:\/\/www.youtube.com\/user\/BioAnalyt\"]}]}<\/script>\n<!-- \/ Yoast SEO plugin. -->","yoast_head_json":{"title":"Ev\u00e9nements - Bioanalyt","description":"Explorez le centre d'\u00e9v\u00e9nements de BioAnalyt : trouvez les ateliers, les formations techniques, les webinaires et les conf\u00e9rences pass\u00e9s et \u00e0 venir sur la qualit\u00e9 de la fortification, l'analyse des micronutriments, les applications de l'appareil iCheck et les programmes de nutrition ax\u00e9s sur l'impact.","robots":{"index":"index","follow":"follow","max-snippet":"max-snippet:-1","max-image-preview":"max-image-preview:large","max-video-preview":"max-video-preview:-1"},"canonical":"https:\/\/www.bioanalyt.com\/fr\/evenements\/","og_locale":"fr_FR","og_type":"article","og_title":"Ev\u00e9nements - Bioanalyt","og_description":"Explorez le centre d'\u00e9v\u00e9nements de BioAnalyt : trouvez les ateliers, les formations techniques, les webinaires et les conf\u00e9rences pass\u00e9s et \u00e0 venir sur la qualit\u00e9 de la fortification, l'analyse des micronutriments, les applications de l'appareil iCheck et les programmes de nutrition ax\u00e9s sur l'impact.","og_url":"https:\/\/www.bioanalyt.com\/fr\/evenements\/","og_site_name":"Bioanalyt","article_modified_time":"2025-11-18T08:34:28+00:00","og_image":[{"width":2560,"height":2560,"url":"https:\/\/www.bioanalyt.com\/wp-content\/uploads\/2025\/01\/20231213_130118-scaled.jpg","type":"image\/jpeg"}],"twitter_card":"summary_large_image","schema":{"@context":"https:\/\/schema.org","@graph":[{"@type":"WebPage","@id":"https:\/\/www.bioanalyt.com\/fr\/evenements\/","url":"https:\/\/www.bioanalyt.com\/fr\/evenements\/","name":"Ev\u00e9nements - Bioanalyt","isPartOf":{"@id":"https:\/\/www.bioanalyt.com\/#website"},"primaryImageOfPage":{"@id":"https:\/\/www.bioanalyt.com\/fr\/evenements\/#primaryimage"},"image":{"@id":"https:\/\/www.bioanalyt.com\/fr\/evenements\/#primaryimage"},"thumbnailUrl":"https:\/\/www.bioanalyt.com\/wp-content\/uploads\/2025\/01\/20231213_130118-scaled.jpg","datePublished":"2024-11-06T04:40:47+00:00","dateModified":"2025-11-18T08:34:28+00:00","description":"Explorez le centre d'\u00e9v\u00e9nements de BioAnalyt : trouvez les ateliers, les formations techniques, les webinaires et les conf\u00e9rences pass\u00e9s et \u00e0 venir sur la qualit\u00e9 de la fortification, l'analyse des micronutriments, les applications de l'appareil iCheck et les programmes de nutrition ax\u00e9s sur l'impact.","breadcrumb":{"@id":"https:\/\/www.bioanalyt.com\/fr\/evenements\/#breadcrumb"},"inLanguage":"fr-FR","potentialAction":[{"@type":"ReadAction","target":["https:\/\/www.bioanalyt.com\/fr\/evenements\/"]}]},{"@type":"ImageObject","inLanguage":"fr-FR","@id":"https:\/\/www.bioanalyt.com\/fr\/evenements\/#primaryimage","url":"https:\/\/www.bioanalyt.com\/wp-content\/uploads\/2025\/01\/20231213_130118-scaled.jpg","contentUrl":"https:\/\/www.bioanalyt.com\/wp-content\/uploads\/2025\/01\/20231213_130118-scaled.jpg","width":2560,"height":2560},{"@type":"BreadcrumbList","@id":"https:\/\/www.bioanalyt.com\/fr\/evenements\/#breadcrumb","itemListElement":[{"@type":"ListItem","position":1,"name":"Home","item":"https:\/\/www.bioanalyt.com\/fr\/"},{"@type":"ListItem","position":2,"name":"Ev\u00e9nements"}]},{"@type":"WebSite","@id":"https:\/\/www.bioanalyt.com\/#website","url":"https:\/\/www.bioanalyt.com\/","name":"Bioanalyt","description":"Measure for life","publisher":{"@id":"https:\/\/www.bioanalyt.com\/#organization"},"potentialAction":[{"@type":"SearchAction","target":{"@type":"EntryPoint","urlTemplate":"https:\/\/www.bioanalyt.com\/?s={search_term_string}"},"query-input":{"@type":"PropertyValueSpecification","valueRequired":true,"valueName":"search_term_string"}}],"inLanguage":"fr-FR"},{"@type":"Organization","@id":"https:\/\/www.bioanalyt.com\/#organization","name":"Bioanalyt","url":"https:\/\/www.bioanalyt.com\/","logo":{"@type":"ImageObject","inLanguage":"fr-FR","@id":"https:\/\/www.bioanalyt.com\/#\/schema\/logo\/image\/","url":"https:\/\/www.bioanalyt.com\/wp-content\/uploads\/2024\/09\/Logo-Horizontal.svg","contentUrl":"https:\/\/www.bioanalyt.com\/wp-content\/uploads\/2024\/09\/Logo-Horizontal.svg","width":112,"height":64,"caption":"Bioanalyt"},"image":{"@id":"https:\/\/www.bioanalyt.com\/#\/schema\/logo\/image\/"},"sameAs":["https:\/\/www.linkedin.com\/company\/bioanalyt\/","https:\/\/www.youtube.com\/user\/BioAnalyt"]}]}},"_links":{"self":[{"href":"https:\/\/www.bioanalyt.com\/fr\/wp-json\/wp\/v2\/pages\/22531","targetHints":{"allow":["GET"]}}],"collection":[{"href":"https:\/\/www.bioanalyt.com\/fr\/wp-json\/wp\/v2\/pages"}],"about":[{"href":"https:\/\/www.bioanalyt.com\/fr\/wp-json\/wp\/v2\/types\/page"}],"author":[{"embeddable":true,"href":"https:\/\/www.bioanalyt.com\/fr\/wp-json\/wp\/v2\/users\/1"}],"replies":[{"embeddable":true,"href":"https:\/\/www.bioanalyt.com\/fr\/wp-json\/wp\/v2\/comments?post=22531"}],"version-history":[{"count":1,"href":"https:\/\/www.bioanalyt.com\/fr\/wp-json\/wp\/v2\/pages\/22531\/revisions"}],"predecessor-version":[{"id":22532,"href":"https:\/\/www.bioanalyt.com\/fr\/wp-json\/wp\/v2\/pages\/22531\/revisions\/22532"}],"wp:featuredmedia":[{"embeddable":true,"href":"https:\/\/www.bioanalyt.com\/fr\/wp-json\/wp\/v2\/media\/19616"}],"wp:attachment":[{"href":"https:\/\/www.bioanalyt.com\/fr\/wp-json\/wp\/v2\/media?parent=22531"}],"curies":[{"name":"wp","href":"https:\/\/api.w.org\/{rel}","templated":true}]}}