{"id":25262,"date":"2025-05-13T11:52:43","date_gmt":"2025-05-13T11:52:43","guid":{"rendered":"https:\/\/www.bioanalyt.com\/product\/icheck-hierro-dispositivo\/"},"modified":"2025-05-13T11:52:43","modified_gmt":"2025-05-13T11:52:43","slug":"icheck-hierro-dispositivo","status":"publish","type":"product","link":"https:\/\/www.bioanalyt.com\/es\/product\/icheck-hierro-dispositivo\/","title":{"rendered":"iCheck Hierro &#8211; Dispositivo"},"content":{"rendered":"","protected":false},"excerpt":{"rendered":"<p>iCheck Hierro mide el hierro en los alimentos<\/p>\n","protected":false},"author":1,"featured_media":25054,"comment_status":"open","ping_status":"closed","template":"","meta":{"_acf_changed":false,"inline_featured_image":false,"footnotes":""},"product_brand":[],"product_cat":[603],"product_tag":[],"class_list":{"0":"post-25262","1":"product","2":"type-product","3":"status-publish","4":"has-post-thumbnail","6":"product_cat-icheck-devices","8":"first","9":"instock","10":"shipping-taxable","11":"product-type-simple"},"acf":[],"yoast_head":"<!-- This site is optimized with the Yoast SEO plugin v25.5 - https:\/\/yoast.com\/wordpress\/plugins\/seo\/ -->\n<title>iCheck Hierro - Dispositivo - Bioanalyt<\/title>\n<meta name=\"description\" content=\"iCheck Iron de BioAnalyt: kit de an\u00e1lisis fotom\u00e9trico r\u00e1pido y port\u00e1til para la medici\u00f3n cuantitativa del hierro total y a\u00f1adido (incluido el NaFeEDTA) en harina, premezclas y veh\u00edculos alimentarios. Proporciona resultados r\u00e1pidos, de calidad de laboratorio, en cuesti\u00f3n de minutos, lo que permite el control de calidad in situ y la supervisi\u00f3n del cumplimiento.\" \/>\n<meta name=\"robots\" content=\"noindex, nofollow\" \/>\n<meta property=\"og:locale\" content=\"es_ES\" \/>\n<meta property=\"og:type\" content=\"article\" \/>\n<meta property=\"og:title\" content=\"iCheck Hierro - Dispositivo - Bioanalyt\" \/>\n<meta property=\"og:description\" content=\"iCheck Iron de BioAnalyt: kit de an\u00e1lisis fotom\u00e9trico r\u00e1pido y port\u00e1til para la medici\u00f3n cuantitativa del hierro total y a\u00f1adido (incluido el NaFeEDTA) en harina, premezclas y veh\u00edculos alimentarios. Proporciona resultados r\u00e1pidos, de calidad de laboratorio, en cuesti\u00f3n de minutos, lo que permite el control de calidad in situ y la supervisi\u00f3n del cumplimiento.\" \/>\n<meta property=\"og:url\" content=\"https:\/\/www.bioanalyt.com\/es\/product\/icheck-hierro-dispositivo\/\" \/>\n<meta property=\"og:site_name\" content=\"Bioanalyt\" \/>\n<meta property=\"og:image\" content=\"https:\/\/www.bioanalyt.com\/wp-content\/uploads\/2024\/11\/Iron-Case-Back-Cut-out.png\" \/>\n\t<meta property=\"og:image:width\" content=\"340\" \/>\n\t<meta property=\"og:image:height\" content=\"258\" \/>\n\t<meta property=\"og:image:type\" content=\"image\/png\" \/>\n<meta name=\"twitter:card\" content=\"summary_large_image\" \/>\n<script type=\"application\/ld+json\" class=\"yoast-schema-graph\">{\"@context\":\"https:\/\/schema.org\",\"@graph\":[{\"@type\":\"WebPage\",\"@id\":\"https:\/\/www.bioanalyt.com\/es\/product\/icheck-hierro-dispositivo\/\",\"url\":\"https:\/\/www.bioanalyt.com\/es\/product\/icheck-hierro-dispositivo\/\",\"name\":\"iCheck Hierro - Dispositivo - Bioanalyt\",\"isPartOf\":{\"@id\":\"https:\/\/www.bioanalyt.com\/#website\"},\"primaryImageOfPage\":{\"@id\":\"https:\/\/www.bioanalyt.com\/es\/product\/icheck-hierro-dispositivo\/#primaryimage\"},\"image\":{\"@id\":\"https:\/\/www.bioanalyt.com\/es\/product\/icheck-hierro-dispositivo\/#primaryimage\"},\"thumbnailUrl\":\"https:\/\/www.bioanalyt.com\/wp-content\/uploads\/2024\/11\/Iron-Case-Back-Cut-out.png\",\"datePublished\":\"2025-05-13T11:52:43+00:00\",\"description\":\"iCheck Iron de BioAnalyt: kit de an\u00e1lisis fotom\u00e9trico r\u00e1pido y port\u00e1til para la medici\u00f3n cuantitativa del hierro total y a\u00f1adido (incluido el NaFeEDTA) en harina, premezclas y veh\u00edculos alimentarios. Proporciona resultados r\u00e1pidos, de calidad de laboratorio, en cuesti\u00f3n de minutos, lo que permite el control de calidad in situ y la supervisi\u00f3n del cumplimiento.\",\"breadcrumb\":{\"@id\":\"https:\/\/www.bioanalyt.com\/es\/product\/icheck-hierro-dispositivo\/#breadcrumb\"},\"inLanguage\":\"es\",\"potentialAction\":[{\"@type\":\"ReadAction\",\"target\":[\"https:\/\/www.bioanalyt.com\/es\/product\/icheck-hierro-dispositivo\/\"]}]},{\"@type\":\"ImageObject\",\"inLanguage\":\"es\",\"@id\":\"https:\/\/www.bioanalyt.com\/es\/product\/icheck-hierro-dispositivo\/#primaryimage\",\"url\":\"https:\/\/www.bioanalyt.com\/wp-content\/uploads\/2024\/11\/Iron-Case-Back-Cut-out.png\",\"contentUrl\":\"https:\/\/www.bioanalyt.com\/wp-content\/uploads\/2024\/11\/Iron-Case-Back-Cut-out.png\",\"width\":340,\"height\":258,\"caption\":\"iCheck Iron\"},{\"@type\":\"BreadcrumbList\",\"@id\":\"https:\/\/www.bioanalyt.com\/es\/product\/icheck-hierro-dispositivo\/#breadcrumb\",\"itemListElement\":[{\"@type\":\"ListItem\",\"position\":1,\"name\":\"Home\",\"item\":\"https:\/\/www.bioanalyt.com\/es\/inicio\/\"},{\"@type\":\"ListItem\",\"position\":2,\"name\":\"iCheck Hierro &#8211; Dispositivo\"}]},{\"@type\":\"WebSite\",\"@id\":\"https:\/\/www.bioanalyt.com\/#website\",\"url\":\"https:\/\/www.bioanalyt.com\/\",\"name\":\"Bioanalyt\",\"description\":\"Measure for life\",\"publisher\":{\"@id\":\"https:\/\/www.bioanalyt.com\/#organization\"},\"potentialAction\":[{\"@type\":\"SearchAction\",\"target\":{\"@type\":\"EntryPoint\",\"urlTemplate\":\"https:\/\/www.bioanalyt.com\/?s={search_term_string}\"},\"query-input\":{\"@type\":\"PropertyValueSpecification\",\"valueRequired\":true,\"valueName\":\"search_term_string\"}}],\"inLanguage\":\"es\"},{\"@type\":\"Organization\",\"@id\":\"https:\/\/www.bioanalyt.com\/#organization\",\"name\":\"Bioanalyt\",\"url\":\"https:\/\/www.bioanalyt.com\/\",\"logo\":{\"@type\":\"ImageObject\",\"inLanguage\":\"es\",\"@id\":\"https:\/\/www.bioanalyt.com\/#\/schema\/logo\/image\/\",\"url\":\"https:\/\/www.bioanalyt.com\/wp-content\/uploads\/2024\/09\/Logo-Horizontal.svg\",\"contentUrl\":\"https:\/\/www.bioanalyt.com\/wp-content\/uploads\/2024\/09\/Logo-Horizontal.svg\",\"width\":112,\"height\":64,\"caption\":\"Bioanalyt\"},\"image\":{\"@id\":\"https:\/\/www.bioanalyt.com\/#\/schema\/logo\/image\/\"},\"sameAs\":[\"https:\/\/www.linkedin.com\/company\/bioanalyt\/\",\"https:\/\/www.youtube.com\/user\/BioAnalyt\"]}]}<\/script>\n<!-- \/ Yoast SEO plugin. -->","yoast_head_json":{"title":"iCheck Hierro - Dispositivo - Bioanalyt","description":"iCheck Iron de BioAnalyt: kit de an\u00e1lisis fotom\u00e9trico r\u00e1pido y port\u00e1til para la medici\u00f3n cuantitativa del hierro total y a\u00f1adido (incluido el NaFeEDTA) en harina, premezclas y veh\u00edculos alimentarios. Proporciona resultados r\u00e1pidos, de calidad de laboratorio, en cuesti\u00f3n de minutos, lo que permite el control de calidad in situ y la supervisi\u00f3n del cumplimiento.","robots":{"index":"noindex","follow":"nofollow"},"og_locale":"es_ES","og_type":"article","og_title":"iCheck Hierro - Dispositivo - Bioanalyt","og_description":"iCheck Iron de BioAnalyt: kit de an\u00e1lisis fotom\u00e9trico r\u00e1pido y port\u00e1til para la medici\u00f3n cuantitativa del hierro total y a\u00f1adido (incluido el NaFeEDTA) en harina, premezclas y veh\u00edculos alimentarios. Proporciona resultados r\u00e1pidos, de calidad de laboratorio, en cuesti\u00f3n de minutos, lo que permite el control de calidad in situ y la supervisi\u00f3n del cumplimiento.","og_url":"https:\/\/www.bioanalyt.com\/es\/product\/icheck-hierro-dispositivo\/","og_site_name":"Bioanalyt","og_image":[{"width":340,"height":258,"url":"https:\/\/www.bioanalyt.com\/wp-content\/uploads\/2024\/11\/Iron-Case-Back-Cut-out.png","type":"image\/png"}],"twitter_card":"summary_large_image","schema":{"@context":"https:\/\/schema.org","@graph":[{"@type":"WebPage","@id":"https:\/\/www.bioanalyt.com\/es\/product\/icheck-hierro-dispositivo\/","url":"https:\/\/www.bioanalyt.com\/es\/product\/icheck-hierro-dispositivo\/","name":"iCheck Hierro - Dispositivo - Bioanalyt","isPartOf":{"@id":"https:\/\/www.bioanalyt.com\/#website"},"primaryImageOfPage":{"@id":"https:\/\/www.bioanalyt.com\/es\/product\/icheck-hierro-dispositivo\/#primaryimage"},"image":{"@id":"https:\/\/www.bioanalyt.com\/es\/product\/icheck-hierro-dispositivo\/#primaryimage"},"thumbnailUrl":"https:\/\/www.bioanalyt.com\/wp-content\/uploads\/2024\/11\/Iron-Case-Back-Cut-out.png","datePublished":"2025-05-13T11:52:43+00:00","description":"iCheck Iron de BioAnalyt: kit de an\u00e1lisis fotom\u00e9trico r\u00e1pido y port\u00e1til para la medici\u00f3n cuantitativa del hierro total y a\u00f1adido (incluido el NaFeEDTA) en harina, premezclas y veh\u00edculos alimentarios. Proporciona resultados r\u00e1pidos, de calidad de laboratorio, en cuesti\u00f3n de minutos, lo que permite el control de calidad in situ y la supervisi\u00f3n del cumplimiento.","breadcrumb":{"@id":"https:\/\/www.bioanalyt.com\/es\/product\/icheck-hierro-dispositivo\/#breadcrumb"},"inLanguage":"es","potentialAction":[{"@type":"ReadAction","target":["https:\/\/www.bioanalyt.com\/es\/product\/icheck-hierro-dispositivo\/"]}]},{"@type":"ImageObject","inLanguage":"es","@id":"https:\/\/www.bioanalyt.com\/es\/product\/icheck-hierro-dispositivo\/#primaryimage","url":"https:\/\/www.bioanalyt.com\/wp-content\/uploads\/2024\/11\/Iron-Case-Back-Cut-out.png","contentUrl":"https:\/\/www.bioanalyt.com\/wp-content\/uploads\/2024\/11\/Iron-Case-Back-Cut-out.png","width":340,"height":258,"caption":"iCheck Iron"},{"@type":"BreadcrumbList","@id":"https:\/\/www.bioanalyt.com\/es\/product\/icheck-hierro-dispositivo\/#breadcrumb","itemListElement":[{"@type":"ListItem","position":1,"name":"Home","item":"https:\/\/www.bioanalyt.com\/es\/inicio\/"},{"@type":"ListItem","position":2,"name":"iCheck Hierro &#8211; Dispositivo"}]},{"@type":"WebSite","@id":"https:\/\/www.bioanalyt.com\/#website","url":"https:\/\/www.bioanalyt.com\/","name":"Bioanalyt","description":"Measure for life","publisher":{"@id":"https:\/\/www.bioanalyt.com\/#organization"},"potentialAction":[{"@type":"SearchAction","target":{"@type":"EntryPoint","urlTemplate":"https:\/\/www.bioanalyt.com\/?s={search_term_string}"},"query-input":{"@type":"PropertyValueSpecification","valueRequired":true,"valueName":"search_term_string"}}],"inLanguage":"es"},{"@type":"Organization","@id":"https:\/\/www.bioanalyt.com\/#organization","name":"Bioanalyt","url":"https:\/\/www.bioanalyt.com\/","logo":{"@type":"ImageObject","inLanguage":"es","@id":"https:\/\/www.bioanalyt.com\/#\/schema\/logo\/image\/","url":"https:\/\/www.bioanalyt.com\/wp-content\/uploads\/2024\/09\/Logo-Horizontal.svg","contentUrl":"https:\/\/www.bioanalyt.com\/wp-content\/uploads\/2024\/09\/Logo-Horizontal.svg","width":112,"height":64,"caption":"Bioanalyt"},"image":{"@id":"https:\/\/www.bioanalyt.com\/#\/schema\/logo\/image\/"},"sameAs":["https:\/\/www.linkedin.com\/company\/bioanalyt\/","https:\/\/www.youtube.com\/user\/BioAnalyt"]}]}},"_links":{"self":[{"href":"https:\/\/www.bioanalyt.com\/es\/wp-json\/wp\/v2\/product\/25262","targetHints":{"allow":["GET"]}}],"collection":[{"href":"https:\/\/www.bioanalyt.com\/es\/wp-json\/wp\/v2\/product"}],"about":[{"href":"https:\/\/www.bioanalyt.com\/es\/wp-json\/wp\/v2\/types\/product"}],"author":[{"embeddable":true,"href":"https:\/\/www.bioanalyt.com\/es\/wp-json\/wp\/v2\/users\/1"}],"replies":[{"embeddable":true,"href":"https:\/\/www.bioanalyt.com\/es\/wp-json\/wp\/v2\/comments?post=25262"}],"version-history":[{"count":0,"href":"https:\/\/www.bioanalyt.com\/es\/wp-json\/wp\/v2\/product\/25262\/revisions"}],"wp:featuredmedia":[{"embeddable":true,"href":"https:\/\/www.bioanalyt.com\/es\/wp-json\/wp\/v2\/media\/25054"}],"wp:attachment":[{"href":"https:\/\/www.bioanalyt.com\/es\/wp-json\/wp\/v2\/media?parent=25262"}],"wp:term":[{"taxonomy":"product_brand","embeddable":true,"href":"https:\/\/www.bioanalyt.com\/es\/wp-json\/wp\/v2\/product_brand?post=25262"},{"taxonomy":"product_cat","embeddable":true,"href":"https:\/\/www.bioanalyt.com\/es\/wp-json\/wp\/v2\/product_cat?post=25262"},{"taxonomy":"product_tag","embeddable":true,"href":"https:\/\/www.bioanalyt.com\/es\/wp-json\/wp\/v2\/product_tag?post=25262"}],"curies":[{"name":"wp","href":"https:\/\/api.w.org\/{rel}","templated":true}]}}