{"id":25253,"date":"2025-05-13T11:43:45","date_gmt":"2025-05-13T11:43:45","guid":{"rendered":"https:\/\/www.bioanalyt.com\/product\/icheck-chroma-3-dispositivo\/"},"modified":"2025-05-13T11:43:45","modified_gmt":"2025-05-13T11:43:45","slug":"icheck-chroma-3-dispositivo","status":"publish","type":"product","link":"https:\/\/www.bioanalyt.com\/es\/product\/icheck-chroma-3-dispositivo\/","title":{"rendered":"iCheck Chroma 3 &#8211; Dispositivo"},"content":{"rendered":"","protected":false},"excerpt":{"rendered":"<p>iCheck Chroma 3 mide la vitamina A en el aceite<\/p>\n","protected":false},"author":1,"featured_media":25136,"comment_status":"open","ping_status":"closed","template":"","meta":{"_acf_changed":false,"inline_featured_image":false,"footnotes":""},"product_brand":[],"product_cat":[603],"product_tag":[],"class_list":{"0":"post-25253","1":"product","2":"type-product","3":"status-publish","4":"has-post-thumbnail","6":"product_cat-icheck-devices","8":"first","9":"instock","10":"shipping-taxable","11":"product-type-simple"},"acf":[],"yoast_head":"<!-- This site is optimized with the Yoast SEO plugin v25.5 - https:\/\/yoast.com\/wordpress\/plugins\/seo\/ -->\n<title>iCheck Chroma 3 - Dispositivo - Bioanalyt<\/title>\n<meta name=\"description\" content=\"Te presentamos el iCheck Chroma 3 de BioAnalyt: un fot\u00f3metro port\u00e1til, listo para usar sobre el terreno, que permite medir con precisi\u00f3n y rapidez la vitamina A (retinol) en aceites comestibles y alimentos enriquecidos. Ideal para la garant\u00eda y el control de calidad en la producci\u00f3n, la supervisi\u00f3n reglamentaria y los programas de nutrici\u00f3n en todo el mundo.\" \/>\n<meta name=\"robots\" content=\"noindex, nofollow\" \/>\n<meta property=\"og:locale\" content=\"es_ES\" \/>\n<meta property=\"og:type\" content=\"article\" \/>\n<meta property=\"og:title\" content=\"iCheck Chroma 3 - Dispositivo - Bioanalyt\" \/>\n<meta property=\"og:description\" content=\"Te presentamos el iCheck Chroma 3 de BioAnalyt: un fot\u00f3metro port\u00e1til, listo para usar sobre el terreno, que permite medir con precisi\u00f3n y rapidez la vitamina A (retinol) en aceites comestibles y alimentos enriquecidos. Ideal para la garant\u00eda y el control de calidad en la producci\u00f3n, la supervisi\u00f3n reglamentaria y los programas de nutrici\u00f3n en todo el mundo.\" \/>\n<meta property=\"og:url\" content=\"https:\/\/www.bioanalyt.com\/es\/product\/icheck-chroma-3-dispositivo\/\" \/>\n<meta property=\"og:site_name\" content=\"Bioanalyt\" \/>\n<meta property=\"og:image\" content=\"https:\/\/www.bioanalyt.com\/wp-content\/uploads\/2024\/11\/Chroma3-Case-Back-Cut-out.png\" \/>\n\t<meta property=\"og:image:width\" content=\"333\" \/>\n\t<meta property=\"og:image:height\" content=\"222\" \/>\n\t<meta property=\"og:image:type\" content=\"image\/png\" \/>\n<meta name=\"twitter:card\" content=\"summary_large_image\" \/>\n<script type=\"application\/ld+json\" class=\"yoast-schema-graph\">{\"@context\":\"https:\/\/schema.org\",\"@graph\":[{\"@type\":\"WebPage\",\"@id\":\"https:\/\/www.bioanalyt.com\/es\/product\/icheck-chroma-3-dispositivo\/\",\"url\":\"https:\/\/www.bioanalyt.com\/es\/product\/icheck-chroma-3-dispositivo\/\",\"name\":\"iCheck Chroma 3 - Dispositivo - Bioanalyt\",\"isPartOf\":{\"@id\":\"https:\/\/www.bioanalyt.com\/#website\"},\"primaryImageOfPage\":{\"@id\":\"https:\/\/www.bioanalyt.com\/es\/product\/icheck-chroma-3-dispositivo\/#primaryimage\"},\"image\":{\"@id\":\"https:\/\/www.bioanalyt.com\/es\/product\/icheck-chroma-3-dispositivo\/#primaryimage\"},\"thumbnailUrl\":\"https:\/\/www.bioanalyt.com\/wp-content\/uploads\/2024\/11\/Chroma3-Case-Back-Cut-out.png\",\"datePublished\":\"2025-05-13T11:43:45+00:00\",\"description\":\"Te presentamos el iCheck Chroma 3 de BioAnalyt: un fot\u00f3metro port\u00e1til, listo para usar sobre el terreno, que permite medir con precisi\u00f3n y rapidez la vitamina A (retinol) en aceites comestibles y alimentos enriquecidos. Ideal para la garant\u00eda y el control de calidad en la producci\u00f3n, la supervisi\u00f3n reglamentaria y los programas de nutrici\u00f3n en todo el mundo.\",\"breadcrumb\":{\"@id\":\"https:\/\/www.bioanalyt.com\/es\/product\/icheck-chroma-3-dispositivo\/#breadcrumb\"},\"inLanguage\":\"es\",\"potentialAction\":[{\"@type\":\"ReadAction\",\"target\":[\"https:\/\/www.bioanalyt.com\/es\/product\/icheck-chroma-3-dispositivo\/\"]}]},{\"@type\":\"ImageObject\",\"inLanguage\":\"es\",\"@id\":\"https:\/\/www.bioanalyt.com\/es\/product\/icheck-chroma-3-dispositivo\/#primaryimage\",\"url\":\"https:\/\/www.bioanalyt.com\/wp-content\/uploads\/2024\/11\/Chroma3-Case-Back-Cut-out.png\",\"contentUrl\":\"https:\/\/www.bioanalyt.com\/wp-content\/uploads\/2024\/11\/Chroma3-Case-Back-Cut-out.png\",\"width\":333,\"height\":222,\"caption\":\"iCheck Chroma 3\"},{\"@type\":\"BreadcrumbList\",\"@id\":\"https:\/\/www.bioanalyt.com\/es\/product\/icheck-chroma-3-dispositivo\/#breadcrumb\",\"itemListElement\":[{\"@type\":\"ListItem\",\"position\":1,\"name\":\"Home\",\"item\":\"https:\/\/www.bioanalyt.com\/es\/inicio\/\"},{\"@type\":\"ListItem\",\"position\":2,\"name\":\"iCheck Chroma 3 &#8211; Dispositivo\"}]},{\"@type\":\"WebSite\",\"@id\":\"https:\/\/www.bioanalyt.com\/#website\",\"url\":\"https:\/\/www.bioanalyt.com\/\",\"name\":\"Bioanalyt\",\"description\":\"Measure for life\",\"publisher\":{\"@id\":\"https:\/\/www.bioanalyt.com\/#organization\"},\"potentialAction\":[{\"@type\":\"SearchAction\",\"target\":{\"@type\":\"EntryPoint\",\"urlTemplate\":\"https:\/\/www.bioanalyt.com\/?s={search_term_string}\"},\"query-input\":{\"@type\":\"PropertyValueSpecification\",\"valueRequired\":true,\"valueName\":\"search_term_string\"}}],\"inLanguage\":\"es\"},{\"@type\":\"Organization\",\"@id\":\"https:\/\/www.bioanalyt.com\/#organization\",\"name\":\"Bioanalyt\",\"url\":\"https:\/\/www.bioanalyt.com\/\",\"logo\":{\"@type\":\"ImageObject\",\"inLanguage\":\"es\",\"@id\":\"https:\/\/www.bioanalyt.com\/#\/schema\/logo\/image\/\",\"url\":\"https:\/\/www.bioanalyt.com\/wp-content\/uploads\/2024\/09\/Logo-Horizontal.svg\",\"contentUrl\":\"https:\/\/www.bioanalyt.com\/wp-content\/uploads\/2024\/09\/Logo-Horizontal.svg\",\"width\":112,\"height\":64,\"caption\":\"Bioanalyt\"},\"image\":{\"@id\":\"https:\/\/www.bioanalyt.com\/#\/schema\/logo\/image\/\"},\"sameAs\":[\"https:\/\/www.linkedin.com\/company\/bioanalyt\/\",\"https:\/\/www.youtube.com\/user\/BioAnalyt\"]}]}<\/script>\n<!-- \/ Yoast SEO plugin. -->","yoast_head_json":{"title":"iCheck Chroma 3 - Dispositivo - Bioanalyt","description":"Te presentamos el iCheck Chroma 3 de BioAnalyt: un fot\u00f3metro port\u00e1til, listo para usar sobre el terreno, que permite medir con precisi\u00f3n y rapidez la vitamina A (retinol) en aceites comestibles y alimentos enriquecidos. Ideal para la garant\u00eda y el control de calidad en la producci\u00f3n, la supervisi\u00f3n reglamentaria y los programas de nutrici\u00f3n en todo el mundo.","robots":{"index":"noindex","follow":"nofollow"},"og_locale":"es_ES","og_type":"article","og_title":"iCheck Chroma 3 - Dispositivo - Bioanalyt","og_description":"Te presentamos el iCheck Chroma 3 de BioAnalyt: un fot\u00f3metro port\u00e1til, listo para usar sobre el terreno, que permite medir con precisi\u00f3n y rapidez la vitamina A (retinol) en aceites comestibles y alimentos enriquecidos. Ideal para la garant\u00eda y el control de calidad en la producci\u00f3n, la supervisi\u00f3n reglamentaria y los programas de nutrici\u00f3n en todo el mundo.","og_url":"https:\/\/www.bioanalyt.com\/es\/product\/icheck-chroma-3-dispositivo\/","og_site_name":"Bioanalyt","og_image":[{"width":333,"height":222,"url":"https:\/\/www.bioanalyt.com\/wp-content\/uploads\/2024\/11\/Chroma3-Case-Back-Cut-out.png","type":"image\/png"}],"twitter_card":"summary_large_image","schema":{"@context":"https:\/\/schema.org","@graph":[{"@type":"WebPage","@id":"https:\/\/www.bioanalyt.com\/es\/product\/icheck-chroma-3-dispositivo\/","url":"https:\/\/www.bioanalyt.com\/es\/product\/icheck-chroma-3-dispositivo\/","name":"iCheck Chroma 3 - Dispositivo - Bioanalyt","isPartOf":{"@id":"https:\/\/www.bioanalyt.com\/#website"},"primaryImageOfPage":{"@id":"https:\/\/www.bioanalyt.com\/es\/product\/icheck-chroma-3-dispositivo\/#primaryimage"},"image":{"@id":"https:\/\/www.bioanalyt.com\/es\/product\/icheck-chroma-3-dispositivo\/#primaryimage"},"thumbnailUrl":"https:\/\/www.bioanalyt.com\/wp-content\/uploads\/2024\/11\/Chroma3-Case-Back-Cut-out.png","datePublished":"2025-05-13T11:43:45+00:00","description":"Te presentamos el iCheck Chroma 3 de BioAnalyt: un fot\u00f3metro port\u00e1til, listo para usar sobre el terreno, que permite medir con precisi\u00f3n y rapidez la vitamina A (retinol) en aceites comestibles y alimentos enriquecidos. Ideal para la garant\u00eda y el control de calidad en la producci\u00f3n, la supervisi\u00f3n reglamentaria y los programas de nutrici\u00f3n en todo el mundo.","breadcrumb":{"@id":"https:\/\/www.bioanalyt.com\/es\/product\/icheck-chroma-3-dispositivo\/#breadcrumb"},"inLanguage":"es","potentialAction":[{"@type":"ReadAction","target":["https:\/\/www.bioanalyt.com\/es\/product\/icheck-chroma-3-dispositivo\/"]}]},{"@type":"ImageObject","inLanguage":"es","@id":"https:\/\/www.bioanalyt.com\/es\/product\/icheck-chroma-3-dispositivo\/#primaryimage","url":"https:\/\/www.bioanalyt.com\/wp-content\/uploads\/2024\/11\/Chroma3-Case-Back-Cut-out.png","contentUrl":"https:\/\/www.bioanalyt.com\/wp-content\/uploads\/2024\/11\/Chroma3-Case-Back-Cut-out.png","width":333,"height":222,"caption":"iCheck Chroma 3"},{"@type":"BreadcrumbList","@id":"https:\/\/www.bioanalyt.com\/es\/product\/icheck-chroma-3-dispositivo\/#breadcrumb","itemListElement":[{"@type":"ListItem","position":1,"name":"Home","item":"https:\/\/www.bioanalyt.com\/es\/inicio\/"},{"@type":"ListItem","position":2,"name":"iCheck Chroma 3 &#8211; Dispositivo"}]},{"@type":"WebSite","@id":"https:\/\/www.bioanalyt.com\/#website","url":"https:\/\/www.bioanalyt.com\/","name":"Bioanalyt","description":"Measure for life","publisher":{"@id":"https:\/\/www.bioanalyt.com\/#organization"},"potentialAction":[{"@type":"SearchAction","target":{"@type":"EntryPoint","urlTemplate":"https:\/\/www.bioanalyt.com\/?s={search_term_string}"},"query-input":{"@type":"PropertyValueSpecification","valueRequired":true,"valueName":"search_term_string"}}],"inLanguage":"es"},{"@type":"Organization","@id":"https:\/\/www.bioanalyt.com\/#organization","name":"Bioanalyt","url":"https:\/\/www.bioanalyt.com\/","logo":{"@type":"ImageObject","inLanguage":"es","@id":"https:\/\/www.bioanalyt.com\/#\/schema\/logo\/image\/","url":"https:\/\/www.bioanalyt.com\/wp-content\/uploads\/2024\/09\/Logo-Horizontal.svg","contentUrl":"https:\/\/www.bioanalyt.com\/wp-content\/uploads\/2024\/09\/Logo-Horizontal.svg","width":112,"height":64,"caption":"Bioanalyt"},"image":{"@id":"https:\/\/www.bioanalyt.com\/#\/schema\/logo\/image\/"},"sameAs":["https:\/\/www.linkedin.com\/company\/bioanalyt\/","https:\/\/www.youtube.com\/user\/BioAnalyt"]}]}},"_links":{"self":[{"href":"https:\/\/www.bioanalyt.com\/es\/wp-json\/wp\/v2\/product\/25253","targetHints":{"allow":["GET"]}}],"collection":[{"href":"https:\/\/www.bioanalyt.com\/es\/wp-json\/wp\/v2\/product"}],"about":[{"href":"https:\/\/www.bioanalyt.com\/es\/wp-json\/wp\/v2\/types\/product"}],"author":[{"embeddable":true,"href":"https:\/\/www.bioanalyt.com\/es\/wp-json\/wp\/v2\/users\/1"}],"replies":[{"embeddable":true,"href":"https:\/\/www.bioanalyt.com\/es\/wp-json\/wp\/v2\/comments?post=25253"}],"version-history":[{"count":0,"href":"https:\/\/www.bioanalyt.com\/es\/wp-json\/wp\/v2\/product\/25253\/revisions"}],"wp:featuredmedia":[{"embeddable":true,"href":"https:\/\/www.bioanalyt.com\/es\/wp-json\/wp\/v2\/media\/25136"}],"wp:attachment":[{"href":"https:\/\/www.bioanalyt.com\/es\/wp-json\/wp\/v2\/media?parent=25253"}],"wp:term":[{"taxonomy":"product_brand","embeddable":true,"href":"https:\/\/www.bioanalyt.com\/es\/wp-json\/wp\/v2\/product_brand?post=25253"},{"taxonomy":"product_cat","embeddable":true,"href":"https:\/\/www.bioanalyt.com\/es\/wp-json\/wp\/v2\/product_cat?post=25253"},{"taxonomy":"product_tag","embeddable":true,"href":"https:\/\/www.bioanalyt.com\/es\/wp-json\/wp\/v2\/product_tag?post=25253"}],"curies":[{"name":"wp","href":"https:\/\/api.w.org\/{rel}","templated":true}]}}