{"id":25219,"date":"2025-05-09T13:34:04","date_gmt":"2025-05-09T13:34:04","guid":{"rendered":"https:\/\/www.bioanalyt.com\/product\/estandar-de-hierro\/"},"modified":"2026-04-23T21:00:38","modified_gmt":"2026-04-23T21:00:38","slug":"iron-standard","status":"publish","type":"product","link":"https:\/\/www.bioanalyt.com\/es\/product\/iron-standard\/","title":{"rendered":"Iron Standard"},"content":{"rendered":"","protected":false},"excerpt":{"rendered":"<p>Est\u00e1ndar s\u00f3lido de cristal gris para el control del dispositivo iCheck Iron. El est\u00e1ndar se incluye con nuestro dispositivo iCheck. En caso de p\u00e9rdida o deterioro, se puede pedir por separado.  <\/p>\n","protected":false},"author":1,"featured_media":25067,"comment_status":"open","ping_status":"closed","template":"","meta":{"_acf_changed":false,"inline_featured_image":false,"footnotes":""},"product_brand":[],"product_cat":[600],"product_tag":[],"class_list":{"0":"post-25219","1":"product","2":"type-product","3":"status-publish","4":"has-post-thumbnail","6":"product_cat-accessories","8":"first","9":"instock","10":"shipping-taxable","11":"product-type-simple"},"acf":[],"yoast_head":"<!-- This site is optimized with the Yoast SEO plugin v25.5 - https:\/\/yoast.com\/wordpress\/plugins\/seo\/ -->\n<title>Iron Standard - Bioanalyt<\/title>\n<meta name=\"robots\" content=\"noindex, nofollow\" \/>\n<meta property=\"og:locale\" content=\"es_ES\" \/>\n<meta property=\"og:type\" content=\"article\" \/>\n<meta property=\"og:title\" content=\"Iron Standard - Bioanalyt\" \/>\n<meta property=\"og:description\" content=\"Est\u00e1ndar s\u00f3lido de cristal gris para el control del dispositivo iCheck Iron. El est\u00e1ndar se incluye con nuestro dispositivo iCheck. En caso de p\u00e9rdida o deterioro, se puede pedir por separado.\" \/>\n<meta property=\"og:url\" content=\"https:\/\/www.bioanalyt.com\/es\/product\/iron-standard\/\" \/>\n<meta property=\"og:site_name\" content=\"Bioanalyt\" \/>\n<meta property=\"article:modified_time\" content=\"2026-04-23T21:00:38+00:00\" \/>\n<meta property=\"og:image\" content=\"https:\/\/www.bioanalyt.com\/wp-content\/uploads\/2024\/11\/image12.png\" \/>\n\t<meta property=\"og:image:width\" content=\"312\" \/>\n\t<meta property=\"og:image:height\" content=\"312\" \/>\n\t<meta property=\"og:image:type\" content=\"image\/png\" \/>\n<meta name=\"twitter:card\" content=\"summary_large_image\" \/>\n<script type=\"application\/ld+json\" class=\"yoast-schema-graph\">{\"@context\":\"https:\/\/schema.org\",\"@graph\":[{\"@type\":\"WebPage\",\"@id\":\"https:\/\/www.bioanalyt.com\/es\/product\/iron-standard\/\",\"url\":\"https:\/\/www.bioanalyt.com\/es\/product\/iron-standard\/\",\"name\":\"Iron Standard - Bioanalyt\",\"isPartOf\":{\"@id\":\"https:\/\/www.bioanalyt.com\/#website\"},\"primaryImageOfPage\":{\"@id\":\"https:\/\/www.bioanalyt.com\/es\/product\/iron-standard\/#primaryimage\"},\"image\":{\"@id\":\"https:\/\/www.bioanalyt.com\/es\/product\/iron-standard\/#primaryimage\"},\"thumbnailUrl\":\"https:\/\/www.bioanalyt.com\/wp-content\/uploads\/2024\/11\/image12.png\",\"datePublished\":\"2025-05-09T13:34:04+00:00\",\"dateModified\":\"2026-04-23T21:00:38+00:00\",\"breadcrumb\":{\"@id\":\"https:\/\/www.bioanalyt.com\/es\/product\/iron-standard\/#breadcrumb\"},\"inLanguage\":\"es\",\"potentialAction\":[{\"@type\":\"ReadAction\",\"target\":[\"https:\/\/www.bioanalyt.com\/es\/product\/iron-standard\/\"]}]},{\"@type\":\"ImageObject\",\"inLanguage\":\"es\",\"@id\":\"https:\/\/www.bioanalyt.com\/es\/product\/iron-standard\/#primaryimage\",\"url\":\"https:\/\/www.bioanalyt.com\/wp-content\/uploads\/2024\/11\/image12.png\",\"contentUrl\":\"https:\/\/www.bioanalyt.com\/wp-content\/uploads\/2024\/11\/image12.png\",\"width\":312,\"height\":312,\"caption\":\"Iron Standard\"},{\"@type\":\"BreadcrumbList\",\"@id\":\"https:\/\/www.bioanalyt.com\/es\/product\/iron-standard\/#breadcrumb\",\"itemListElement\":[{\"@type\":\"ListItem\",\"position\":1,\"name\":\"Home\",\"item\":\"https:\/\/www.bioanalyt.com\/fr\/\"},{\"@type\":\"ListItem\",\"position\":2,\"name\":\"Iron Standard\"}]},{\"@type\":\"WebSite\",\"@id\":\"https:\/\/www.bioanalyt.com\/#website\",\"url\":\"https:\/\/www.bioanalyt.com\/\",\"name\":\"Bioanalyt\",\"description\":\"Measure for life\",\"publisher\":{\"@id\":\"https:\/\/www.bioanalyt.com\/#organization\"},\"potentialAction\":[{\"@type\":\"SearchAction\",\"target\":{\"@type\":\"EntryPoint\",\"urlTemplate\":\"https:\/\/www.bioanalyt.com\/?s={search_term_string}\"},\"query-input\":{\"@type\":\"PropertyValueSpecification\",\"valueRequired\":true,\"valueName\":\"search_term_string\"}}],\"inLanguage\":\"es\"},{\"@type\":\"Organization\",\"@id\":\"https:\/\/www.bioanalyt.com\/#organization\",\"name\":\"Bioanalyt\",\"url\":\"https:\/\/www.bioanalyt.com\/\",\"logo\":{\"@type\":\"ImageObject\",\"inLanguage\":\"es\",\"@id\":\"https:\/\/www.bioanalyt.com\/#\/schema\/logo\/image\/\",\"url\":\"https:\/\/www.bioanalyt.com\/wp-content\/uploads\/2024\/09\/Logo-Horizontal.svg\",\"contentUrl\":\"https:\/\/www.bioanalyt.com\/wp-content\/uploads\/2024\/09\/Logo-Horizontal.svg\",\"width\":112,\"height\":64,\"caption\":\"Bioanalyt\"},\"image\":{\"@id\":\"https:\/\/www.bioanalyt.com\/#\/schema\/logo\/image\/\"},\"sameAs\":[\"https:\/\/www.linkedin.com\/company\/bioanalyt\/\",\"https:\/\/www.youtube.com\/user\/BioAnalyt\"]}]}<\/script>\n<!-- \/ Yoast SEO plugin. -->","yoast_head_json":{"title":"Iron Standard - Bioanalyt","robots":{"index":"noindex","follow":"nofollow"},"og_locale":"es_ES","og_type":"article","og_title":"Iron Standard - Bioanalyt","og_description":"Est\u00e1ndar s\u00f3lido de cristal gris para el control del dispositivo iCheck Iron. El est\u00e1ndar se incluye con nuestro dispositivo iCheck. En caso de p\u00e9rdida o deterioro, se puede pedir por separado.","og_url":"https:\/\/www.bioanalyt.com\/es\/product\/iron-standard\/","og_site_name":"Bioanalyt","article_modified_time":"2026-04-23T21:00:38+00:00","og_image":[{"width":312,"height":312,"url":"https:\/\/www.bioanalyt.com\/wp-content\/uploads\/2024\/11\/image12.png","type":"image\/png"}],"twitter_card":"summary_large_image","schema":{"@context":"https:\/\/schema.org","@graph":[{"@type":"WebPage","@id":"https:\/\/www.bioanalyt.com\/es\/product\/iron-standard\/","url":"https:\/\/www.bioanalyt.com\/es\/product\/iron-standard\/","name":"Iron Standard - Bioanalyt","isPartOf":{"@id":"https:\/\/www.bioanalyt.com\/#website"},"primaryImageOfPage":{"@id":"https:\/\/www.bioanalyt.com\/es\/product\/iron-standard\/#primaryimage"},"image":{"@id":"https:\/\/www.bioanalyt.com\/es\/product\/iron-standard\/#primaryimage"},"thumbnailUrl":"https:\/\/www.bioanalyt.com\/wp-content\/uploads\/2024\/11\/image12.png","datePublished":"2025-05-09T13:34:04+00:00","dateModified":"2026-04-23T21:00:38+00:00","breadcrumb":{"@id":"https:\/\/www.bioanalyt.com\/es\/product\/iron-standard\/#breadcrumb"},"inLanguage":"es","potentialAction":[{"@type":"ReadAction","target":["https:\/\/www.bioanalyt.com\/es\/product\/iron-standard\/"]}]},{"@type":"ImageObject","inLanguage":"es","@id":"https:\/\/www.bioanalyt.com\/es\/product\/iron-standard\/#primaryimage","url":"https:\/\/www.bioanalyt.com\/wp-content\/uploads\/2024\/11\/image12.png","contentUrl":"https:\/\/www.bioanalyt.com\/wp-content\/uploads\/2024\/11\/image12.png","width":312,"height":312,"caption":"Iron Standard"},{"@type":"BreadcrumbList","@id":"https:\/\/www.bioanalyt.com\/es\/product\/iron-standard\/#breadcrumb","itemListElement":[{"@type":"ListItem","position":1,"name":"Home","item":"https:\/\/www.bioanalyt.com\/fr\/"},{"@type":"ListItem","position":2,"name":"Iron Standard"}]},{"@type":"WebSite","@id":"https:\/\/www.bioanalyt.com\/#website","url":"https:\/\/www.bioanalyt.com\/","name":"Bioanalyt","description":"Measure for life","publisher":{"@id":"https:\/\/www.bioanalyt.com\/#organization"},"potentialAction":[{"@type":"SearchAction","target":{"@type":"EntryPoint","urlTemplate":"https:\/\/www.bioanalyt.com\/?s={search_term_string}"},"query-input":{"@type":"PropertyValueSpecification","valueRequired":true,"valueName":"search_term_string"}}],"inLanguage":"es"},{"@type":"Organization","@id":"https:\/\/www.bioanalyt.com\/#organization","name":"Bioanalyt","url":"https:\/\/www.bioanalyt.com\/","logo":{"@type":"ImageObject","inLanguage":"es","@id":"https:\/\/www.bioanalyt.com\/#\/schema\/logo\/image\/","url":"https:\/\/www.bioanalyt.com\/wp-content\/uploads\/2024\/09\/Logo-Horizontal.svg","contentUrl":"https:\/\/www.bioanalyt.com\/wp-content\/uploads\/2024\/09\/Logo-Horizontal.svg","width":112,"height":64,"caption":"Bioanalyt"},"image":{"@id":"https:\/\/www.bioanalyt.com\/#\/schema\/logo\/image\/"},"sameAs":["https:\/\/www.linkedin.com\/company\/bioanalyt\/","https:\/\/www.youtube.com\/user\/BioAnalyt"]}]}},"_links":{"self":[{"href":"https:\/\/www.bioanalyt.com\/es\/wp-json\/wp\/v2\/product\/25219","targetHints":{"allow":["GET"]}}],"collection":[{"href":"https:\/\/www.bioanalyt.com\/es\/wp-json\/wp\/v2\/product"}],"about":[{"href":"https:\/\/www.bioanalyt.com\/es\/wp-json\/wp\/v2\/types\/product"}],"author":[{"embeddable":true,"href":"https:\/\/www.bioanalyt.com\/es\/wp-json\/wp\/v2\/users\/1"}],"replies":[{"embeddable":true,"href":"https:\/\/www.bioanalyt.com\/es\/wp-json\/wp\/v2\/comments?post=25219"}],"version-history":[{"count":1,"href":"https:\/\/www.bioanalyt.com\/es\/wp-json\/wp\/v2\/product\/25219\/revisions"}],"predecessor-version":[{"id":26759,"href":"https:\/\/www.bioanalyt.com\/es\/wp-json\/wp\/v2\/product\/25219\/revisions\/26759"}],"wp:featuredmedia":[{"embeddable":true,"href":"https:\/\/www.bioanalyt.com\/es\/wp-json\/wp\/v2\/media\/25067"}],"wp:attachment":[{"href":"https:\/\/www.bioanalyt.com\/es\/wp-json\/wp\/v2\/media?parent=25219"}],"wp:term":[{"taxonomy":"product_brand","embeddable":true,"href":"https:\/\/www.bioanalyt.com\/es\/wp-json\/wp\/v2\/product_brand?post=25219"},{"taxonomy":"product_cat","embeddable":true,"href":"https:\/\/www.bioanalyt.com\/es\/wp-json\/wp\/v2\/product_cat?post=25219"},{"taxonomy":"product_tag","embeddable":true,"href":"https:\/\/www.bioanalyt.com\/es\/wp-json\/wp\/v2\/product_tag?post=25219"}],"curies":[{"name":"wp","href":"https:\/\/api.w.org\/{rel}","templated":true}]}}