{"id":25206,"date":"2025-05-09T12:58:36","date_gmt":"2025-05-09T12:58:36","guid":{"rendered":"https:\/\/www.bioanalyt.com\/product\/croma-3-estandar\/"},"modified":"2026-03-24T07:12:17","modified_gmt":"2026-03-24T07:12:17","slug":"croma-3-estandar","status":"publish","type":"product","link":"https:\/\/www.bioanalyt.com\/es\/product\/croma-3-estandar\/","title":{"rendered":"Croma 3 Est\u00e1ndar"},"content":{"rendered":"\t\t<div data-elementor-type=\"product-post\" data-elementor-id=\"25206\" class=\"elementor elementor-25206 elementor-15501\" data-elementor-post-type=\"product\">\n\t\t\t\t<div class=\"elementor-element elementor-element-60570702 e-flex e-con-boxed e-con e-parent\" data-id=\"60570702\" data-element_type=\"container\">\n\t\t\t\t\t<div class=\"e-con-inner\">\n\t\t\t\t<div class=\"elementor-element elementor-element-8f6b271 e-add-to-cart--show-quantity-yes elementor-widget elementor-widget-woocommerce-product-add-to-cart\" data-id=\"8f6b271\" data-element_type=\"widget\" data-widget_type=\"woocommerce-product-add-to-cart.default\">\n\t\t\t\t<div class=\"elementor-widget-container\">\n\t\t\t\t\t\n\t\t<div class=\"elementor-add-to-cart elementor-product-simple\">\n\t\t\t\t\t<\/div>\n\n\t\t\t\t\t\t<\/div>\n\t\t\t\t<\/div>\n\t\t\t\t<div class=\"elementor-element elementor-element-7937a443 elementor-widget elementor-widget-text-editor\" data-id=\"7937a443\" data-element_type=\"widget\" data-widget_type=\"text-editor.default\">\n\t\t\t\t<div class=\"elementor-widget-container\">\n\t\t\t\t\t\t\t\t\t<p>eryhterhfrt<\/p>\t\t\t\t\t\t\t\t<\/div>\n\t\t\t\t<\/div>\n\t\t\t\t\t<\/div>\n\t\t\t\t<\/div>\n\t\t\t\t<\/div>\n\t\t","protected":false},"excerpt":{"rendered":"<p>Est\u00e1ndar s\u00f3lido de cristal gris para el control del dispositivo iCheck Chroma 3. El est\u00e1ndar se incluye con nuestro dispositivo iCheck. En caso de p\u00e9rdida o deterioro, se puede pedir por separado.  <\/p>\n","protected":false},"author":1,"featured_media":0,"comment_status":"open","ping_status":"closed","template":"","meta":{"_acf_changed":false,"inline_featured_image":false,"footnotes":""},"product_brand":[],"product_cat":[600],"product_tag":[],"class_list":{"0":"post-25206","1":"product","2":"type-product","3":"status-publish","5":"product_cat-accessories","7":"first","8":"instock","9":"shipping-taxable","10":"product-type-simple"},"acf":[],"yoast_head":"<!-- This site is optimized with the Yoast SEO plugin v25.5 - https:\/\/yoast.com\/wordpress\/plugins\/seo\/ -->\n<title>Croma 3 Est\u00e1ndar - Bioanalyt<\/title>\n<meta name=\"robots\" content=\"noindex, nofollow\" \/>\n<meta property=\"og:locale\" content=\"es_ES\" \/>\n<meta property=\"og:type\" content=\"article\" \/>\n<meta property=\"og:title\" content=\"Croma 3 Est\u00e1ndar - Bioanalyt\" \/>\n<meta property=\"og:description\" content=\"Est\u00e1ndar s\u00f3lido de cristal gris para el control del dispositivo iCheck Chroma 3. El est\u00e1ndar se incluye con nuestro dispositivo iCheck. En caso de p\u00e9rdida o deterioro, se puede pedir por separado.\" \/>\n<meta property=\"og:url\" content=\"https:\/\/www.bioanalyt.com\/es\/product\/croma-3-estandar\/\" \/>\n<meta property=\"og:site_name\" content=\"Bioanalyt\" \/>\n<meta property=\"article:modified_time\" content=\"2026-03-24T07:12:17+00:00\" \/>\n<meta name=\"twitter:card\" content=\"summary_large_image\" \/>\n<script type=\"application\/ld+json\" class=\"yoast-schema-graph\">{\"@context\":\"https:\/\/schema.org\",\"@graph\":[{\"@type\":\"WebPage\",\"@id\":\"https:\/\/www.bioanalyt.com\/es\/product\/croma-3-estandar\/\",\"url\":\"https:\/\/www.bioanalyt.com\/es\/product\/croma-3-estandar\/\",\"name\":\"Croma 3 Est\u00e1ndar - Bioanalyt\",\"isPartOf\":{\"@id\":\"https:\/\/www.bioanalyt.com\/#website\"},\"datePublished\":\"2025-05-09T12:58:36+00:00\",\"dateModified\":\"2026-03-24T07:12:17+00:00\",\"breadcrumb\":{\"@id\":\"https:\/\/www.bioanalyt.com\/es\/product\/croma-3-estandar\/#breadcrumb\"},\"inLanguage\":\"es\",\"potentialAction\":[{\"@type\":\"ReadAction\",\"target\":[\"https:\/\/www.bioanalyt.com\/es\/product\/croma-3-estandar\/\"]}]},{\"@type\":\"BreadcrumbList\",\"@id\":\"https:\/\/www.bioanalyt.com\/es\/product\/croma-3-estandar\/#breadcrumb\",\"itemListElement\":[{\"@type\":\"ListItem\",\"position\":1,\"name\":\"Home\",\"item\":\"https:\/\/www.bioanalyt.com\/fr\/\"},{\"@type\":\"ListItem\",\"position\":2,\"name\":\"Croma 3 Est\u00e1ndar\"}]},{\"@type\":\"WebSite\",\"@id\":\"https:\/\/www.bioanalyt.com\/#website\",\"url\":\"https:\/\/www.bioanalyt.com\/\",\"name\":\"Bioanalyt\",\"description\":\"Measure for life\",\"publisher\":{\"@id\":\"https:\/\/www.bioanalyt.com\/#organization\"},\"potentialAction\":[{\"@type\":\"SearchAction\",\"target\":{\"@type\":\"EntryPoint\",\"urlTemplate\":\"https:\/\/www.bioanalyt.com\/?s={search_term_string}\"},\"query-input\":{\"@type\":\"PropertyValueSpecification\",\"valueRequired\":true,\"valueName\":\"search_term_string\"}}],\"inLanguage\":\"es\"},{\"@type\":\"Organization\",\"@id\":\"https:\/\/www.bioanalyt.com\/#organization\",\"name\":\"Bioanalyt\",\"url\":\"https:\/\/www.bioanalyt.com\/\",\"logo\":{\"@type\":\"ImageObject\",\"inLanguage\":\"es\",\"@id\":\"https:\/\/www.bioanalyt.com\/#\/schema\/logo\/image\/\",\"url\":\"https:\/\/www.bioanalyt.com\/wp-content\/uploads\/2024\/09\/Logo-Horizontal.svg\",\"contentUrl\":\"https:\/\/www.bioanalyt.com\/wp-content\/uploads\/2024\/09\/Logo-Horizontal.svg\",\"width\":112,\"height\":64,\"caption\":\"Bioanalyt\"},\"image\":{\"@id\":\"https:\/\/www.bioanalyt.com\/#\/schema\/logo\/image\/\"},\"sameAs\":[\"https:\/\/www.linkedin.com\/company\/bioanalyt\/\",\"https:\/\/www.youtube.com\/user\/BioAnalyt\"]}]}<\/script>\n<!-- \/ Yoast SEO plugin. -->","yoast_head_json":{"title":"Croma 3 Est\u00e1ndar - Bioanalyt","robots":{"index":"noindex","follow":"nofollow"},"og_locale":"es_ES","og_type":"article","og_title":"Croma 3 Est\u00e1ndar - Bioanalyt","og_description":"Est\u00e1ndar s\u00f3lido de cristal gris para el control del dispositivo iCheck Chroma 3. El est\u00e1ndar se incluye con nuestro dispositivo iCheck. En caso de p\u00e9rdida o deterioro, se puede pedir por separado.","og_url":"https:\/\/www.bioanalyt.com\/es\/product\/croma-3-estandar\/","og_site_name":"Bioanalyt","article_modified_time":"2026-03-24T07:12:17+00:00","twitter_card":"summary_large_image","schema":{"@context":"https:\/\/schema.org","@graph":[{"@type":"WebPage","@id":"https:\/\/www.bioanalyt.com\/es\/product\/croma-3-estandar\/","url":"https:\/\/www.bioanalyt.com\/es\/product\/croma-3-estandar\/","name":"Croma 3 Est\u00e1ndar - Bioanalyt","isPartOf":{"@id":"https:\/\/www.bioanalyt.com\/#website"},"datePublished":"2025-05-09T12:58:36+00:00","dateModified":"2026-03-24T07:12:17+00:00","breadcrumb":{"@id":"https:\/\/www.bioanalyt.com\/es\/product\/croma-3-estandar\/#breadcrumb"},"inLanguage":"es","potentialAction":[{"@type":"ReadAction","target":["https:\/\/www.bioanalyt.com\/es\/product\/croma-3-estandar\/"]}]},{"@type":"BreadcrumbList","@id":"https:\/\/www.bioanalyt.com\/es\/product\/croma-3-estandar\/#breadcrumb","itemListElement":[{"@type":"ListItem","position":1,"name":"Home","item":"https:\/\/www.bioanalyt.com\/fr\/"},{"@type":"ListItem","position":2,"name":"Croma 3 Est\u00e1ndar"}]},{"@type":"WebSite","@id":"https:\/\/www.bioanalyt.com\/#website","url":"https:\/\/www.bioanalyt.com\/","name":"Bioanalyt","description":"Measure for life","publisher":{"@id":"https:\/\/www.bioanalyt.com\/#organization"},"potentialAction":[{"@type":"SearchAction","target":{"@type":"EntryPoint","urlTemplate":"https:\/\/www.bioanalyt.com\/?s={search_term_string}"},"query-input":{"@type":"PropertyValueSpecification","valueRequired":true,"valueName":"search_term_string"}}],"inLanguage":"es"},{"@type":"Organization","@id":"https:\/\/www.bioanalyt.com\/#organization","name":"Bioanalyt","url":"https:\/\/www.bioanalyt.com\/","logo":{"@type":"ImageObject","inLanguage":"es","@id":"https:\/\/www.bioanalyt.com\/#\/schema\/logo\/image\/","url":"https:\/\/www.bioanalyt.com\/wp-content\/uploads\/2024\/09\/Logo-Horizontal.svg","contentUrl":"https:\/\/www.bioanalyt.com\/wp-content\/uploads\/2024\/09\/Logo-Horizontal.svg","width":112,"height":64,"caption":"Bioanalyt"},"image":{"@id":"https:\/\/www.bioanalyt.com\/#\/schema\/logo\/image\/"},"sameAs":["https:\/\/www.linkedin.com\/company\/bioanalyt\/","https:\/\/www.youtube.com\/user\/BioAnalyt"]}]}},"_links":{"self":[{"href":"https:\/\/www.bioanalyt.com\/es\/wp-json\/wp\/v2\/product\/25206","targetHints":{"allow":["GET"]}}],"collection":[{"href":"https:\/\/www.bioanalyt.com\/es\/wp-json\/wp\/v2\/product"}],"about":[{"href":"https:\/\/www.bioanalyt.com\/es\/wp-json\/wp\/v2\/types\/product"}],"author":[{"embeddable":true,"href":"https:\/\/www.bioanalyt.com\/es\/wp-json\/wp\/v2\/users\/1"}],"replies":[{"embeddable":true,"href":"https:\/\/www.bioanalyt.com\/es\/wp-json\/wp\/v2\/comments?post=25206"}],"version-history":[{"count":1,"href":"https:\/\/www.bioanalyt.com\/es\/wp-json\/wp\/v2\/product\/25206\/revisions"}],"predecessor-version":[{"id":25207,"href":"https:\/\/www.bioanalyt.com\/es\/wp-json\/wp\/v2\/product\/25206\/revisions\/25207"}],"wp:attachment":[{"href":"https:\/\/www.bioanalyt.com\/es\/wp-json\/wp\/v2\/media?parent=25206"}],"wp:term":[{"taxonomy":"product_brand","embeddable":true,"href":"https:\/\/www.bioanalyt.com\/es\/wp-json\/wp\/v2\/product_brand?post=25206"},{"taxonomy":"product_cat","embeddable":true,"href":"https:\/\/www.bioanalyt.com\/es\/wp-json\/wp\/v2\/product_cat?post=25206"},{"taxonomy":"product_tag","embeddable":true,"href":"https:\/\/www.bioanalyt.com\/es\/wp-json\/wp\/v2\/product_tag?post=25206"}],"curies":[{"name":"wp","href":"https:\/\/api.w.org\/{rel}","templated":true}]}}