{"id":24726,"date":"2024-10-09T04:36:17","date_gmt":"2024-10-09T04:36:17","guid":{"rendered":"https:\/\/www.bioanalyt.com\/impresionante\/"},"modified":"2026-03-24T07:08:40","modified_gmt":"2026-03-24T07:08:40","slug":"impresionante","status":"publish","type":"page","link":"https:\/\/www.bioanalyt.com\/es\/impresionante\/","title":{"rendered":"Impresionante"},"content":{"rendered":"<div id=\"bsf_rt_marker\"><\/div>\t\t<div data-elementor-type=\"wp-page\" data-elementor-id=\"24726\" class=\"elementor elementor-24726 elementor-464\" data-elementor-post-type=\"page\">\n\t\t\t\t<div class=\"elementor-element elementor-element-b432fd9 e-flex e-con-boxed e-con e-parent\" data-id=\"b432fd9\" data-element_type=\"container\">\n\t\t\t\t\t<div class=\"e-con-inner\">\n\t\t\t\t<div class=\"elementor-element elementor-element-8802e35 elementor-widget elementor-widget-text-editor\" data-id=\"8802e35\" data-element_type=\"widget\" data-widget_type=\"text-editor.default\">\n\t\t\t\t<div class=\"elementor-widget-container\">\n\t\t\t\t\t\t\t\t\t<p>BioAnalyt GmbH <br>Rheinstra\u00dfe 17 <br>14513 Teltow, Alemania<br><strong>Correo electr\u00f3nico<\/strong>: <a href=\"mailto:contact@bioanalyt.com\">contact@bioanalyt.com<\/a><br><strong>P\u00e1gina web:<\/strong> www.bioanalyt.com<\/p><p><strong>Registro Mercantil:<br><\/strong> Registrado en el Tribunal de Distrito de Potsdam (Amtsgericht Potsdam) HRB 12621<\/p><p>N\u00famero de identificaci\u00f3n a efectos del IVA (Umsatzsteuer-Identifikationsnummer): DE129437800<\/p><p><strong>Responsable del contenido seg\u00fan \u00a7 55 Abs. 2 RStV: <\/strong> <br>Prof. Dr. Florian J. Schweigert<\/p>\t\t\t\t\t\t\t\t<\/div>\n\t\t\t\t<\/div>\n\t\t\t\t<div class=\"elementor-element elementor-element-83e734e elementor-widget elementor-widget-spacer\" data-id=\"83e734e\" data-element_type=\"widget\" data-widget_type=\"spacer.default\">\n\t\t\t\t<div class=\"elementor-widget-container\">\n\t\t\t\t\t\t\t<div class=\"elementor-spacer\">\n\t\t\t<div class=\"elementor-spacer-inner\"><\/div>\n\t\t<\/div>\n\t\t\t\t\t\t<\/div>\n\t\t\t\t<\/div>\n\t\t\t\t<div class=\"elementor-element elementor-element-90bd6e3 elementor-widget elementor-widget-text-editor\" data-id=\"90bd6e3\" data-element_type=\"widget\" data-widget_type=\"text-editor.default\">\n\t\t\t\t<div class=\"elementor-widget-container\">\n\t\t\t\t\t\t\t\t\t<h4><strong>Notas legales \/ Descargo de responsabilidad<\/strong><\/h4><h5><strong>Sin garant\u00eda<\/strong><\/h5><p>BioAnalyt GmbH pone el m\u00e1ximo cuidado en garantizar que la informaci\u00f3n de este sitio web sea precisa y est\u00e9 actualizada. Sin embargo, nos reservamos el derecho a modificar, actualizar, complementar o eliminar cualquier contenido sin previo aviso. No hacemos representaciones ni garant\u00edas de ning\u00fan tipo, ya sean expresas o impl\u00edcitas, respecto a la integridad, exactitud, idoneidad o legalidad del contenido proporcionado. No asumimos ninguna responsabilidad por da\u00f1os directos o indirectos derivados del uso de nuestro sitio web, excepto en casos de mala conducta intencionada o negligencia grave por nuestra parte.   <\/p><h5><strong>Enlaces externos<\/strong><\/h5><p>Nuestro sitio web puede contener enlaces a sitios web externos gestionados por terceros. Estos enlaces se proporcionan \u00fanicamente para comodidad del usuario. BioAnalyt GmbH no tiene control sobre el contenido de los sitios web externos y no respalda, asume responsabilidad o garantiza su disponibilidad, exactitud o fiabilidad. La inclusi\u00f3n de enlaces externos no implica la aprobaci\u00f3n o recomendaci\u00f3n del contenido enlazado. Los usuarios acceden a sitios web de terceros por su cuenta y riesgo.    <\/p><h5><strong>Derechos de autor y propiedad intelectual<\/strong><\/h5><p>Todo el contenido de este sitio web, incluidos, entre otros, el dise\u00f1o, el texto, las im\u00e1genes, los gr\u00e1ficos y los elementos multimedia, est\u00e1 protegido por las leyes de derechos de autor (Urheberrecht) y otras leyes de propiedad intelectual aplicables. Queda estrictamente prohibida la copia, distribuci\u00f3n, modificaci\u00f3n o uso no autorizado del contenido con fines comerciales. El acceso a este sitio web no otorga ni implica licencias o derechos de uso de ninguna propiedad intelectual (por ejemplo, marcas registradas, patentes o derechos de autor). Algunos materiales pueden estar sujetos a derechos de autor de terceros, en cuyo caso sus derechos permanecen plenamente protegidos.   <\/p><p><strong>Protecci\u00f3n de datos<br><\/strong> Para obtener informaci\u00f3n sobre c\u00f3mo procesamos los datos personales, consulta nuestra Pol\u00edtica de privacidad.<br><strong>\u00daltima actualizaci\u00f3n: 31.01.2025<\/strong><\/p>\t\t\t\t\t\t\t\t<\/div>\n\t\t\t\t<\/div>\n\t\t\t\t\t<\/div>\n\t\t\t\t<\/div>\n\t\t\t\t<\/div>\n\t\t","protected":false},"excerpt":{"rendered":"<p>BioAnalyt GmbH Rheinstra\u00dfe 17 14513 Teltow, AlemaniaCorreo electr\u00f3nico: contact@bioanalyt.comP\u00e1gina web: www.bioanalyt.com Registro Mercantil: Registrado en el Tribunal de Distrito de Potsdam (Amtsgericht Potsdam) HRB 12621 N\u00famero de identificaci\u00f3n a efectos [&hellip;]<\/p>\n","protected":false},"author":1,"featured_media":24575,"parent":0,"menu_order":17,"comment_status":"closed","ping_status":"closed","template":"elementor_header_footer","meta":{"_acf_changed":false,"inline_featured_image":false,"footnotes":""},"class_list":["post-24726","page","type-page","status-publish","has-post-thumbnail","hentry"],"acf":[],"yoast_head":"<!-- This site is optimized with the Yoast SEO plugin v25.5 - https:\/\/yoast.com\/wordpress\/plugins\/seo\/ -->\n<title>BioAnalyt Impressum<\/title>\n<meta name=\"description\" content=\"BioAnalyt Impressum - datos de la empresa, informaci\u00f3n reglamentaria, informaci\u00f3n de gesti\u00f3n, registro, n\u00fameros de identificaci\u00f3n fiscal y responsable de protecci\u00f3n de datos.\" \/>\n<meta name=\"robots\" content=\"index, follow, max-snippet:-1, max-image-preview:large, max-video-preview:-1\" \/>\n<link rel=\"canonical\" href=\"https:\/\/www.bioanalyt.com\/es\/impresionante\/\" \/>\n<meta property=\"og:locale\" content=\"es_ES\" \/>\n<meta property=\"og:type\" content=\"article\" \/>\n<meta property=\"og:title\" content=\"BioAnalyt Impressum\" \/>\n<meta property=\"og:description\" content=\"BioAnalyt Impressum - datos de la empresa, informaci\u00f3n reglamentaria, informaci\u00f3n de gesti\u00f3n, registro, n\u00fameros de identificaci\u00f3n fiscal y responsable de protecci\u00f3n de datos.\" \/>\n<meta property=\"og:url\" content=\"https:\/\/www.bioanalyt.com\/es\/impresionante\/\" \/>\n<meta property=\"og:site_name\" content=\"Bioanalyt\" \/>\n<meta property=\"article:modified_time\" content=\"2026-03-24T07:08:40+00:00\" \/>\n<meta name=\"twitter:card\" content=\"summary_large_image\" \/>\n<meta name=\"twitter:label1\" content=\"Tiempo de lectura\" \/>\n\t<meta name=\"twitter:data1\" content=\"2 minutos\" \/>\n<script type=\"application\/ld+json\" class=\"yoast-schema-graph\">{\"@context\":\"https:\/\/schema.org\",\"@graph\":[{\"@type\":\"WebPage\",\"@id\":\"https:\/\/www.bioanalyt.com\/es\/impresionante\/\",\"url\":\"https:\/\/www.bioanalyt.com\/es\/impresionante\/\",\"name\":\"BioAnalyt Impressum\",\"isPartOf\":{\"@id\":\"https:\/\/www.bioanalyt.com\/#website\"},\"primaryImageOfPage\":{\"@id\":\"https:\/\/www.bioanalyt.com\/es\/impresionante\/#primaryimage\"},\"image\":{\"@id\":\"https:\/\/www.bioanalyt.com\/es\/impresionante\/#primaryimage\"},\"thumbnailUrl\":\"https:\/\/www.bioanalyt.com\/wp-content\/uploads\/2025\/01\/Icon4.svg\",\"datePublished\":\"2024-10-09T04:36:17+00:00\",\"dateModified\":\"2026-03-24T07:08:40+00:00\",\"description\":\"BioAnalyt Impressum - datos de la empresa, informaci\u00f3n reglamentaria, informaci\u00f3n de gesti\u00f3n, registro, n\u00fameros de identificaci\u00f3n fiscal y responsable de protecci\u00f3n de datos.\",\"breadcrumb\":{\"@id\":\"https:\/\/www.bioanalyt.com\/es\/impresionante\/#breadcrumb\"},\"inLanguage\":\"es\",\"potentialAction\":[{\"@type\":\"ReadAction\",\"target\":[\"https:\/\/www.bioanalyt.com\/es\/impresionante\/\"]}]},{\"@type\":\"ImageObject\",\"inLanguage\":\"es\",\"@id\":\"https:\/\/www.bioanalyt.com\/es\/impresionante\/#primaryimage\",\"url\":\"https:\/\/www.bioanalyt.com\/wp-content\/uploads\/2025\/01\/Icon4.svg\",\"contentUrl\":\"https:\/\/www.bioanalyt.com\/wp-content\/uploads\/2025\/01\/Icon4.svg\",\"width\":64,\"height\":64},{\"@type\":\"BreadcrumbList\",\"@id\":\"https:\/\/www.bioanalyt.com\/es\/impresionante\/#breadcrumb\",\"itemListElement\":[{\"@type\":\"ListItem\",\"position\":1,\"name\":\"Home\",\"item\":\"https:\/\/www.bioanalyt.com\/es\/inicio\/\"},{\"@type\":\"ListItem\",\"position\":2,\"name\":\"Impresionante\"}]},{\"@type\":\"WebSite\",\"@id\":\"https:\/\/www.bioanalyt.com\/#website\",\"url\":\"https:\/\/www.bioanalyt.com\/\",\"name\":\"Bioanalyt\",\"description\":\"Measure for life\",\"publisher\":{\"@id\":\"https:\/\/www.bioanalyt.com\/#organization\"},\"potentialAction\":[{\"@type\":\"SearchAction\",\"target\":{\"@type\":\"EntryPoint\",\"urlTemplate\":\"https:\/\/www.bioanalyt.com\/?s={search_term_string}\"},\"query-input\":{\"@type\":\"PropertyValueSpecification\",\"valueRequired\":true,\"valueName\":\"search_term_string\"}}],\"inLanguage\":\"es\"},{\"@type\":\"Organization\",\"@id\":\"https:\/\/www.bioanalyt.com\/#organization\",\"name\":\"Bioanalyt\",\"url\":\"https:\/\/www.bioanalyt.com\/\",\"logo\":{\"@type\":\"ImageObject\",\"inLanguage\":\"es\",\"@id\":\"https:\/\/www.bioanalyt.com\/#\/schema\/logo\/image\/\",\"url\":\"https:\/\/www.bioanalyt.com\/wp-content\/uploads\/2024\/09\/Logo-Horizontal.svg\",\"contentUrl\":\"https:\/\/www.bioanalyt.com\/wp-content\/uploads\/2024\/09\/Logo-Horizontal.svg\",\"width\":112,\"height\":64,\"caption\":\"Bioanalyt\"},\"image\":{\"@id\":\"https:\/\/www.bioanalyt.com\/#\/schema\/logo\/image\/\"},\"sameAs\":[\"https:\/\/www.linkedin.com\/company\/bioanalyt\/\",\"https:\/\/www.youtube.com\/user\/BioAnalyt\"]}]}<\/script>\n<!-- \/ Yoast SEO plugin. -->","yoast_head_json":{"title":"BioAnalyt Impressum","description":"BioAnalyt Impressum - datos de la empresa, informaci\u00f3n reglamentaria, informaci\u00f3n de gesti\u00f3n, registro, n\u00fameros de identificaci\u00f3n fiscal y responsable de protecci\u00f3n de datos.","robots":{"index":"index","follow":"follow","max-snippet":"max-snippet:-1","max-image-preview":"max-image-preview:large","max-video-preview":"max-video-preview:-1"},"canonical":"https:\/\/www.bioanalyt.com\/es\/impresionante\/","og_locale":"es_ES","og_type":"article","og_title":"BioAnalyt Impressum","og_description":"BioAnalyt Impressum - datos de la empresa, informaci\u00f3n reglamentaria, informaci\u00f3n de gesti\u00f3n, registro, n\u00fameros de identificaci\u00f3n fiscal y responsable de protecci\u00f3n de datos.","og_url":"https:\/\/www.bioanalyt.com\/es\/impresionante\/","og_site_name":"Bioanalyt","article_modified_time":"2026-03-24T07:08:40+00:00","twitter_card":"summary_large_image","twitter_misc":{"Tiempo de lectura":"2 minutos"},"schema":{"@context":"https:\/\/schema.org","@graph":[{"@type":"WebPage","@id":"https:\/\/www.bioanalyt.com\/es\/impresionante\/","url":"https:\/\/www.bioanalyt.com\/es\/impresionante\/","name":"BioAnalyt Impressum","isPartOf":{"@id":"https:\/\/www.bioanalyt.com\/#website"},"primaryImageOfPage":{"@id":"https:\/\/www.bioanalyt.com\/es\/impresionante\/#primaryimage"},"image":{"@id":"https:\/\/www.bioanalyt.com\/es\/impresionante\/#primaryimage"},"thumbnailUrl":"https:\/\/www.bioanalyt.com\/wp-content\/uploads\/2025\/01\/Icon4.svg","datePublished":"2024-10-09T04:36:17+00:00","dateModified":"2026-03-24T07:08:40+00:00","description":"BioAnalyt Impressum - datos de la empresa, informaci\u00f3n reglamentaria, informaci\u00f3n de gesti\u00f3n, registro, n\u00fameros de identificaci\u00f3n fiscal y responsable de protecci\u00f3n de datos.","breadcrumb":{"@id":"https:\/\/www.bioanalyt.com\/es\/impresionante\/#breadcrumb"},"inLanguage":"es","potentialAction":[{"@type":"ReadAction","target":["https:\/\/www.bioanalyt.com\/es\/impresionante\/"]}]},{"@type":"ImageObject","inLanguage":"es","@id":"https:\/\/www.bioanalyt.com\/es\/impresionante\/#primaryimage","url":"https:\/\/www.bioanalyt.com\/wp-content\/uploads\/2025\/01\/Icon4.svg","contentUrl":"https:\/\/www.bioanalyt.com\/wp-content\/uploads\/2025\/01\/Icon4.svg","width":64,"height":64},{"@type":"BreadcrumbList","@id":"https:\/\/www.bioanalyt.com\/es\/impresionante\/#breadcrumb","itemListElement":[{"@type":"ListItem","position":1,"name":"Home","item":"https:\/\/www.bioanalyt.com\/es\/inicio\/"},{"@type":"ListItem","position":2,"name":"Impresionante"}]},{"@type":"WebSite","@id":"https:\/\/www.bioanalyt.com\/#website","url":"https:\/\/www.bioanalyt.com\/","name":"Bioanalyt","description":"Measure for life","publisher":{"@id":"https:\/\/www.bioanalyt.com\/#organization"},"potentialAction":[{"@type":"SearchAction","target":{"@type":"EntryPoint","urlTemplate":"https:\/\/www.bioanalyt.com\/?s={search_term_string}"},"query-input":{"@type":"PropertyValueSpecification","valueRequired":true,"valueName":"search_term_string"}}],"inLanguage":"es"},{"@type":"Organization","@id":"https:\/\/www.bioanalyt.com\/#organization","name":"Bioanalyt","url":"https:\/\/www.bioanalyt.com\/","logo":{"@type":"ImageObject","inLanguage":"es","@id":"https:\/\/www.bioanalyt.com\/#\/schema\/logo\/image\/","url":"https:\/\/www.bioanalyt.com\/wp-content\/uploads\/2024\/09\/Logo-Horizontal.svg","contentUrl":"https:\/\/www.bioanalyt.com\/wp-content\/uploads\/2024\/09\/Logo-Horizontal.svg","width":112,"height":64,"caption":"Bioanalyt"},"image":{"@id":"https:\/\/www.bioanalyt.com\/#\/schema\/logo\/image\/"},"sameAs":["https:\/\/www.linkedin.com\/company\/bioanalyt\/","https:\/\/www.youtube.com\/user\/BioAnalyt"]}]}},"_links":{"self":[{"href":"https:\/\/www.bioanalyt.com\/es\/wp-json\/wp\/v2\/pages\/24726","targetHints":{"allow":["GET"]}}],"collection":[{"href":"https:\/\/www.bioanalyt.com\/es\/wp-json\/wp\/v2\/pages"}],"about":[{"href":"https:\/\/www.bioanalyt.com\/es\/wp-json\/wp\/v2\/types\/page"}],"author":[{"embeddable":true,"href":"https:\/\/www.bioanalyt.com\/es\/wp-json\/wp\/v2\/users\/1"}],"replies":[{"embeddable":true,"href":"https:\/\/www.bioanalyt.com\/es\/wp-json\/wp\/v2\/comments?post=24726"}],"version-history":[{"count":1,"href":"https:\/\/www.bioanalyt.com\/es\/wp-json\/wp\/v2\/pages\/24726\/revisions"}],"predecessor-version":[{"id":24730,"href":"https:\/\/www.bioanalyt.com\/es\/wp-json\/wp\/v2\/pages\/24726\/revisions\/24730"}],"wp:featuredmedia":[{"embeddable":true,"href":"https:\/\/www.bioanalyt.com\/es\/wp-json\/wp\/v2\/media\/24575"}],"wp:attachment":[{"href":"https:\/\/www.bioanalyt.com\/es\/wp-json\/wp\/v2\/media?parent=24726"}],"curies":[{"name":"wp","href":"https:\/\/api.w.org\/{rel}","templated":true}]}}