{"id":24570,"date":"2024-09-25T08:35:50","date_gmt":"2024-09-25T08:35:50","guid":{"rendered":"https:\/\/www.bioanalyt.com\/politica-de-privacidad\/"},"modified":"2026-03-24T07:08:38","modified_gmt":"2026-03-24T07:08:38","slug":"politica-de-privacidad","status":"publish","type":"page","link":"https:\/\/www.bioanalyt.com\/es\/politica-de-privacidad\/","title":{"rendered":"Pol\u00edtica de privacidad"},"content":{"rendered":"<div id=\"bsf_rt_marker\"><\/div>\t\t<div data-elementor-type=\"wp-page\" data-elementor-id=\"24570\" class=\"elementor elementor-24570 elementor-3\" data-elementor-post-type=\"page\">\n\t\t\t\t<div class=\"elementor-element elementor-element-a890feb e-flex e-con-boxed e-con e-parent\" data-id=\"a890feb\" data-element_type=\"container\">\n\t\t\t\t\t<div class=\"e-con-inner\">\n\t\t\t\t<div class=\"elementor-element elementor-element-761c987 elementor-widget elementor-widget-text-editor\" data-id=\"761c987\" data-element_type=\"widget\" data-widget_type=\"text-editor.default\">\n\t\t\t\t<div class=\"elementor-widget-container\">\n\t\t\t\t\t\t\t\t\t<h4>\u00a7 1 Informaci\u00f3n sobre la recogida de datos personales<\/h4><ol><li>A continuaci\u00f3n, te informamos sobre la recopilaci\u00f3n de datos personales al utilizar nuestro Los datos personales son cualquier dato que pueda relacionarse contigo personalmente, como tu nombre, direcci\u00f3n, direcci\u00f3n de correo electr\u00f3nico o comportamiento de usuario.<\/li><li>BioAnalyt GmbH (\u00abBioAnalyt\u00bb) se compromete a proteger tu privacidad cuando accedas y utilices los sitios web de BioAnalyt y recibas servicios de BioAnalyt. Garantizamos la seguridad e integridad de tus datos personales de acuerdo con las leyes de protecci\u00f3n de datos aplicables, incluido el Reglamento General de Protecci\u00f3n de Datos (RGPD) de la UE. <\/li><li>El responsable del tratamiento de datos conforme al 4 (7) GDPR es:<ul><li>BioAnalyt GmbH<br>Rheinstra\u00dfe 17 <br>14513 Teltow <br>Alemania<br>Correo electr\u00f3nico: <a href=\"mailto:contact@bioanalyt.com\">contact@bioanalyt.com<\/a><\/li><li><strong>Responsable de Protecci\u00f3n de Datos:<br><\/strong>Ralf Fischer<br><strong>Correo electr\u00f3nico:<\/strong> ralf.fischer@clixon-datenschutz.de<\/li><\/ul><\/li><li>Cuando te pones en contacto con nosotros a trav\u00e9s del correo electr\u00f3nico o de un formulario de contacto, los datos que nos facilitas (por ejemplo, nombre, direcci\u00f3n de correo electr\u00f3nico, n\u00famero de tel\u00e9fono) se almacenan con el fin de responder a tus Estos datos se eliminar\u00e1n cuando ya no sean necesarios, a menos que su conservaci\u00f3n sea necesaria para cumplir obligaciones legales.<\/li><li>Si utilizamos proveedores de servicios contratados o procesamos tus datos con fines publicitarios, te informaremos a continuaci\u00f3n, incluyendo los criterios para el periodo de almacenamiento.<\/li><\/ol>\t\t\t\t\t\t\t\t<\/div>\n\t\t\t\t<\/div>\n\t\t\t\t<div class=\"elementor-element elementor-element-d033e0e elementor-widget elementor-widget-text-editor\" data-id=\"d033e0e\" data-element_type=\"widget\" data-widget_type=\"text-editor.default\">\n\t\t\t\t<div class=\"elementor-widget-container\">\n\t\t\t\t\t\t\t\t\t<h4>\u00a7 2 Tus derechos<\/h4><ol><li>Seg\u00fan el GDPR, tienes los siguientes derechos en relaci\u00f3n con tus datos personales:<br><ul><li>Derecho a la informaci\u00f3n (Art. 15 GDPR)<\/li><li>Derecho de rectificaci\u00f3n (Art. 16 GDPR)<\/li><li>Derecho de supresi\u00f3n (\u00abderecho a ser olvidado\u00bb) (Art. 17 GDPR)<\/li><li>Derecho a la restricci\u00f3n del tratamiento (Art. 18 GDPR)<\/li><li>Derecho a oponerse al tratamiento (Art. 21 GDPR)<\/li><li>Derecho a la portabilidad de datos (Art. 20 GDPR)<\/li><li>Derecho a retirar el consentimiento en cualquier momento (Art. 7(3) GDPR) <\/li><li>Derecho a presentar una reclamaci\u00f3n ante una autoridad supervisora (Art. 77 GDPR)<\/li><\/ul><\/li><li>Puedes presentar una reclamaci\u00f3n ante la autoridad de protecci\u00f3n de datos competente:<br><ul><li>Die Landesbeauftragte f\u00fcr den Datenschutz Brandenburg <br>Stahnsdorfer Damm 77<br>14532 Kleinmachnow <br>Alemania<br><p>Correo electr\u00f3nico: <a href=\"mailto:poststelle@lda.brandenburg.de\">poststelle@lda.brandenburg.de<\/a><\/p><\/li><\/ul><\/li><\/ol>\t\t\t\t\t\t\t\t<\/div>\n\t\t\t\t<\/div>\n\t\t\t\t<div class=\"elementor-element elementor-element-0869b39 elementor-widget elementor-widget-text-editor\" data-id=\"0869b39\" data-element_type=\"widget\" data-widget_type=\"text-editor.default\">\n\t\t\t\t<div class=\"elementor-widget-container\">\n\t\t\t\t\t\t\t\t\t<h4>\u00a7 3 Recogida y uso de datos personales<\/h4><p><strong>1) Datos recogidos y finalidad del tratamiento<\/strong><\/p><p>Tratamos las siguientes categor\u00edas de datos personales:<\/p><ul><li>Informaci\u00f3n de contacto: Nombre, direcci\u00f3n, correo electr\u00f3nico, n\u00famero de tel\u00e9fono, datos de la empresa (base jur\u00eddica: 6(1)(b) GDPR para la ejecuci\u00f3n del contrato; Art. 6(1)(f) GDPR para el inter\u00e9s leg\u00edtimo en la comunicaci\u00f3n).<\/li><li>Datos de la transacci\u00f3n: Identificaci\u00f3n del cliente, detalles del contrato, facturas (base jur\u00eddica: 6(1)(b) GDPR).<\/li><li>Datos de uso: Direcci\u00f3n IP, identificadores de dispositivo, tipo de navegador, tiempos de acceso, p\u00e1ginas visitadas (base legal: 6(1)(f) GDPR para la seguridad y mejora del sitio web).<\/li><li>Datos de marketing: Preferencias de suscripci\u00f3n al bolet\u00edn de noticias (base jur\u00eddica: 6(1)(a) GDPR basada en el consentimiento del usuario).<\/li><\/ul><p><strong>2) Cookies y tecnolog\u00edas de seguimiento<\/strong><\/p><p>Utilizamos cookies para mejorar la funcionalidad del sitio web y la experiencia del usuario.<\/p><h5>Pol\u00edtica de cookies<\/h5><p>Las cookies son peque\u00f1os archivos de texto que se almacenan en tu dispositivo cuando visitas nuestro sitio web. Sirven para varios prop\u00f3sitos, como mejorar la funcionalidad del sitio web y analizar el comportamiento del usuario. A continuaci\u00f3n se indican los tipos de cookies que utilizamos:  <\/p><ul><li>Cookies esenciales: Son necesarias para que el sitio web funcione correctamente y no pueden habilitar funciones de seguridad, gesti\u00f3n de sesiones y accesibilidad.<\/li><li>Cookies anal\u00edticas: Estas cookies recopilan informaci\u00f3n sobre c\u00f3mo los visitantes utilizan nuestro Utilizamos Google Analytics para el seguimiento y el an\u00e1lisis. Puedes excluirte mediante la herramienta de exclusi\u00f3n de Google. <\/li><li>Cookies de marketing: Estas cookies nos ayudan a ofrecer servicios relevantes S\u00f3lo se activan con tu consentimiento expl\u00edcito.<\/li><li>Cookies funcionales: Mejoran la experiencia del usuario recordando sus preferencias, como el idioma.<\/li><\/ul><h5>Gesti\u00f3n de cookies<\/h5><ul><li>Puedes controlar y eliminar las cookies a trav\u00e9s de tu navegador La mayor\u00eda de los navegadores te permiten hacerlo:<\/li><li>Ver las cookies almacenadas en tu dispositivo<\/li><li>Eliminar todas las cookies<\/li><li>Bloquear las cookies de terceros<\/li><li>Establecer preferencias para determinados sitios web<\/li><li>Para desactivar las cookies, consulta la ayuda de tu navegador Sin embargo, desactivar las cookies esenciales puede limitar la funcionalidad del sitio web.<\/li><\/ul><p><strong>3) Conservaci\u00f3n de datos<\/strong><\/p><ul><li>Conservamos los datos personales s\u00f3lo el tiempo necesario:<\/li><li>Contacta con consultas: 6 meses despu\u00e9s<\/li><li>Datos contractuales: 6 a\u00f1os (requisito legal seg\u00fan la legislaci\u00f3n fiscal alemana).<\/li><li>Datos de marketing: Hasta que se retire el consentimiento.<\/li><\/ul>\t\t\t\t\t\t\t\t<\/div>\n\t\t\t\t<\/div>\n\t\t\t\t<div class=\"elementor-element elementor-element-fca0b20 elementor-widget elementor-widget-text-editor\" data-id=\"fca0b20\" data-element_type=\"widget\" data-widget_type=\"text-editor.default\">\n\t\t\t\t<div class=\"elementor-widget-container\">\n\t\t\t\t\t\t\t\t\t<h4>\u00a7 4 Intercambio de datos y transferencias internacionales<\/h4><ul><li>S\u00f3lo compartimos datos personales en las siguientes condiciones:<\/li><li>Con tu consentimiento expl\u00edcito (Art. 6(1)(a) GDPR). <\/li><li>Para el cumplimiento del contrato (Art. 6(1)(b) GDPR). <\/li><li>Cuando lo exija la ley (Art. 6(1)(c) GDPR). <\/li><li>Por intereses leg\u00edtimos como la defensa legal (Art. 6(1)(f) GDPR). <\/li><li>Si los datos se transfieren fuera de la UE\/EEE, se aplican las salvaguardias adecuadas, como las Cl\u00e1usulas Contractuales Tipo (CCT).<\/li><\/ul>\t\t\t\t\t\t\t\t<\/div>\n\t\t\t\t<\/div>\n\t\t\t\t<div class=\"elementor-element elementor-element-713acab elementor-widget elementor-widget-text-editor\" data-id=\"713acab\" data-element_type=\"widget\" data-widget_type=\"text-editor.default\">\n\t\t\t\t<div class=\"elementor-widget-container\">\n\t\t\t\t\t\t\t\t\t<h4><span lang=\"EN-US\">\u00a7 5 Utilizaci\u00f3n de<span style=\"letter-spacing: -.1pt;\"> servicios<\/span> externos<\/span><\/h4><ol><li>Google Analytics: Utilizamos Google Analytics para analizar el sitio web Los usuarios pueden excluirse mediante la herramienta de exclusi\u00f3n de Google.<\/li><li>Brevo: Utilizado para el bolet\u00edn de noticias Las transferencias de datos cumplen los requisitos del GDPR a trav\u00e9s de los SCC.<\/li><li>Formulario de contacto 7 (plugin de WordPress): Procesa los datos del formulario de forma segura en nuestros servidores.<\/li><\/ol>\t\t\t\t\t\t\t\t<\/div>\n\t\t\t\t<\/div>\n\t\t\t\t<div class=\"elementor-element elementor-element-c96e9c5 elementor-widget elementor-widget-text-editor\" data-id=\"c96e9c5\" data-element_type=\"widget\" data-widget_type=\"text-editor.default\">\n\t\t\t\t<div class=\"elementor-widget-container\">\n\t\t\t\t\t\t\t\t\t<h4 style=\"margin-top: .05pt;\"><span lang=\"EN-US\">\u00a7 6 <span style=\"letter-spacing: -.1pt;\">Tratamiento de<\/span> datos de solicitantes<\/span><\/h4><ul><li>Recogemos y procesamos los datos de la solicitud para evaluar el trabajo Base jur\u00eddica:<\/li><li>Tratamiento de solicitudes: 6(1)(b) GDPR y \u00a7 26 BDSG (ley laboral alemana).<\/li><li>Retenci\u00f3n: 6 meses tras el rechazo, a menos que se prorrogue con el candidato<\/li><li>Grupo de candidatos: Basada en el consentimiento (Art. 6(1)(a) GDPR), eliminaci\u00f3n tras 2 a\u00f1os a menos que <\/li><\/ul>\t\t\t\t\t\t\t\t<\/div>\n\t\t\t\t<\/div>\n\t\t\t\t<div class=\"elementor-element elementor-element-3f5cab4 elementor-widget elementor-widget-text-editor\" data-id=\"3f5cab4\" data-element_type=\"widget\" data-widget_type=\"text-editor.default\">\n\t\t\t\t<div class=\"elementor-widget-container\">\n\t\t\t\t\t\t\t\t\t<h4><span lang=\"EN-US\">\u00a7 7 Cambios en esta<span style=\"letter-spacing: -.1pt;\"> Pol\u00edtica de<\/span> Privacidad<\/span><\/h4><ul><li>Esta Pol\u00edtica de Privacidad puede ser actualizada Los usuarios ser\u00e1n notificados de los cambios significativos. Por favor, revisa esta p\u00e1gina regularmente. <\/li><\/ul><h6><br><strong>\u00daltima actualizaci\u00f3n: 31.01.2025<\/strong><\/h6>\t\t\t\t\t\t\t\t<\/div>\n\t\t\t\t<\/div>\n\t\t\t\t\t<\/div>\n\t\t\t\t<\/div>\n\t\t\t\t<\/div>\n\t\t","protected":false},"excerpt":{"rendered":"<p>\u00a7 1 Informaci\u00f3n sobre la recogida de datos personales A continuaci\u00f3n, te informamos sobre la recopilaci\u00f3n de datos personales al utilizar nuestro Los datos personales son cualquier dato que pueda [&hellip;]<\/p>\n","protected":false},"author":1,"featured_media":24575,"parent":0,"menu_order":25,"comment_status":"closed","ping_status":"open","template":"elementor_header_footer","meta":{"_acf_changed":false,"inline_featured_image":false,"footnotes":""},"class_list":["post-24570","page","type-page","status-publish","has-post-thumbnail","hentry"],"acf":[],"yoast_head":"<!-- This site is optimized with the Yoast SEO plugin v25.5 - https:\/\/yoast.com\/wordpress\/plugins\/seo\/ -->\n<title>Pol\u00edtica de privacidad de BioAnalyt<\/title>\n<meta name=\"description\" content=\"Descubre c\u00f3mo BioAnalyt protege tus datos. Nuestra Pol\u00edtica de Privacidad cubre la recopilaci\u00f3n de datos, su uso, almacenamiento, derechos, cookies, cumplimiento del GDPR y c\u00f3mo ponerte en contacto con nosotros si tienes dudas sobre la privacidad.\" \/>\n<meta name=\"robots\" content=\"index, follow, max-snippet:-1, max-image-preview:large, max-video-preview:-1\" \/>\n<link rel=\"canonical\" href=\"https:\/\/www.bioanalyt.com\/es\/politica-de-privacidad\/\" \/>\n<meta property=\"og:locale\" content=\"es_ES\" \/>\n<meta property=\"og:type\" content=\"article\" \/>\n<meta property=\"og:title\" content=\"Pol\u00edtica de privacidad de BioAnalyt\" \/>\n<meta property=\"og:description\" content=\"Descubre c\u00f3mo BioAnalyt protege tus datos. Nuestra Pol\u00edtica de Privacidad cubre la recopilaci\u00f3n de datos, su uso, almacenamiento, derechos, cookies, cumplimiento del GDPR y c\u00f3mo ponerte en contacto con nosotros si tienes dudas sobre la privacidad.\" \/>\n<meta property=\"og:url\" content=\"https:\/\/www.bioanalyt.com\/es\/politica-de-privacidad\/\" \/>\n<meta property=\"og:site_name\" content=\"Bioanalyt\" \/>\n<meta property=\"article:modified_time\" content=\"2026-03-24T07:08:38+00:00\" \/>\n<meta name=\"twitter:card\" content=\"summary_large_image\" \/>\n<meta name=\"twitter:label1\" content=\"Tiempo de lectura\" \/>\n\t<meta name=\"twitter:data1\" content=\"5 minutos\" \/>\n<script type=\"application\/ld+json\" class=\"yoast-schema-graph\">{\"@context\":\"https:\/\/schema.org\",\"@graph\":[{\"@type\":\"WebPage\",\"@id\":\"https:\/\/www.bioanalyt.com\/es\/politica-de-privacidad\/\",\"url\":\"https:\/\/www.bioanalyt.com\/es\/politica-de-privacidad\/\",\"name\":\"Pol\u00edtica de privacidad de BioAnalyt\",\"isPartOf\":{\"@id\":\"https:\/\/www.bioanalyt.com\/#website\"},\"primaryImageOfPage\":{\"@id\":\"https:\/\/www.bioanalyt.com\/es\/politica-de-privacidad\/#primaryimage\"},\"image\":{\"@id\":\"https:\/\/www.bioanalyt.com\/es\/politica-de-privacidad\/#primaryimage\"},\"thumbnailUrl\":\"https:\/\/www.bioanalyt.com\/wp-content\/uploads\/2025\/01\/Icon4.svg\",\"datePublished\":\"2024-09-25T08:35:50+00:00\",\"dateModified\":\"2026-03-24T07:08:38+00:00\",\"description\":\"Descubre c\u00f3mo BioAnalyt protege tus datos. Nuestra Pol\u00edtica de Privacidad cubre la recopilaci\u00f3n de datos, su uso, almacenamiento, derechos, cookies, cumplimiento del GDPR y c\u00f3mo ponerte en contacto con nosotros si tienes dudas sobre la privacidad.\",\"breadcrumb\":{\"@id\":\"https:\/\/www.bioanalyt.com\/es\/politica-de-privacidad\/#breadcrumb\"},\"inLanguage\":\"es\",\"potentialAction\":[{\"@type\":\"ReadAction\",\"target\":[\"https:\/\/www.bioanalyt.com\/es\/politica-de-privacidad\/\"]}]},{\"@type\":\"ImageObject\",\"inLanguage\":\"es\",\"@id\":\"https:\/\/www.bioanalyt.com\/es\/politica-de-privacidad\/#primaryimage\",\"url\":\"https:\/\/www.bioanalyt.com\/wp-content\/uploads\/2025\/01\/Icon4.svg\",\"contentUrl\":\"https:\/\/www.bioanalyt.com\/wp-content\/uploads\/2025\/01\/Icon4.svg\",\"width\":64,\"height\":64},{\"@type\":\"BreadcrumbList\",\"@id\":\"https:\/\/www.bioanalyt.com\/es\/politica-de-privacidad\/#breadcrumb\",\"itemListElement\":[{\"@type\":\"ListItem\",\"position\":1,\"name\":\"Home\",\"item\":\"https:\/\/www.bioanalyt.com\/es\/inicio\/\"},{\"@type\":\"ListItem\",\"position\":2,\"name\":\"Pol\u00edtica de privacidad\"}]},{\"@type\":\"WebSite\",\"@id\":\"https:\/\/www.bioanalyt.com\/#website\",\"url\":\"https:\/\/www.bioanalyt.com\/\",\"name\":\"Bioanalyt\",\"description\":\"Measure for life\",\"publisher\":{\"@id\":\"https:\/\/www.bioanalyt.com\/#organization\"},\"potentialAction\":[{\"@type\":\"SearchAction\",\"target\":{\"@type\":\"EntryPoint\",\"urlTemplate\":\"https:\/\/www.bioanalyt.com\/?s={search_term_string}\"},\"query-input\":{\"@type\":\"PropertyValueSpecification\",\"valueRequired\":true,\"valueName\":\"search_term_string\"}}],\"inLanguage\":\"es\"},{\"@type\":\"Organization\",\"@id\":\"https:\/\/www.bioanalyt.com\/#organization\",\"name\":\"Bioanalyt\",\"url\":\"https:\/\/www.bioanalyt.com\/\",\"logo\":{\"@type\":\"ImageObject\",\"inLanguage\":\"es\",\"@id\":\"https:\/\/www.bioanalyt.com\/#\/schema\/logo\/image\/\",\"url\":\"https:\/\/www.bioanalyt.com\/wp-content\/uploads\/2024\/09\/Logo-Horizontal.svg\",\"contentUrl\":\"https:\/\/www.bioanalyt.com\/wp-content\/uploads\/2024\/09\/Logo-Horizontal.svg\",\"width\":112,\"height\":64,\"caption\":\"Bioanalyt\"},\"image\":{\"@id\":\"https:\/\/www.bioanalyt.com\/#\/schema\/logo\/image\/\"},\"sameAs\":[\"https:\/\/www.linkedin.com\/company\/bioanalyt\/\",\"https:\/\/www.youtube.com\/user\/BioAnalyt\"]}]}<\/script>\n<!-- \/ Yoast SEO plugin. -->","yoast_head_json":{"title":"Pol\u00edtica de privacidad de BioAnalyt","description":"Descubre c\u00f3mo BioAnalyt protege tus datos. Nuestra Pol\u00edtica de Privacidad cubre la recopilaci\u00f3n de datos, su uso, almacenamiento, derechos, cookies, cumplimiento del GDPR y c\u00f3mo ponerte en contacto con nosotros si tienes dudas sobre la privacidad.","robots":{"index":"index","follow":"follow","max-snippet":"max-snippet:-1","max-image-preview":"max-image-preview:large","max-video-preview":"max-video-preview:-1"},"canonical":"https:\/\/www.bioanalyt.com\/es\/politica-de-privacidad\/","og_locale":"es_ES","og_type":"article","og_title":"Pol\u00edtica de privacidad de BioAnalyt","og_description":"Descubre c\u00f3mo BioAnalyt protege tus datos. Nuestra Pol\u00edtica de Privacidad cubre la recopilaci\u00f3n de datos, su uso, almacenamiento, derechos, cookies, cumplimiento del GDPR y c\u00f3mo ponerte en contacto con nosotros si tienes dudas sobre la privacidad.","og_url":"https:\/\/www.bioanalyt.com\/es\/politica-de-privacidad\/","og_site_name":"Bioanalyt","article_modified_time":"2026-03-24T07:08:38+00:00","twitter_card":"summary_large_image","twitter_misc":{"Tiempo de lectura":"5 minutos"},"schema":{"@context":"https:\/\/schema.org","@graph":[{"@type":"WebPage","@id":"https:\/\/www.bioanalyt.com\/es\/politica-de-privacidad\/","url":"https:\/\/www.bioanalyt.com\/es\/politica-de-privacidad\/","name":"Pol\u00edtica de privacidad de BioAnalyt","isPartOf":{"@id":"https:\/\/www.bioanalyt.com\/#website"},"primaryImageOfPage":{"@id":"https:\/\/www.bioanalyt.com\/es\/politica-de-privacidad\/#primaryimage"},"image":{"@id":"https:\/\/www.bioanalyt.com\/es\/politica-de-privacidad\/#primaryimage"},"thumbnailUrl":"https:\/\/www.bioanalyt.com\/wp-content\/uploads\/2025\/01\/Icon4.svg","datePublished":"2024-09-25T08:35:50+00:00","dateModified":"2026-03-24T07:08:38+00:00","description":"Descubre c\u00f3mo BioAnalyt protege tus datos. Nuestra Pol\u00edtica de Privacidad cubre la recopilaci\u00f3n de datos, su uso, almacenamiento, derechos, cookies, cumplimiento del GDPR y c\u00f3mo ponerte en contacto con nosotros si tienes dudas sobre la privacidad.","breadcrumb":{"@id":"https:\/\/www.bioanalyt.com\/es\/politica-de-privacidad\/#breadcrumb"},"inLanguage":"es","potentialAction":[{"@type":"ReadAction","target":["https:\/\/www.bioanalyt.com\/es\/politica-de-privacidad\/"]}]},{"@type":"ImageObject","inLanguage":"es","@id":"https:\/\/www.bioanalyt.com\/es\/politica-de-privacidad\/#primaryimage","url":"https:\/\/www.bioanalyt.com\/wp-content\/uploads\/2025\/01\/Icon4.svg","contentUrl":"https:\/\/www.bioanalyt.com\/wp-content\/uploads\/2025\/01\/Icon4.svg","width":64,"height":64},{"@type":"BreadcrumbList","@id":"https:\/\/www.bioanalyt.com\/es\/politica-de-privacidad\/#breadcrumb","itemListElement":[{"@type":"ListItem","position":1,"name":"Home","item":"https:\/\/www.bioanalyt.com\/es\/inicio\/"},{"@type":"ListItem","position":2,"name":"Pol\u00edtica de privacidad"}]},{"@type":"WebSite","@id":"https:\/\/www.bioanalyt.com\/#website","url":"https:\/\/www.bioanalyt.com\/","name":"Bioanalyt","description":"Measure for life","publisher":{"@id":"https:\/\/www.bioanalyt.com\/#organization"},"potentialAction":[{"@type":"SearchAction","target":{"@type":"EntryPoint","urlTemplate":"https:\/\/www.bioanalyt.com\/?s={search_term_string}"},"query-input":{"@type":"PropertyValueSpecification","valueRequired":true,"valueName":"search_term_string"}}],"inLanguage":"es"},{"@type":"Organization","@id":"https:\/\/www.bioanalyt.com\/#organization","name":"Bioanalyt","url":"https:\/\/www.bioanalyt.com\/","logo":{"@type":"ImageObject","inLanguage":"es","@id":"https:\/\/www.bioanalyt.com\/#\/schema\/logo\/image\/","url":"https:\/\/www.bioanalyt.com\/wp-content\/uploads\/2024\/09\/Logo-Horizontal.svg","contentUrl":"https:\/\/www.bioanalyt.com\/wp-content\/uploads\/2024\/09\/Logo-Horizontal.svg","width":112,"height":64,"caption":"Bioanalyt"},"image":{"@id":"https:\/\/www.bioanalyt.com\/#\/schema\/logo\/image\/"},"sameAs":["https:\/\/www.linkedin.com\/company\/bioanalyt\/","https:\/\/www.youtube.com\/user\/BioAnalyt"]}]}},"_links":{"self":[{"href":"https:\/\/www.bioanalyt.com\/es\/wp-json\/wp\/v2\/pages\/24570","targetHints":{"allow":["GET"]}}],"collection":[{"href":"https:\/\/www.bioanalyt.com\/es\/wp-json\/wp\/v2\/pages"}],"about":[{"href":"https:\/\/www.bioanalyt.com\/es\/wp-json\/wp\/v2\/types\/page"}],"author":[{"embeddable":true,"href":"https:\/\/www.bioanalyt.com\/es\/wp-json\/wp\/v2\/users\/1"}],"replies":[{"embeddable":true,"href":"https:\/\/www.bioanalyt.com\/es\/wp-json\/wp\/v2\/comments?post=24570"}],"version-history":[{"count":1,"href":"https:\/\/www.bioanalyt.com\/es\/wp-json\/wp\/v2\/pages\/24570\/revisions"}],"predecessor-version":[{"id":24587,"href":"https:\/\/www.bioanalyt.com\/es\/wp-json\/wp\/v2\/pages\/24570\/revisions\/24587"}],"wp:featuredmedia":[{"embeddable":true,"href":"https:\/\/www.bioanalyt.com\/es\/wp-json\/wp\/v2\/media\/24575"}],"wp:attachment":[{"href":"https:\/\/www.bioanalyt.com\/es\/wp-json\/wp\/v2\/media?parent=24570"}],"curies":[{"name":"wp","href":"https:\/\/api.w.org\/{rel}","templated":true}]}}