{"id":24550,"date":"2025-05-09T12:47:22","date_gmt":"2025-05-09T12:47:22","guid":{"rendered":"https:\/\/www.bioanalyt.com\/pago-2\/"},"modified":"2025-05-09T12:47:22","modified_gmt":"2025-05-09T12:47:22","slug":"pago-2","status":"publish","type":"page","link":"https:\/\/www.bioanalyt.com\/es\/pago-2\/","title":{"rendered":"Pago"},"content":{"rendered":"<div id=\"bsf_rt_marker\"><\/div><div style=\"text-align: center; padding-top: 15vh; padding-bottom: 15vh;\">\n<p><img decoding=\"async\" style=\"max-width: 100px;\" src=\"https:\/\/www.bioanalyt.com\/wp-content\/uploads\/2025\/08\/shopping-cart.webp\"><\/p>\n<h3>tu cesta est\u00e1 vac\u00eda<\/h3>\n<\/div>\n","protected":false},"excerpt":{"rendered":"<p>tu cesta est\u00e1 vac\u00eda<\/p>\n","protected":false},"author":1,"featured_media":0,"parent":0,"menu_order":0,"comment_status":"closed","ping_status":"closed","template":"","meta":{"_acf_changed":false,"inline_featured_image":false,"footnotes":""},"class_list":["post-24550","page","type-page","status-publish","hentry"],"acf":[],"yoast_head":"<!-- This site is optimized with the Yoast SEO plugin v25.5 - https:\/\/yoast.com\/wordpress\/plugins\/seo\/ -->\n<title>Pide un presupuesto o dispositivos BioAnalyt iCheckPago - Bioanalyt%<\/title>\n<meta name=\"description\" content=\"Pide un presupuesto o solicita dispositivos BioAnalyt iCheck, kits de pruebas o servicios t\u00e9cnicos a tu destino. Realizamos env\u00edos a m\u00e1s de 80 pa\u00edses de todo el mundo.\" \/>\n<meta name=\"robots\" content=\"index, follow, max-snippet:-1, max-image-preview:large, max-video-preview:-1\" \/>\n<link rel=\"canonical\" href=\"https:\/\/www.bioanalyt.com\/es\/pago-2\/\" \/>\n<meta property=\"og:locale\" content=\"es_ES\" \/>\n<meta property=\"og:type\" content=\"article\" \/>\n<meta property=\"og:title\" content=\"Pide un presupuesto o dispositivos BioAnalyt iCheckPago - Bioanalyt%\" \/>\n<meta property=\"og:description\" content=\"Pide un presupuesto o solicita dispositivos BioAnalyt iCheck, kits de pruebas o servicios t\u00e9cnicos a tu destino. Realizamos env\u00edos a m\u00e1s de 80 pa\u00edses de todo el mundo.\" \/>\n<meta property=\"og:url\" content=\"https:\/\/www.bioanalyt.com\/es\/pago-2\/\" \/>\n<meta property=\"og:site_name\" content=\"Bioanalyt\" \/>\n<meta property=\"og:image\" content=\"https:\/\/www.bioanalyt.com\/wp-content\/uploads\/2025\/08\/shopping-cart.webp\" \/>\n<meta name=\"twitter:card\" content=\"summary_large_image\" \/>\n<script type=\"application\/ld+json\" class=\"yoast-schema-graph\">{\"@context\":\"https:\/\/schema.org\",\"@graph\":[{\"@type\":\"WebPage\",\"@id\":\"https:\/\/www.bioanalyt.com\/es\/pago-2\/\",\"url\":\"https:\/\/www.bioanalyt.com\/es\/pago-2\/\",\"name\":\"Pide un presupuesto o dispositivos BioAnalyt iCheckPago - Bioanalyt%\",\"isPartOf\":{\"@id\":\"https:\/\/www.bioanalyt.com\/#website\"},\"primaryImageOfPage\":{\"@id\":\"https:\/\/www.bioanalyt.com\/es\/pago-2\/#primaryimage\"},\"image\":{\"@id\":\"https:\/\/www.bioanalyt.com\/es\/pago-2\/#primaryimage\"},\"thumbnailUrl\":\"https:\/\/www.bioanalyt.com\/wp-content\/uploads\/2025\/08\/shopping-cart.webp\",\"datePublished\":\"2025-05-09T12:47:22+00:00\",\"description\":\"Pide un presupuesto o solicita dispositivos BioAnalyt iCheck, kits de pruebas o servicios t\u00e9cnicos a tu destino. Realizamos env\u00edos a m\u00e1s de 80 pa\u00edses de todo el mundo.\",\"breadcrumb\":{\"@id\":\"https:\/\/www.bioanalyt.com\/es\/pago-2\/#breadcrumb\"},\"inLanguage\":\"es\",\"potentialAction\":[{\"@type\":\"ReadAction\",\"target\":[\"https:\/\/www.bioanalyt.com\/es\/pago-2\/\"]}]},{\"@type\":\"ImageObject\",\"inLanguage\":\"es\",\"@id\":\"https:\/\/www.bioanalyt.com\/es\/pago-2\/#primaryimage\",\"url\":\"https:\/\/www.bioanalyt.com\/wp-content\/uploads\/2025\/08\/shopping-cart.webp\",\"contentUrl\":\"https:\/\/www.bioanalyt.com\/wp-content\/uploads\/2025\/08\/shopping-cart.webp\"},{\"@type\":\"BreadcrumbList\",\"@id\":\"https:\/\/www.bioanalyt.com\/es\/pago-2\/#breadcrumb\",\"itemListElement\":[{\"@type\":\"ListItem\",\"position\":1,\"name\":\"Home\",\"item\":\"https:\/\/www.bioanalyt.com\/es\/inicio\/\"},{\"@type\":\"ListItem\",\"position\":2,\"name\":\"Pago\"}]},{\"@type\":\"WebSite\",\"@id\":\"https:\/\/www.bioanalyt.com\/#website\",\"url\":\"https:\/\/www.bioanalyt.com\/\",\"name\":\"Bioanalyt\",\"description\":\"Measure for life\",\"publisher\":{\"@id\":\"https:\/\/www.bioanalyt.com\/#organization\"},\"potentialAction\":[{\"@type\":\"SearchAction\",\"target\":{\"@type\":\"EntryPoint\",\"urlTemplate\":\"https:\/\/www.bioanalyt.com\/?s={search_term_string}\"},\"query-input\":{\"@type\":\"PropertyValueSpecification\",\"valueRequired\":true,\"valueName\":\"search_term_string\"}}],\"inLanguage\":\"es\"},{\"@type\":\"Organization\",\"@id\":\"https:\/\/www.bioanalyt.com\/#organization\",\"name\":\"Bioanalyt\",\"url\":\"https:\/\/www.bioanalyt.com\/\",\"logo\":{\"@type\":\"ImageObject\",\"inLanguage\":\"es\",\"@id\":\"https:\/\/www.bioanalyt.com\/#\/schema\/logo\/image\/\",\"url\":\"https:\/\/www.bioanalyt.com\/wp-content\/uploads\/2024\/09\/Logo-Horizontal.svg\",\"contentUrl\":\"https:\/\/www.bioanalyt.com\/wp-content\/uploads\/2024\/09\/Logo-Horizontal.svg\",\"width\":112,\"height\":64,\"caption\":\"Bioanalyt\"},\"image\":{\"@id\":\"https:\/\/www.bioanalyt.com\/#\/schema\/logo\/image\/\"},\"sameAs\":[\"https:\/\/www.linkedin.com\/company\/bioanalyt\/\",\"https:\/\/www.youtube.com\/user\/BioAnalyt\"]}]}<\/script>\n<!-- \/ Yoast SEO plugin. -->","yoast_head_json":{"title":"Pide un presupuesto o dispositivos BioAnalyt iCheckPago - Bioanalyt%","description":"Pide un presupuesto o solicita dispositivos BioAnalyt iCheck, kits de pruebas o servicios t\u00e9cnicos a tu destino. Realizamos env\u00edos a m\u00e1s de 80 pa\u00edses de todo el mundo.","robots":{"index":"index","follow":"follow","max-snippet":"max-snippet:-1","max-image-preview":"max-image-preview:large","max-video-preview":"max-video-preview:-1"},"canonical":"https:\/\/www.bioanalyt.com\/es\/pago-2\/","og_locale":"es_ES","og_type":"article","og_title":"Pide un presupuesto o dispositivos BioAnalyt iCheckPago - Bioanalyt%","og_description":"Pide un presupuesto o solicita dispositivos BioAnalyt iCheck, kits de pruebas o servicios t\u00e9cnicos a tu destino. Realizamos env\u00edos a m\u00e1s de 80 pa\u00edses de todo el mundo.","og_url":"https:\/\/www.bioanalyt.com\/es\/pago-2\/","og_site_name":"Bioanalyt","og_image":[{"url":"https:\/\/www.bioanalyt.com\/wp-content\/uploads\/2025\/08\/shopping-cart.webp","type":"","width":"","height":""}],"twitter_card":"summary_large_image","schema":{"@context":"https:\/\/schema.org","@graph":[{"@type":"WebPage","@id":"https:\/\/www.bioanalyt.com\/es\/pago-2\/","url":"https:\/\/www.bioanalyt.com\/es\/pago-2\/","name":"Pide un presupuesto o dispositivos BioAnalyt iCheckPago - Bioanalyt%","isPartOf":{"@id":"https:\/\/www.bioanalyt.com\/#website"},"primaryImageOfPage":{"@id":"https:\/\/www.bioanalyt.com\/es\/pago-2\/#primaryimage"},"image":{"@id":"https:\/\/www.bioanalyt.com\/es\/pago-2\/#primaryimage"},"thumbnailUrl":"https:\/\/www.bioanalyt.com\/wp-content\/uploads\/2025\/08\/shopping-cart.webp","datePublished":"2025-05-09T12:47:22+00:00","description":"Pide un presupuesto o solicita dispositivos BioAnalyt iCheck, kits de pruebas o servicios t\u00e9cnicos a tu destino. Realizamos env\u00edos a m\u00e1s de 80 pa\u00edses de todo el mundo.","breadcrumb":{"@id":"https:\/\/www.bioanalyt.com\/es\/pago-2\/#breadcrumb"},"inLanguage":"es","potentialAction":[{"@type":"ReadAction","target":["https:\/\/www.bioanalyt.com\/es\/pago-2\/"]}]},{"@type":"ImageObject","inLanguage":"es","@id":"https:\/\/www.bioanalyt.com\/es\/pago-2\/#primaryimage","url":"https:\/\/www.bioanalyt.com\/wp-content\/uploads\/2025\/08\/shopping-cart.webp","contentUrl":"https:\/\/www.bioanalyt.com\/wp-content\/uploads\/2025\/08\/shopping-cart.webp"},{"@type":"BreadcrumbList","@id":"https:\/\/www.bioanalyt.com\/es\/pago-2\/#breadcrumb","itemListElement":[{"@type":"ListItem","position":1,"name":"Home","item":"https:\/\/www.bioanalyt.com\/es\/inicio\/"},{"@type":"ListItem","position":2,"name":"Pago"}]},{"@type":"WebSite","@id":"https:\/\/www.bioanalyt.com\/#website","url":"https:\/\/www.bioanalyt.com\/","name":"Bioanalyt","description":"Measure for life","publisher":{"@id":"https:\/\/www.bioanalyt.com\/#organization"},"potentialAction":[{"@type":"SearchAction","target":{"@type":"EntryPoint","urlTemplate":"https:\/\/www.bioanalyt.com\/?s={search_term_string}"},"query-input":{"@type":"PropertyValueSpecification","valueRequired":true,"valueName":"search_term_string"}}],"inLanguage":"es"},{"@type":"Organization","@id":"https:\/\/www.bioanalyt.com\/#organization","name":"Bioanalyt","url":"https:\/\/www.bioanalyt.com\/","logo":{"@type":"ImageObject","inLanguage":"es","@id":"https:\/\/www.bioanalyt.com\/#\/schema\/logo\/image\/","url":"https:\/\/www.bioanalyt.com\/wp-content\/uploads\/2024\/09\/Logo-Horizontal.svg","contentUrl":"https:\/\/www.bioanalyt.com\/wp-content\/uploads\/2024\/09\/Logo-Horizontal.svg","width":112,"height":64,"caption":"Bioanalyt"},"image":{"@id":"https:\/\/www.bioanalyt.com\/#\/schema\/logo\/image\/"},"sameAs":["https:\/\/www.linkedin.com\/company\/bioanalyt\/","https:\/\/www.youtube.com\/user\/BioAnalyt"]}]}},"_links":{"self":[{"href":"https:\/\/www.bioanalyt.com\/es\/wp-json\/wp\/v2\/pages\/24550","targetHints":{"allow":["GET"]}}],"collection":[{"href":"https:\/\/www.bioanalyt.com\/es\/wp-json\/wp\/v2\/pages"}],"about":[{"href":"https:\/\/www.bioanalyt.com\/es\/wp-json\/wp\/v2\/types\/page"}],"author":[{"embeddable":true,"href":"https:\/\/www.bioanalyt.com\/es\/wp-json\/wp\/v2\/users\/1"}],"replies":[{"embeddable":true,"href":"https:\/\/www.bioanalyt.com\/es\/wp-json\/wp\/v2\/comments?post=24550"}],"version-history":[{"count":0,"href":"https:\/\/www.bioanalyt.com\/es\/wp-json\/wp\/v2\/pages\/24550\/revisions"}],"wp:attachment":[{"href":"https:\/\/www.bioanalyt.com\/es\/wp-json\/wp\/v2\/media?parent=24550"}],"curies":[{"name":"wp","href":"https:\/\/api.w.org\/{rel}","templated":true}]}}