{"id":24218,"date":"2026-01-23T06:46:03","date_gmt":"2026-01-23T06:46:03","guid":{"rendered":"https:\/\/www.bioanalyt.com\/recursos\/"},"modified":"2026-03-24T07:07:25","modified_gmt":"2026-03-24T07:07:25","slug":"recursos","status":"publish","type":"page","link":"https:\/\/www.bioanalyt.com\/es\/recursos\/","title":{"rendered":"Recursos"},"content":{"rendered":"<div id=\"bsf_rt_marker\"><\/div>\t\t<div data-elementor-type=\"wp-page\" data-elementor-id=\"24218\" class=\"elementor elementor-24218 elementor-23254\" data-elementor-post-type=\"page\">\n\t\t\t\t<div class=\"elementor-element elementor-element-6ca5a7a e-flex e-con-boxed e-con e-parent\" data-id=\"6ca5a7a\" data-element_type=\"container\">\n\t\t\t\t\t<div class=\"e-con-inner\">\n\t\t\t\t<div class=\"elementor-element elementor-element-ecaa0fa elementor-widget elementor-widget-heading\" data-id=\"ecaa0fa\" data-element_type=\"widget\" data-widget_type=\"heading.default\">\n\t\t\t\t<div class=\"elementor-widget-container\">\n\t\t\t\t\t<h1 class=\"elementor-heading-title elementor-size-default\">Recursos<\/h1>\t\t\t\t<\/div>\n\t\t\t\t<\/div>\n\t\t\t\t\t<\/div>\n\t\t\t\t<\/div>\n\t\t<div class=\"elementor-element elementor-element-fc5cd33 e-flex e-con-boxed e-con e-parent\" data-id=\"fc5cd33\" data-element_type=\"container\">\n\t\t\t\t\t<div class=\"e-con-inner\">\n\t\t<a class=\"elementor-element elementor-element-4a07192 e-con-full e-flex e-con e-child\" data-id=\"4a07192\" data-element_type=\"container\" data-settings=\"{&quot;background_background&quot;:&quot;classic&quot;}\" href=\"https:\/\/www.bioanalyt.com\/technical-documentation\/\">\n\t\t\t\t<div class=\"elementor-element elementor-element-4aa64fa elementor-widget elementor-widget-image\" data-id=\"4aa64fa\" data-element_type=\"widget\" data-widget_type=\"image.default\">\n\t\t\t\t<div class=\"elementor-widget-container\">\n\t\t\t\t\t\t\t\t\t\t\t\t\t\t\t<img fetchpriority=\"high\" decoding=\"async\" width=\"600\" height=\"400\" src=\"https:\/\/www.bioanalyt.com\/wp-content\/uploads\/2026\/01\/resources-technical-materials-1.webp\" class=\"attachment-full size-full wp-image-24248\" alt=\"\" srcset=\"https:\/\/www.bioanalyt.com\/wp-content\/uploads\/2026\/01\/resources-technical-materials-1.webp 600w, https:\/\/www.bioanalyt.com\/wp-content\/uploads\/2026\/01\/resources-technical-materials-1-300x200.webp 300w\" sizes=\"(max-width: 600px) 100vw, 600px\" \/>\t\t\t\t\t\t\t\t\t\t\t\t\t\t\t<\/div>\n\t\t\t\t<\/div>\n\t\t\t\t<div class=\"elementor-element elementor-element-9689a11 elementor-widget elementor-widget-heading\" data-id=\"9689a11\" data-element_type=\"widget\" data-widget_type=\"heading.default\">\n\t\t\t\t<div class=\"elementor-widget-container\">\n\t\t\t\t\t<h4 class=\"elementor-heading-title elementor-size-default\">Material t\u00e9cnico<\/h4>\t\t\t\t<\/div>\n\t\t\t\t<\/div>\n\t\t\t\t<div class=\"elementor-element elementor-element-ed1bf4b elementor-widget elementor-widget-text-editor\" data-id=\"ed1bf4b\" data-element_type=\"widget\" data-widget_type=\"text-editor.default\">\n\t\t\t\t<div class=\"elementor-widget-container\">\n\t\t\t\t\t\t\t\t\tRepositorio de documentos t\u00e9cnicos de BioAnalyt, incluidos manuales de producto, PNT de preparaci\u00f3n de muestras, documentos de aplicaci\u00f3n, publicaciones cient\u00edficas y v\u00eddeos instructivos.\t\t\t\t\t\t\t\t<\/div>\n\t\t\t\t<\/div>\n\t\t\t\t<\/a>\n\t\t<a class=\"elementor-element elementor-element-ecf44a2 e-con-full e-flex e-con e-child\" data-id=\"ecf44a2\" data-element_type=\"container\" data-settings=\"{&quot;background_background&quot;:&quot;classic&quot;}\" href=\"https:\/\/www.bioanalyt.com\/our-services\/\">\n\t\t\t\t<div class=\"elementor-element elementor-element-41ed62d elementor-widget elementor-widget-image\" data-id=\"41ed62d\" data-element_type=\"widget\" data-widget_type=\"image.default\">\n\t\t\t\t<div class=\"elementor-widget-container\">\n\t\t\t\t\t\t\t\t\t\t\t\t\t\t\t<img decoding=\"async\" width=\"600\" height=\"400\" src=\"https:\/\/www.bioanalyt.com\/wp-content\/uploads\/2026\/01\/resources-services-1.webp\" class=\"attachment-full size-full wp-image-24242\" alt=\"\" srcset=\"https:\/\/www.bioanalyt.com\/wp-content\/uploads\/2026\/01\/resources-services-1.webp 600w, https:\/\/www.bioanalyt.com\/wp-content\/uploads\/2026\/01\/resources-services-1-300x200.webp 300w\" sizes=\"(max-width: 600px) 100vw, 600px\" \/>\t\t\t\t\t\t\t\t\t\t\t\t\t\t\t<\/div>\n\t\t\t\t<\/div>\n\t\t\t\t<div class=\"elementor-element elementor-element-2559572 elementor-widget elementor-widget-heading\" data-id=\"2559572\" data-element_type=\"widget\" data-widget_type=\"heading.default\">\n\t\t\t\t<div class=\"elementor-widget-container\">\n\t\t\t\t\t<h4 class=\"elementor-heading-title elementor-size-default\">Servicios<\/h4>\t\t\t\t<\/div>\n\t\t\t\t<\/div>\n\t\t\t\t<div class=\"elementor-element elementor-element-cdcd336 elementor-widget elementor-widget-text-editor\" data-id=\"cdcd336\" data-element_type=\"widget\" data-widget_type=\"text-editor.default\">\n\t\t\t\t<div class=\"elementor-widget-container\">\n\t\t\t\t\t\t\t\t\tLa oferta de servicios de BioAnalyt, que incluye formaci\u00f3n, consultor\u00eda t\u00e9cnica, pruebas de viabilidad, validaci\u00f3n de m\u00e9todos y asistencia personalizada.\t\t\t\t\t\t\t\t<\/div>\n\t\t\t\t<\/div>\n\t\t\t\t<\/a>\n\t\t<a class=\"elementor-element elementor-element-fab7f69 e-con-full e-flex e-con e-child\" data-id=\"fab7f69\" data-element_type=\"container\" data-settings=\"{&quot;background_background&quot;:&quot;classic&quot;}\" href=\"https:\/\/quimpact.org\/\" target=\"_blank\">\n\t\t\t\t<div class=\"elementor-element elementor-element-13447ca elementor-widget elementor-widget-image\" data-id=\"13447ca\" data-element_type=\"widget\" data-widget_type=\"image.default\">\n\t\t\t\t<div class=\"elementor-widget-container\">\n\t\t\t\t\t\t\t\t\t\t\t\t\t\t\t<img decoding=\"async\" width=\"600\" height=\"400\" src=\"https:\/\/www.bioanalyt.com\/wp-content\/uploads\/2026\/01\/resources-quimpact-1.webp\" class=\"attachment-full size-full wp-image-24249\" alt=\"\" srcset=\"https:\/\/www.bioanalyt.com\/wp-content\/uploads\/2026\/01\/resources-quimpact-1.webp 600w, https:\/\/www.bioanalyt.com\/wp-content\/uploads\/2026\/01\/resources-quimpact-1-300x200.webp 300w\" sizes=\"(max-width: 600px) 100vw, 600px\" \/>\t\t\t\t\t\t\t\t\t\t\t\t\t\t\t<\/div>\n\t\t\t\t<\/div>\n\t\t\t\t<div class=\"elementor-element elementor-element-2c1955c elementor-widget elementor-widget-heading\" data-id=\"2c1955c\" data-element_type=\"widget\" data-widget_type=\"heading.default\">\n\t\t\t\t<div class=\"elementor-widget-container\">\n\t\t\t\t\t<h4 class=\"elementor-heading-title elementor-size-default\">Quimpact<\/h4>\t\t\t\t<\/div>\n\t\t\t\t<\/div>\n\t\t\t\t<div class=\"elementor-element elementor-element-4ce6dd3 elementor-widget elementor-widget-text-editor\" data-id=\"4ce6dd3\" data-element_type=\"widget\" data-widget_type=\"text-editor.default\">\n\t\t\t\t<div class=\"elementor-widget-container\">\n\t\t\t\t\t\t\t\t\tProveedor de servicios t\u00e9cnicos sin \u00e1nimo de lucro que ofrece conocimientos especializados a medida, desarrollo de soluciones novedosas, formaci\u00f3n, estudios y servicios de asesoramiento para intervenciones de salud p\u00fablica, control de calidad y nutrici\u00f3n.\t\t\t\t\t\t\t\t<\/div>\n\t\t\t\t<\/div>\n\t\t\t\t<\/a>\n\t\t\t\t\t<\/div>\n\t\t\t\t<\/div>\n\t\t<div class=\"elementor-element elementor-element-fc6e646 e-flex e-con-boxed e-con e-parent\" data-id=\"fc6e646\" data-element_type=\"container\">\n\t\t\t\t\t<div class=\"e-con-inner\">\n\t\t<div class=\"elementor-element elementor-element-377dd4c e-con-full e-flex e-con e-child\" data-id=\"377dd4c\" data-element_type=\"container\" data-settings=\"{&quot;background_background&quot;:&quot;classic&quot;}\">\n\t\t\t\t<div class=\"elementor-element elementor-element-016ef5f elementor-widget elementor-widget-image\" data-id=\"016ef5f\" data-element_type=\"widget\" data-widget_type=\"image.default\">\n\t\t\t\t<div class=\"elementor-widget-container\">\n\t\t\t\t\t\t\t\t\t\t\t\t\t\t\t\t<a href=\"https:\/\/www.bioanalyt.com\/es\/noticias-y-medios-de-comunicacion\/\">\n\t\t\t\t\t\t\t<img loading=\"lazy\" decoding=\"async\" width=\"600\" height=\"400\" src=\"https:\/\/www.bioanalyt.com\/wp-content\/uploads\/2026\/01\/resources-news.webp\" class=\"attachment-full size-full wp-image-24244\" alt=\"\" srcset=\"https:\/\/www.bioanalyt.com\/wp-content\/uploads\/2026\/01\/resources-news.webp 600w, https:\/\/www.bioanalyt.com\/wp-content\/uploads\/2026\/01\/resources-news-300x200.webp 300w\" sizes=\"(max-width: 600px) 100vw, 600px\" \/>\t\t\t\t\t\t\t\t<\/a>\n\t\t\t\t\t\t\t\t\t\t\t\t\t\t\t<\/div>\n\t\t\t\t<\/div>\n\t\t\t\t<div class=\"elementor-element elementor-element-6ea1ddc elementor-widget elementor-widget-heading\" data-id=\"6ea1ddc\" data-element_type=\"widget\" data-widget_type=\"heading.default\">\n\t\t\t\t<div class=\"elementor-widget-container\">\n\t\t\t\t\t<h4 class=\"elementor-heading-title elementor-size-default\">noticias y medios<\/h4>\t\t\t\t<\/div>\n\t\t\t\t<\/div>\n\t\t\t\t<div class=\"elementor-element elementor-element-6dfc42b elementor-widget elementor-widget-text-editor\" data-id=\"6dfc42b\" data-element_type=\"widget\" data-widget_type=\"text-editor.default\">\n\t\t\t\t<div class=\"elementor-widget-container\">\n\t\t\t\t\t\t\t\t\t<p>Art\u00edculos de noticias y cobertura medi\u00e1tica sobre las iniciativas, asociaciones y contribuciones de BioAnalyt a la nutrici\u00f3n mundial y las pruebas de micronutrientes.<\/p>\t\t\t\t\t\t\t\t<\/div>\n\t\t\t\t<\/div>\n\t\t\t\t<\/div>\n\t\t<a class=\"elementor-element elementor-element-18d2a5f e-con-full e-flex e-con e-child\" data-id=\"18d2a5f\" data-element_type=\"container\" data-settings=\"{&quot;background_background&quot;:&quot;classic&quot;}\" href=\"https:\/\/www.bioanalyt.com\/stories\/\">\n\t\t\t\t<div class=\"elementor-element elementor-element-0be8307 elementor-widget elementor-widget-image\" data-id=\"0be8307\" data-element_type=\"widget\" data-widget_type=\"image.default\">\n\t\t\t\t<div class=\"elementor-widget-container\">\n\t\t\t\t\t\t\t\t\t\t\t\t\t\t\t<img loading=\"lazy\" decoding=\"async\" width=\"600\" height=\"400\" src=\"https:\/\/www.bioanalyt.com\/wp-content\/uploads\/2026\/01\/resources-stories-1.webp\" class=\"attachment-full size-full wp-image-24247\" alt=\"\" srcset=\"https:\/\/www.bioanalyt.com\/wp-content\/uploads\/2026\/01\/resources-stories-1.webp 600w, https:\/\/www.bioanalyt.com\/wp-content\/uploads\/2026\/01\/resources-stories-1-300x200.webp 300w\" sizes=\"(max-width: 600px) 100vw, 600px\" \/>\t\t\t\t\t\t\t\t\t\t\t\t\t\t\t<\/div>\n\t\t\t\t<\/div>\n\t\t\t\t<div class=\"elementor-element elementor-element-f2eea4e elementor-widget elementor-widget-heading\" data-id=\"f2eea4e\" data-element_type=\"widget\" data-widget_type=\"heading.default\">\n\t\t\t\t<div class=\"elementor-widget-container\">\n\t\t\t\t\t<h4 class=\"elementor-heading-title elementor-size-default\">historias<\/h4>\t\t\t\t<\/div>\n\t\t\t\t<\/div>\n\t\t\t\t<div class=\"elementor-element elementor-element-0a061a8 elementor-widget elementor-widget-text-editor\" data-id=\"0a061a8\" data-element_type=\"widget\" data-widget_type=\"text-editor.default\">\n\t\t\t\t<div class=\"elementor-widget-container\">\n\t\t\t\t\t\t\t\t\tHistorias y proyectos destacados que muestran el trabajo de BioAnalyt con sus socios, experiencias sobre el terreno, innovaciones t\u00e9cnicas y soluciones nutricionales.  \t\t\t\t\t\t\t\t<\/div>\n\t\t\t\t<\/div>\n\t\t\t\t<\/a>\n\t\t<a class=\"elementor-element elementor-element-c51698a e-con-full e-flex e-con e-child\" data-id=\"c51698a\" data-element_type=\"container\" data-settings=\"{&quot;background_background&quot;:&quot;classic&quot;}\" href=\"https:\/\/www.bioanalyt.com\/events\/\">\n\t\t\t\t<div class=\"elementor-element elementor-element-01aa85a elementor-widget elementor-widget-image\" data-id=\"01aa85a\" data-element_type=\"widget\" data-widget_type=\"image.default\">\n\t\t\t\t<div class=\"elementor-widget-container\">\n\t\t\t\t\t\t\t\t\t\t\t\t\t\t\t<img loading=\"lazy\" decoding=\"async\" width=\"600\" height=\"400\" src=\"https:\/\/www.bioanalyt.com\/wp-content\/uploads\/2026\/01\/resources-events-1.webp\" class=\"attachment-full size-full wp-image-24246\" alt=\"\" srcset=\"https:\/\/www.bioanalyt.com\/wp-content\/uploads\/2026\/01\/resources-events-1.webp 600w, https:\/\/www.bioanalyt.com\/wp-content\/uploads\/2026\/01\/resources-events-1-300x200.webp 300w\" sizes=\"(max-width: 600px) 100vw, 600px\" \/>\t\t\t\t\t\t\t\t\t\t\t\t\t\t\t<\/div>\n\t\t\t\t<\/div>\n\t\t\t\t<div class=\"elementor-element elementor-element-e9fb731 elementor-widget elementor-widget-heading\" data-id=\"e9fb731\" data-element_type=\"widget\" data-widget_type=\"heading.default\">\n\t\t\t\t<div class=\"elementor-widget-container\">\n\t\t\t\t\t<h4 class=\"elementor-heading-title elementor-size-default\">Eventos<\/h4>\t\t\t\t<\/div>\n\t\t\t\t<\/div>\n\t\t\t\t<div class=\"elementor-element elementor-element-4011816 elementor-widget elementor-widget-text-editor\" data-id=\"4011816\" data-element_type=\"widget\" data-widget_type=\"text-editor.default\">\n\t\t\t\t<div class=\"elementor-widget-container\">\n\t\t\t\t\t\t\t\t\t<p>Pr\u00f3ximos y pasados eventos en los que participa BioAnalyt, incluyendo conferencias, talleres, formaciones y reuniones de la industria.<\/p>\t\t\t\t\t\t\t\t<\/div>\n\t\t\t\t<\/div>\n\t\t\t\t<\/a>\n\t\t\t\t\t<\/div>\n\t\t\t\t<\/div>\n\t\t\t\t<\/div>\n\t\t","protected":false},"excerpt":{"rendered":"<p>Recursos Material t\u00e9cnico Repositorio de documentos t\u00e9cnicos de BioAnalyt, incluidos manuales de producto, PNT de preparaci\u00f3n de muestras, documentos de aplicaci\u00f3n, publicaciones cient\u00edficas y v\u00eddeos instructivos. Servicios La oferta de [&hellip;]<\/p>\n","protected":false},"author":1,"featured_media":0,"parent":0,"menu_order":0,"comment_status":"closed","ping_status":"closed","template":"","meta":{"_acf_changed":false,"inline_featured_image":false,"footnotes":""},"class_list":["post-24218","page","type-page","status-publish","hentry"],"acf":[],"yoast_head":"<!-- This site is optimized with the Yoast SEO plugin v25.5 - https:\/\/yoast.com\/wordpress\/plugins\/seo\/ -->\n<title>Recursos t\u00e9cnicos e historias de BioAnalyt<\/title>\n<meta name=\"description\" content=\"Recursos t\u00e9cnicos de BioAnalyt que incluyen manuales de iCheck, PNT, v\u00eddeos, documentos t\u00e9cnicos, eventos, servicios e historias de clientes.\" \/>\n<meta name=\"robots\" content=\"index, follow, max-snippet:-1, max-image-preview:large, max-video-preview:-1\" \/>\n<link rel=\"canonical\" href=\"https:\/\/www.bioanalyt.com\/es\/recursos\/\" \/>\n<meta property=\"og:locale\" content=\"es_ES\" \/>\n<meta property=\"og:type\" content=\"article\" \/>\n<meta property=\"og:title\" content=\"Recursos t\u00e9cnicos e historias de BioAnalyt\" \/>\n<meta property=\"og:description\" content=\"Recursos t\u00e9cnicos de BioAnalyt que incluyen manuales de iCheck, PNT, v\u00eddeos, documentos t\u00e9cnicos, eventos, servicios e historias de clientes.\" \/>\n<meta property=\"og:url\" content=\"https:\/\/www.bioanalyt.com\/es\/recursos\/\" \/>\n<meta property=\"og:site_name\" content=\"Bioanalyt\" \/>\n<meta property=\"article:modified_time\" content=\"2026-03-24T07:07:25+00:00\" \/>\n<meta property=\"og:image\" content=\"https:\/\/www.bioanalyt.com\/wp-content\/uploads\/2026\/01\/resources-technical-materials-1.webp\" \/>\n<meta name=\"twitter:card\" content=\"summary_large_image\" \/>\n<meta name=\"twitter:label1\" content=\"Tiempo de lectura\" \/>\n\t<meta name=\"twitter:data1\" content=\"1 minuto\" \/>\n<script type=\"application\/ld+json\" class=\"yoast-schema-graph\">{\"@context\":\"https:\/\/schema.org\",\"@graph\":[{\"@type\":\"WebPage\",\"@id\":\"https:\/\/www.bioanalyt.com\/es\/recursos\/\",\"url\":\"https:\/\/www.bioanalyt.com\/es\/recursos\/\",\"name\":\"Recursos t\u00e9cnicos e historias de BioAnalyt\",\"isPartOf\":{\"@id\":\"https:\/\/www.bioanalyt.com\/#website\"},\"primaryImageOfPage\":{\"@id\":\"https:\/\/www.bioanalyt.com\/es\/recursos\/#primaryimage\"},\"image\":{\"@id\":\"https:\/\/www.bioanalyt.com\/es\/recursos\/#primaryimage\"},\"thumbnailUrl\":\"https:\/\/www.bioanalyt.com\/wp-content\/uploads\/2026\/01\/resources-technical-materials-1.webp\",\"datePublished\":\"2026-01-23T06:46:03+00:00\",\"dateModified\":\"2026-03-24T07:07:25+00:00\",\"description\":\"Recursos t\u00e9cnicos de BioAnalyt que incluyen manuales de iCheck, PNT, v\u00eddeos, documentos t\u00e9cnicos, eventos, servicios e historias de clientes.\",\"breadcrumb\":{\"@id\":\"https:\/\/www.bioanalyt.com\/es\/recursos\/#breadcrumb\"},\"inLanguage\":\"es\",\"potentialAction\":[{\"@type\":\"ReadAction\",\"target\":[\"https:\/\/www.bioanalyt.com\/es\/recursos\/\"]}]},{\"@type\":\"ImageObject\",\"inLanguage\":\"es\",\"@id\":\"https:\/\/www.bioanalyt.com\/es\/recursos\/#primaryimage\",\"url\":\"https:\/\/www.bioanalyt.com\/wp-content\/uploads\/2026\/01\/resources-technical-materials-1.webp\",\"contentUrl\":\"https:\/\/www.bioanalyt.com\/wp-content\/uploads\/2026\/01\/resources-technical-materials-1.webp\"},{\"@type\":\"BreadcrumbList\",\"@id\":\"https:\/\/www.bioanalyt.com\/es\/recursos\/#breadcrumb\",\"itemListElement\":[{\"@type\":\"ListItem\",\"position\":1,\"name\":\"Home\",\"item\":\"https:\/\/www.bioanalyt.com\/es\/inicio\/\"},{\"@type\":\"ListItem\",\"position\":2,\"name\":\"Recursos\"}]},{\"@type\":\"WebSite\",\"@id\":\"https:\/\/www.bioanalyt.com\/#website\",\"url\":\"https:\/\/www.bioanalyt.com\/\",\"name\":\"Bioanalyt\",\"description\":\"Measure for life\",\"publisher\":{\"@id\":\"https:\/\/www.bioanalyt.com\/#organization\"},\"potentialAction\":[{\"@type\":\"SearchAction\",\"target\":{\"@type\":\"EntryPoint\",\"urlTemplate\":\"https:\/\/www.bioanalyt.com\/?s={search_term_string}\"},\"query-input\":{\"@type\":\"PropertyValueSpecification\",\"valueRequired\":true,\"valueName\":\"search_term_string\"}}],\"inLanguage\":\"es\"},{\"@type\":\"Organization\",\"@id\":\"https:\/\/www.bioanalyt.com\/#organization\",\"name\":\"Bioanalyt\",\"url\":\"https:\/\/www.bioanalyt.com\/\",\"logo\":{\"@type\":\"ImageObject\",\"inLanguage\":\"es\",\"@id\":\"https:\/\/www.bioanalyt.com\/#\/schema\/logo\/image\/\",\"url\":\"https:\/\/www.bioanalyt.com\/wp-content\/uploads\/2024\/09\/Logo-Horizontal.svg\",\"contentUrl\":\"https:\/\/www.bioanalyt.com\/wp-content\/uploads\/2024\/09\/Logo-Horizontal.svg\",\"width\":112,\"height\":64,\"caption\":\"Bioanalyt\"},\"image\":{\"@id\":\"https:\/\/www.bioanalyt.com\/#\/schema\/logo\/image\/\"},\"sameAs\":[\"https:\/\/www.linkedin.com\/company\/bioanalyt\/\",\"https:\/\/www.youtube.com\/user\/BioAnalyt\"]}]}<\/script>\n<!-- \/ Yoast SEO plugin. -->","yoast_head_json":{"title":"Recursos t\u00e9cnicos e historias de BioAnalyt","description":"Recursos t\u00e9cnicos de BioAnalyt que incluyen manuales de iCheck, PNT, v\u00eddeos, documentos t\u00e9cnicos, eventos, servicios e historias de clientes.","robots":{"index":"index","follow":"follow","max-snippet":"max-snippet:-1","max-image-preview":"max-image-preview:large","max-video-preview":"max-video-preview:-1"},"canonical":"https:\/\/www.bioanalyt.com\/es\/recursos\/","og_locale":"es_ES","og_type":"article","og_title":"Recursos t\u00e9cnicos e historias de BioAnalyt","og_description":"Recursos t\u00e9cnicos de BioAnalyt que incluyen manuales de iCheck, PNT, v\u00eddeos, documentos t\u00e9cnicos, eventos, servicios e historias de clientes.","og_url":"https:\/\/www.bioanalyt.com\/es\/recursos\/","og_site_name":"Bioanalyt","article_modified_time":"2026-03-24T07:07:25+00:00","og_image":[{"url":"https:\/\/www.bioanalyt.com\/wp-content\/uploads\/2026\/01\/resources-technical-materials-1.webp","type":"","width":"","height":""}],"twitter_card":"summary_large_image","twitter_misc":{"Tiempo de lectura":"1 minuto"},"schema":{"@context":"https:\/\/schema.org","@graph":[{"@type":"WebPage","@id":"https:\/\/www.bioanalyt.com\/es\/recursos\/","url":"https:\/\/www.bioanalyt.com\/es\/recursos\/","name":"Recursos t\u00e9cnicos e historias de BioAnalyt","isPartOf":{"@id":"https:\/\/www.bioanalyt.com\/#website"},"primaryImageOfPage":{"@id":"https:\/\/www.bioanalyt.com\/es\/recursos\/#primaryimage"},"image":{"@id":"https:\/\/www.bioanalyt.com\/es\/recursos\/#primaryimage"},"thumbnailUrl":"https:\/\/www.bioanalyt.com\/wp-content\/uploads\/2026\/01\/resources-technical-materials-1.webp","datePublished":"2026-01-23T06:46:03+00:00","dateModified":"2026-03-24T07:07:25+00:00","description":"Recursos t\u00e9cnicos de BioAnalyt que incluyen manuales de iCheck, PNT, v\u00eddeos, documentos t\u00e9cnicos, eventos, servicios e historias de clientes.","breadcrumb":{"@id":"https:\/\/www.bioanalyt.com\/es\/recursos\/#breadcrumb"},"inLanguage":"es","potentialAction":[{"@type":"ReadAction","target":["https:\/\/www.bioanalyt.com\/es\/recursos\/"]}]},{"@type":"ImageObject","inLanguage":"es","@id":"https:\/\/www.bioanalyt.com\/es\/recursos\/#primaryimage","url":"https:\/\/www.bioanalyt.com\/wp-content\/uploads\/2026\/01\/resources-technical-materials-1.webp","contentUrl":"https:\/\/www.bioanalyt.com\/wp-content\/uploads\/2026\/01\/resources-technical-materials-1.webp"},{"@type":"BreadcrumbList","@id":"https:\/\/www.bioanalyt.com\/es\/recursos\/#breadcrumb","itemListElement":[{"@type":"ListItem","position":1,"name":"Home","item":"https:\/\/www.bioanalyt.com\/es\/inicio\/"},{"@type":"ListItem","position":2,"name":"Recursos"}]},{"@type":"WebSite","@id":"https:\/\/www.bioanalyt.com\/#website","url":"https:\/\/www.bioanalyt.com\/","name":"Bioanalyt","description":"Measure for life","publisher":{"@id":"https:\/\/www.bioanalyt.com\/#organization"},"potentialAction":[{"@type":"SearchAction","target":{"@type":"EntryPoint","urlTemplate":"https:\/\/www.bioanalyt.com\/?s={search_term_string}"},"query-input":{"@type":"PropertyValueSpecification","valueRequired":true,"valueName":"search_term_string"}}],"inLanguage":"es"},{"@type":"Organization","@id":"https:\/\/www.bioanalyt.com\/#organization","name":"Bioanalyt","url":"https:\/\/www.bioanalyt.com\/","logo":{"@type":"ImageObject","inLanguage":"es","@id":"https:\/\/www.bioanalyt.com\/#\/schema\/logo\/image\/","url":"https:\/\/www.bioanalyt.com\/wp-content\/uploads\/2024\/09\/Logo-Horizontal.svg","contentUrl":"https:\/\/www.bioanalyt.com\/wp-content\/uploads\/2024\/09\/Logo-Horizontal.svg","width":112,"height":64,"caption":"Bioanalyt"},"image":{"@id":"https:\/\/www.bioanalyt.com\/#\/schema\/logo\/image\/"},"sameAs":["https:\/\/www.linkedin.com\/company\/bioanalyt\/","https:\/\/www.youtube.com\/user\/BioAnalyt"]}]}},"_links":{"self":[{"href":"https:\/\/www.bioanalyt.com\/es\/wp-json\/wp\/v2\/pages\/24218","targetHints":{"allow":["GET"]}}],"collection":[{"href":"https:\/\/www.bioanalyt.com\/es\/wp-json\/wp\/v2\/pages"}],"about":[{"href":"https:\/\/www.bioanalyt.com\/es\/wp-json\/wp\/v2\/types\/page"}],"author":[{"embeddable":true,"href":"https:\/\/www.bioanalyt.com\/es\/wp-json\/wp\/v2\/users\/1"}],"replies":[{"embeddable":true,"href":"https:\/\/www.bioanalyt.com\/es\/wp-json\/wp\/v2\/comments?post=24218"}],"version-history":[{"count":2,"href":"https:\/\/www.bioanalyt.com\/es\/wp-json\/wp\/v2\/pages\/24218\/revisions"}],"predecessor-version":[{"id":24551,"href":"https:\/\/www.bioanalyt.com\/es\/wp-json\/wp\/v2\/pages\/24218\/revisions\/24551"}],"wp:attachment":[{"href":"https:\/\/www.bioanalyt.com\/es\/wp-json\/wp\/v2\/media?parent=24218"}],"curies":[{"name":"wp","href":"https:\/\/api.w.org\/{rel}","templated":true}]}}